{"id":38922,"date":"2023-12-22T22:26:07","date_gmt":"2023-12-22T22:26:07","guid":{"rendered":"https:\/\/e.kosmolat.eu\/product\/quack-quack-mitrinoss-pienins-berniem-3-200-ml\/"},"modified":"2025-08-29T09:42:48","modified_gmt":"2025-08-29T09:42:48","slug":"quack-quack-mitrinoss-pienins-berniem-3-200-ml","status":"publish","type":"product","link":"https:\/\/e.kosmolat.eu\/lt\/produktas\/quack-quack-mitrinoss-pienins-berniem-3-200-ml\/","title":{"rendered":"MELLOR &#038; RUSSELL QUACK QUACK Dr\u0117kinamasis pienelis vaikams su D-pantenoliu ir migdol\u0173 aliejumi, 200"},"content":{"rendered":"<p>Dr\u0117kinamasis pienelis QUACK QUACK vaikams su D-pantenoliu, migdol\u0173 aliejumi. Mink\u0161tina gle\u017en\u0105 k\u016bdikio od\u0105. Lengvai susigeria nepalikdamas riebi\u0173 \u017eymi\u0173. Dermatologi\u0161kai patikrintas. D-pantenolis veikia kaip ilgalaikis odos dr\u0117kiklis.<br \/>\nMigdol\u0173 aliejus &ndash; saugo od\u0105 nuo i\u0161saus\u0117jimo.<br \/>\nTinka kasdieniam naudojimui. Be silikon\u0173. Netinka vaikams iki 3 met\u0173 am\u017eiaus.<br \/>\nNaudojimas: tepkite ant nuvalytos odos. Lengvais sukamaisiais judesiais \u0161velniai \u012fmasa\u017euokite \u012f od\u0105, kol visi\u0161kai \u012fsigers.<br \/>\n&nbsp;<\/p>\n","protected":false},"excerpt":{"rendered":"<p>Dr\u0117kinamasis pienelis QUACK QUACK vaikams su D-pantenoliu, migdol\u0173 aliejumi. Mink\u0161tina gle\u017en\u0105 k\u016bdikio od\u0105. Lengvai susigeria nepalikdamas riebi\u0173 \u017eymi\u0173. Dermatologi\u0161kai patikrintas. D-pantenolis veikia kaip ilgalaikis odos dr\u0117kiklis. Migdol\u0173 aliejus &ndash; saugo od\u0105 nuo i\u0161saus\u0117jimo. Tinka kasdieniam naudojimui. Be silikon\u0173. Netinka vaikams iki 3 met\u0173 am\u017eiaus. Naudojimas: tepkite ant nuvalytos odos. Lengvais sukamaisiais judesiais \u0161velniai \u012fmasa\u017euokite \u012f [&#8230;]\n","protected":false},"featured_media":14629,"template":"","meta":[],"product_cat":[1363],"product_tag":[],"class_list":{"0":"post-38922","1":"product","2":"type-product","3":"status-publish","4":"has-post-thumbnail","6":"product_brand-rubella-bg-lt","7":"product_cat-kuno-prieziuros-kosmetika","9":"first","10":"outofstock","11":"taxable","12":"shipping-taxable","13":"product-type-simple"},"_links":{"self":[{"href":"https:\/\/e.kosmolat.eu\/lt\/wp-json\/wp\/v2\/product\/38922","targetHints":{"allow":["GET"]}}],"collection":[{"href":"https:\/\/e.kosmolat.eu\/lt\/wp-json\/wp\/v2\/product"}],"about":[{"href":"https:\/\/e.kosmolat.eu\/lt\/wp-json\/wp\/v2\/types\/product"}],"wp:featuredmedia":[{"embeddable":true,"href":"https:\/\/e.kosmolat.eu\/lt\/wp-json\/wp\/v2\/media\/14629"}],"wp:attachment":[{"href":"https:\/\/e.kosmolat.eu\/lt\/wp-json\/wp\/v2\/media?parent=38922"}],"wp:term":[{"taxonomy":"product_cat","embeddable":true,"href":"https:\/\/e.kosmolat.eu\/lt\/wp-json\/wp\/v2\/product_cat?post=38922"},{"taxonomy":"product_tag","embeddable":true,"href":"https:\/\/e.kosmolat.eu\/lt\/wp-json\/wp\/v2\/product_tag?post=38922"}],"curies":[{"name":"wp","href":"https:\/\/api.w.org\/{rel}","templated":true}]}}