{"id":38918,"date":"2023-12-22T22:25:46","date_gmt":"2023-12-22T22:25:46","guid":{"rendered":"https:\/\/e.kosmolat.eu\/product\/quack-quack-krems-mazuliem-autinbiksisu-raditu-izsitumu-kopsanai-50-ml\/"},"modified":"2025-07-07T11:52:27","modified_gmt":"2025-07-07T11:52:27","slug":"quack-quack-krems-mazuliem-autinbiksisu-raditu-izsitumu-kopsanai-50-ml","status":"publish","type":"product","link":"https:\/\/e.kosmolat.eu\/lt\/produktas\/quack-quack-krems-mazuliem-autinbiksisu-raditu-izsitumu-kopsanai-50-ml\/","title":{"rendered":"MELLOR &#038; RUSSELL QUACK QUACK Krmas vaikams nuo i\u0161\u0161utim\u0173, paraudim\u0173, b\u0117rim\u0173, pleiskanojimo, 50 ml"},"content":{"rendered":"<p>Kremas vaikams nuo odos i\u0161\u0161utim\u0173, paraudim\u0173, b\u0117rim\u0173, pleiskanojimo. Dermatologi\u0161kai patikrinta hipoalergin\u0117 formul\u0117. Sud\u0117tyje yra cinko oksido, bi\u010di\u0173 va\u0161ko, soj\u0173 aliejaus ir vitamino E, kad b\u016bt\u0173 i\u0161vengta odos i\u0161b\u0117rim\u0173. Suteikia dr\u0117gm\u0117s ir dr\u0117kinim\u0105. Cinko oksidas &ndash; stangrina od\u0105 ir apsaugo nuo b\u0117rimo pasikartojimo.<br \/>\nBi\u010di\u0173 va\u0161kas &ndash; u\u017etikrina patikim\u0105 odos apsaug\u0105.<br \/>\nSoj\u0173 aliejus &ndash; stiprina apsaugin\u012f odos barjer\u0105.<br \/>\nVitaminas E &ndash; i\u0161laiko od\u0105 sveik\u0105, \u0161velni\u0105 ir elasting\u0105.<br \/>\nNaudojimas: Tepkite ant \u0161varios ir sausos odos kei\u010diant sauskelnes. Pa\u017eeist\u0105 viet\u0105 u\u017etepkite plonu kremo sluoksniu. Tik i\u0161oriniam naudojimui. Vengti patekimo \u012f akis. Tinka naudoti kasdien.<br \/>\n&nbsp;<\/p>\n","protected":false},"excerpt":{"rendered":"<p>Kremas vaikams nuo odos i\u0161\u0161utim\u0173, paraudim\u0173, b\u0117rim\u0173, pleiskanojimo. Dermatologi\u0161kai patikrinta hipoalergin\u0117 formul\u0117. Sud\u0117tyje yra cinko oksido, bi\u010di\u0173 va\u0161ko, soj\u0173 aliejaus ir vitamino E, kad b\u016bt\u0173 i\u0161vengta odos i\u0161b\u0117rim\u0173. Suteikia dr\u0117gm\u0117s ir dr\u0117kinim\u0105. Cinko oksidas &ndash; stangrina od\u0105 ir apsaugo nuo b\u0117rimo pasikartojimo. Bi\u010di\u0173 va\u0161kas &ndash; u\u017etikrina patikim\u0105 odos apsaug\u0105. Soj\u0173 aliejus &ndash; stiprina apsaugin\u012f odos [&#8230;]\n","protected":false},"featured_media":14621,"template":"","meta":[],"product_cat":[2181],"product_tag":[],"class_list":{"0":"post-38918","1":"product","2":"type-product","3":"status-publish","4":"has-post-thumbnail","6":"product_brand-rubella-bg-lt","7":"product_cat-bez-kategorijas-lt","9":"first","10":"outofstock","11":"taxable","12":"shipping-taxable","13":"product-type-simple"},"_links":{"self":[{"href":"https:\/\/e.kosmolat.eu\/lt\/wp-json\/wp\/v2\/product\/38918","targetHints":{"allow":["GET"]}}],"collection":[{"href":"https:\/\/e.kosmolat.eu\/lt\/wp-json\/wp\/v2\/product"}],"about":[{"href":"https:\/\/e.kosmolat.eu\/lt\/wp-json\/wp\/v2\/types\/product"}],"wp:featuredmedia":[{"embeddable":true,"href":"https:\/\/e.kosmolat.eu\/lt\/wp-json\/wp\/v2\/media\/14621"}],"wp:attachment":[{"href":"https:\/\/e.kosmolat.eu\/lt\/wp-json\/wp\/v2\/media?parent=38918"}],"wp:term":[{"taxonomy":"product_cat","embeddable":true,"href":"https:\/\/e.kosmolat.eu\/lt\/wp-json\/wp\/v2\/product_cat?post=38918"},{"taxonomy":"product_tag","embeddable":true,"href":"https:\/\/e.kosmolat.eu\/lt\/wp-json\/wp\/v2\/product_tag?post=38918"}],"curies":[{"name":"wp","href":"https:\/\/api.w.org\/{rel}","templated":true}]}}