{"id":38898,"date":"2023-12-22T22:23:38","date_gmt":"2023-12-22T22:23:38","guid":{"rendered":"https:\/\/e.kosmolat.eu\/product\/deba-dabigs-savelkoss-sejas-kontura-un-kakla-krems-50-ml\/"},"modified":"2024-12-03T13:05:08","modified_gmt":"2024-12-03T13:05:08","slug":"deba-dabigs-savelkoss-sejas-kontura-un-kakla-krems-50-ml","status":"publish","type":"product","link":"https:\/\/e.kosmolat.eu\/lt\/produktas\/deba-dabigs-savelkoss-sejas-kontura-un-kakla-krems-50-ml\/","title":{"rendered":"DeBa Nat\u016bralus stangrinantis veido, kont\u016bro ir kaklo kremas, 50 ml"},"content":{"rendered":"<p>RUBELLA DeBa nat\u016bralus stangrinantis veido, kont\u016bro ir kaklo kremas<br \/>\nTinka normaliai ir sausai odai<br \/>\nKokos\u0173 aliejus &ndash; dr\u0117kina ir mink\u0161tina saus\u0105 od\u0105.<br \/>\nHialurono r\u016bg\u0161tis &ndash; i\u0161laiko dr\u0117gm\u0119 odoje, palaikydama optimal\u0173 dr\u0117gm\u0117s balans\u0105.<br \/>\nSepilift DPHP &ndash; stimuliuoja kolageno sintez\u0119, didina jo elastingum\u0105.<\/p>\n<p>Naudojimo instrukcija: U\u017etepkite nedidel\u012f kiek\u012f priemon\u0117s ant veido ir \u0161velniai masa\u017euokite, kol visi\u0161kai \u012fsigers.<\/p>\n<p>100% nat\u016bralios kilm\u0117s ingredient\u0173<br \/>\nTinka veganams<br \/>\nbe GMO<br \/>\nPirmin\u0117 neplastikin\u0117 pakuot\u0117<br \/>\nNebandyta su gyv\u016bnais<br \/>\n&nbsp;<\/p>\n","protected":false},"excerpt":{"rendered":"<p>RUBELLA DeBa nat\u016bralus stangrinantis veido, kont\u016bro ir kaklo kremas Tinka normaliai ir sausai odai Kokos\u0173 aliejus &ndash; dr\u0117kina ir mink\u0161tina saus\u0105 od\u0105. Hialurono r\u016bg\u0161tis &ndash; i\u0161laiko dr\u0117gm\u0119 odoje, palaikydama optimal\u0173 dr\u0117gm\u0117s balans\u0105. Sepilift DPHP &ndash; stimuliuoja kolageno sintez\u0119, didina jo elastingum\u0105. Naudojimo instrukcija: U\u017etepkite nedidel\u012f kiek\u012f priemon\u0117s ant veido ir \u0161velniai masa\u017euokite, kol visi\u0161kai \u012fsigers. [&#8230;]\n","protected":false},"featured_media":41902,"template":"","meta":[],"product_cat":[1322],"product_tag":[],"class_list":{"0":"post-38898","1":"product","2":"type-product","3":"status-publish","4":"has-post-thumbnail","6":"product_brand-rubella-inopharm-dental-deba-mistergroomer-topten-quackquack-lt","7":"product_cat-veido-kremai","9":"first","10":"outofstock","11":"taxable","12":"shipping-taxable","13":"product-type-simple"},"_links":{"self":[{"href":"https:\/\/e.kosmolat.eu\/lt\/wp-json\/wp\/v2\/product\/38898","targetHints":{"allow":["GET"]}}],"collection":[{"href":"https:\/\/e.kosmolat.eu\/lt\/wp-json\/wp\/v2\/product"}],"about":[{"href":"https:\/\/e.kosmolat.eu\/lt\/wp-json\/wp\/v2\/types\/product"}],"wp:featuredmedia":[{"embeddable":true,"href":"https:\/\/e.kosmolat.eu\/lt\/wp-json\/wp\/v2\/media\/41902"}],"wp:attachment":[{"href":"https:\/\/e.kosmolat.eu\/lt\/wp-json\/wp\/v2\/media?parent=38898"}],"wp:term":[{"taxonomy":"product_cat","embeddable":true,"href":"https:\/\/e.kosmolat.eu\/lt\/wp-json\/wp\/v2\/product_cat?post=38898"},{"taxonomy":"product_tag","embeddable":true,"href":"https:\/\/e.kosmolat.eu\/lt\/wp-json\/wp\/v2\/product_tag?post=38898"}],"curies":[{"name":"wp","href":"https:\/\/api.w.org\/{rel}","templated":true}]}}