{"id":38894,"date":"2023-12-22T22:23:14","date_gmt":"2023-12-22T22:23:14","guid":{"rendered":"https:\/\/e.kosmolat.eu\/product\/deba-dabigs-sejas-krems-ar-alveju-un-vinogu-kaulinu-ellu-50-ml\/"},"modified":"2024-12-03T13:04:56","modified_gmt":"2024-12-03T13:04:56","slug":"deba-dabigs-sejas-krems-ar-alveju-un-vinogu-kaulinu-ellu-50-ml","status":"publish","type":"product","link":"https:\/\/e.kosmolat.eu\/lt\/produktas\/deba-dabigs-sejas-krems-ar-alveju-un-vinogu-kaulinu-ellu-50-ml\/","title":{"rendered":"DeBa Nat\u016bralus veido kremas , 50 ml"},"content":{"rendered":"<p>RUBELLA DeBa Nat\u016bralus veido kremas su alavijais ir vynuogi\u0173 kauliuk\u0173 aliejumi<\/p>\n<p>Tinka visiems odos tipams<br \/>\nAlavij\u0173 ekstraktas &ndash; giliai dr\u0117kina ir daro od\u0105 \u0161velni\u0105.<br \/>\nVynuogi\u0173 kauliuk\u0173 aliejus &ndash; intensyviai maitina od\u0105 ir suteikia jai gaivos.<br \/>\nTinka veganams.<\/p>\n<p>Naudojimo instrukcija: U\u017etepkite nedidel\u012f kiek\u012f priemon\u0117s ant veido ir \u0161velniai masa\u017euokite, kol visi\u0161kai \u012fsigers.<\/p>\n<p>100% nat\u016bralios kilm\u0117s ingredient\u0173<br \/>\nTinka veganams<br \/>\nbe GMO<br \/>\nPirmin\u0117 neplastikin\u0117 pakuot\u0117<br \/>\nNebandyta su gyv\u016bnais<br \/>\n&nbsp;<\/p>\n","protected":false},"excerpt":{"rendered":"<p>RUBELLA DeBa Nat\u016bralus veido kremas su alavijais ir vynuogi\u0173 kauliuk\u0173 aliejumi Tinka visiems odos tipams Alavij\u0173 ekstraktas &ndash; giliai dr\u0117kina ir daro od\u0105 \u0161velni\u0105. Vynuogi\u0173 kauliuk\u0173 aliejus &ndash; intensyviai maitina od\u0105 ir suteikia jai gaivos. Tinka veganams. Naudojimo instrukcija: U\u017etepkite nedidel\u012f kiek\u012f priemon\u0117s ant veido ir \u0161velniai masa\u017euokite, kol visi\u0161kai \u012fsigers. 100% nat\u016bralios kilm\u0117s ingredient\u0173 [&#8230;]\n","protected":false},"featured_media":14577,"template":"","meta":[],"product_cat":[1322],"product_tag":[],"class_list":{"0":"post-38894","1":"product","2":"type-product","3":"status-publish","4":"has-post-thumbnail","6":"product_brand-rubella-inopharm-dental-deba-mistergroomer-topten-quackquack-lt","7":"product_cat-veido-kremai","9":"first","10":"outofstock","11":"taxable","12":"shipping-taxable","13":"product-type-simple"},"_links":{"self":[{"href":"https:\/\/e.kosmolat.eu\/lt\/wp-json\/wp\/v2\/product\/38894","targetHints":{"allow":["GET"]}}],"collection":[{"href":"https:\/\/e.kosmolat.eu\/lt\/wp-json\/wp\/v2\/product"}],"about":[{"href":"https:\/\/e.kosmolat.eu\/lt\/wp-json\/wp\/v2\/types\/product"}],"wp:featuredmedia":[{"embeddable":true,"href":"https:\/\/e.kosmolat.eu\/lt\/wp-json\/wp\/v2\/media\/14577"}],"wp:attachment":[{"href":"https:\/\/e.kosmolat.eu\/lt\/wp-json\/wp\/v2\/media?parent=38894"}],"wp:term":[{"taxonomy":"product_cat","embeddable":true,"href":"https:\/\/e.kosmolat.eu\/lt\/wp-json\/wp\/v2\/product_cat?post=38894"},{"taxonomy":"product_tag","embeddable":true,"href":"https:\/\/e.kosmolat.eu\/lt\/wp-json\/wp\/v2\/product_tag?post=38894"}],"curies":[{"name":"wp","href":"https:\/\/api.w.org\/{rel}","templated":true}]}}