{"id":38878,"date":"2023-12-22T22:21:41","date_gmt":"2023-12-22T22:21:41","guid":{"rendered":"https:\/\/e.kosmolat.eu\/product\/quack-quack-sampuns-matiem-ar-kumelitem-liepziediem-d-pantenolu-3-200-ml\/"},"modified":"2026-04-01T08:45:50","modified_gmt":"2026-04-01T08:45:50","slug":"quack-quack-sampuns-matiem-ar-kumelitem-liepziediem-d-pantenolu-3-200-ml","status":"publish","type":"product","link":"https:\/\/e.kosmolat.eu\/lt\/produktas\/quack-quack-sampuns-matiem-ar-kumelitem-liepziediem-d-pantenolu-3-200-ml\/","title":{"rendered":"MELLOR &#038; RUSSELL QUACK QUACK \u0160amp\u016bnas plaukams su ramun\u0117l\u0117mis, liep\u017eied\u017eiais ir D-pantenoliu, 200 ml"},"content":{"rendered":"<p>QUACK QUACK &Scaron;amp\u016bnas su ramun\u0117l\u0117mis ir liep\u017eied\u017eiais, praturtintas D-pantenoliu. Rezultatas &ndash; \u0161var\u016bs ir \u0161veln\u016bs plaukai su maloniu medetk\u0173 aromatu. Dermatologi\u0161kai patikrintas.<br \/>\nRamun\u0117l\u0117s &ndash; antiseptin\u0117s savyb\u0117s.<br \/>\nLiepa &ndash; mink\u0161tina ir dr\u0117kina plaukus.<br \/>\nTinka kasdieniam naudojimui. Sud\u0117tyje n\u0117ra silikon\u0173 ir mineralini\u0173 aliej\u0173. Netinka vaikams iki 3 met\u0173 am\u017eiaus.<br \/>\nNaudojimas: tepkite ant dr\u0117gn\u0173 plauk\u0173, trinkite, kol susidarys putos, tada kruop\u0161\u010diai nuplaukite vandeniu.<br \/>\n&nbsp;<\/p>\n","protected":false},"excerpt":{"rendered":"<p>QUACK QUACK &Scaron;amp\u016bnas su ramun\u0117l\u0117mis ir liep\u017eied\u017eiais, praturtintas D-pantenoliu. Rezultatas &ndash; \u0161var\u016bs ir \u0161veln\u016bs plaukai su maloniu medetk\u0173 aromatu. Dermatologi\u0161kai patikrintas. Ramun\u0117l\u0117s &ndash; antiseptin\u0117s savyb\u0117s. Liepa &ndash; mink\u0161tina ir dr\u0117kina plaukus. Tinka kasdieniam naudojimui. Sud\u0117tyje n\u0117ra silikon\u0173 ir mineralini\u0173 aliej\u0173. Netinka vaikams iki 3 met\u0173 am\u017eiaus. Naudojimas: tepkite ant dr\u0117gn\u0173 plauk\u0173, trinkite, kol susidarys putos, [&#8230;]\n","protected":false},"featured_media":98988,"template":"","meta":[],"product_cat":[2181],"product_tag":[],"class_list":{"0":"post-38878","1":"product","2":"type-product","3":"status-publish","4":"has-post-thumbnail","6":"product_brand-rubella-bg-lt","7":"product_cat-bez-kategorijas-lt","9":"first","10":"instock","11":"taxable","12":"shipping-taxable","13":"product-type-simple"},"_links":{"self":[{"href":"https:\/\/e.kosmolat.eu\/lt\/wp-json\/wp\/v2\/product\/38878","targetHints":{"allow":["GET"]}}],"collection":[{"href":"https:\/\/e.kosmolat.eu\/lt\/wp-json\/wp\/v2\/product"}],"about":[{"href":"https:\/\/e.kosmolat.eu\/lt\/wp-json\/wp\/v2\/types\/product"}],"wp:featuredmedia":[{"embeddable":true,"href":"https:\/\/e.kosmolat.eu\/lt\/wp-json\/wp\/v2\/media\/98988"}],"wp:attachment":[{"href":"https:\/\/e.kosmolat.eu\/lt\/wp-json\/wp\/v2\/media?parent=38878"}],"wp:term":[{"taxonomy":"product_cat","embeddable":true,"href":"https:\/\/e.kosmolat.eu\/lt\/wp-json\/wp\/v2\/product_cat?post=38878"},{"taxonomy":"product_tag","embeddable":true,"href":"https:\/\/e.kosmolat.eu\/lt\/wp-json\/wp\/v2\/product_tag?post=38878"}],"curies":[{"name":"wp","href":"https:\/\/api.w.org\/{rel}","templated":true}]}}