{"id":38874,"date":"2023-12-22T22:21:15","date_gmt":"2023-12-22T22:21:15","guid":{"rendered":"https:\/\/e.kosmolat.eu\/product\/quack-quack-sampuns-matiem-ar-vitaminu-f-3-200-ml\/"},"modified":"2026-04-23T11:48:10","modified_gmt":"2026-04-23T11:48:10","slug":"quack-quack-sampuns-matiem-ar-vitaminu-f-3-200-ml","status":"publish","type":"product","link":"https:\/\/e.kosmolat.eu\/lt\/produktas\/quack-quack-sampuns-matiem-ar-vitaminu-f-3-200-ml\/","title":{"rendered":"MELLOR &#038; RUSSELL QUACK QUACK \u0160amp\u016bnas plaukams su vitamin F, 200 ml"},"content":{"rendered":"<p>QUACK QUACK Plauk\u0173 \u0161amp\u016bnas su itaminu F. Rezultatas &ndash; \u0161var\u016bs ir \u0161veln\u016bs plaukai su maloniu kramtomosios gumos aromatu. Dermatologi\u0161kai patikrintas. Vitaminas F &ndash; stipresniems ir \u017evilgantiems plaukams.<br \/>\nTinka kasdieniam naudojimui. Sud\u0117tyje n\u0117ra silikon\u0173 ir mineralini\u0173 aliej\u0173. Netinka vaikams iki 3 met\u0173 am\u017eiaus.<br \/>\nNaudojimas: tepkite ant dr\u0117gn\u0173 plauk\u0173, trinkite, kol susidarys putos, tada kruop\u0161\u010diai nuplaukite vandeniu.<br \/>\n&nbsp;<\/p>\n","protected":false},"excerpt":{"rendered":"<p>QUACK QUACK Plauk\u0173 \u0161amp\u016bnas su itaminu F. Rezultatas &ndash; \u0161var\u016bs ir \u0161veln\u016bs plaukai su maloniu kramtomosios gumos aromatu. Dermatologi\u0161kai patikrintas. Vitaminas F &ndash; stipresniems ir \u017evilgantiems plaukams. Tinka kasdieniam naudojimui. Sud\u0117tyje n\u0117ra silikon\u0173 ir mineralini\u0173 aliej\u0173. Netinka vaikams iki 3 met\u0173 am\u017eiaus. Naudojimas: tepkite ant dr\u0117gn\u0173 plauk\u0173, trinkite, kol susidarys putos, tada kruop\u0161\u010diai nuplaukite vandeniu. [&#8230;]\n","protected":false},"featured_media":98992,"template":"","meta":[],"product_cat":[1793],"product_tag":[],"class_list":{"0":"post-38874","1":"product","2":"type-product","3":"status-publish","4":"has-post-thumbnail","6":"product_brand-rubella-bg-lt","7":"product_cat-plauku-prieziura-vaikams","9":"first","10":"instock","11":"taxable","12":"shipping-taxable","13":"product-type-simple"},"_links":{"self":[{"href":"https:\/\/e.kosmolat.eu\/lt\/wp-json\/wp\/v2\/product\/38874","targetHints":{"allow":["GET"]}}],"collection":[{"href":"https:\/\/e.kosmolat.eu\/lt\/wp-json\/wp\/v2\/product"}],"about":[{"href":"https:\/\/e.kosmolat.eu\/lt\/wp-json\/wp\/v2\/types\/product"}],"wp:featuredmedia":[{"embeddable":true,"href":"https:\/\/e.kosmolat.eu\/lt\/wp-json\/wp\/v2\/media\/98992"}],"wp:attachment":[{"href":"https:\/\/e.kosmolat.eu\/lt\/wp-json\/wp\/v2\/media?parent=38874"}],"wp:term":[{"taxonomy":"product_cat","embeddable":true,"href":"https:\/\/e.kosmolat.eu\/lt\/wp-json\/wp\/v2\/product_cat?post=38874"},{"taxonomy":"product_tag","embeddable":true,"href":"https:\/\/e.kosmolat.eu\/lt\/wp-json\/wp\/v2\/product_tag?post=38874"}],"curies":[{"name":"wp","href":"https:\/\/api.w.org\/{rel}","templated":true}]}}