{"id":38870,"date":"2023-12-22T22:20:45","date_gmt":"2023-12-22T22:20:45","guid":{"rendered":"https:\/\/e.kosmolat.eu\/product\/quack-quack-maigs-bernu-sampuns-matiem-un-kermenim-0-200-ml\/"},"modified":"2026-04-21T12:14:26","modified_gmt":"2026-04-21T12:14:26","slug":"quack-quack-maigs-bernu-sampuns-matiem-un-kermenim-0-200-ml","status":"publish","type":"product","link":"https:\/\/e.kosmolat.eu\/lt\/produktas\/quack-quack-maigs-bernu-sampuns-matiem-un-kermenim-0-200-ml\/","title":{"rendered":"MELLOR &#038; RUSSELL QUACK QUACK \u0160velnus vaiki\u0161kas \u0161amp\u016bnas plaukams ir k\u016bnui , 200 ml"},"content":{"rendered":"<p>&Scaron;velnus vaiki\u0161kas \u0161amp\u016bnas plaukams ir k\u016bnui. Dermatologi\u0161kai patikrinta hipoalergin\u0117 formul\u0117. Migdol\u0173 aliejus &ndash; saugo od\u0105 nuo i\u0161saus\u0117jimo.<br \/>\nRamun\u0117li\u0173 ekstraktas &ndash; turi prie\u0161u\u017edegimini\u0173 savybi\u0173.<br \/>\n&Scaron;velniai i\u0161plauna vaik\u0173 plaukus ir od\u0105. Tinka kasdieniam naudojimui.<br \/>\nNaudojimas: u\u017etepkite nedidel\u012f kiek\u012f ant dr\u0117gn\u0173 plauk\u0173 ir odos ir \u0161velniai masa\u017euokite. Kruop\u0161\u010diai nuplaukite vandeniu. Tik i\u0161oriniam naudojimui. Vengti patekimo \u012f akis.<br \/>\n&nbsp;<\/p>\n","protected":false},"excerpt":{"rendered":"<p>&Scaron;velnus vaiki\u0161kas \u0161amp\u016bnas plaukams ir k\u016bnui. Dermatologi\u0161kai patikrinta hipoalergin\u0117 formul\u0117. Migdol\u0173 aliejus &ndash; saugo od\u0105 nuo i\u0161saus\u0117jimo. Ramun\u0117li\u0173 ekstraktas &ndash; turi prie\u0161u\u017edegimini\u0173 savybi\u0173. &Scaron;velniai i\u0161plauna vaik\u0173 plaukus ir od\u0105. Tinka kasdieniam naudojimui. Naudojimas: u\u017etepkite nedidel\u012f kiek\u012f ant dr\u0117gn\u0173 plauk\u0173 ir odos ir \u0161velniai masa\u017euokite. Kruop\u0161\u010diai nuplaukite vandeniu. Tik i\u0161oriniam naudojimui. Vengti patekimo \u012f akis. &nbsp;<\/p>\n","protected":false},"featured_media":105348,"template":"","meta":[],"product_cat":[2181],"product_tag":[],"class_list":{"0":"post-38870","1":"product","2":"type-product","3":"status-publish","4":"has-post-thumbnail","6":"product_brand-rubella-bg-lt","7":"product_cat-bez-kategorijas-lt","9":"first","10":"instock","11":"taxable","12":"shipping-taxable","13":"product-type-simple"},"_links":{"self":[{"href":"https:\/\/e.kosmolat.eu\/lt\/wp-json\/wp\/v2\/product\/38870","targetHints":{"allow":["GET"]}}],"collection":[{"href":"https:\/\/e.kosmolat.eu\/lt\/wp-json\/wp\/v2\/product"}],"about":[{"href":"https:\/\/e.kosmolat.eu\/lt\/wp-json\/wp\/v2\/types\/product"}],"wp:featuredmedia":[{"embeddable":true,"href":"https:\/\/e.kosmolat.eu\/lt\/wp-json\/wp\/v2\/media\/105348"}],"wp:attachment":[{"href":"https:\/\/e.kosmolat.eu\/lt\/wp-json\/wp\/v2\/media?parent=38870"}],"wp:term":[{"taxonomy":"product_cat","embeddable":true,"href":"https:\/\/e.kosmolat.eu\/lt\/wp-json\/wp\/v2\/product_cat?post=38870"},{"taxonomy":"product_tag","embeddable":true,"href":"https:\/\/e.kosmolat.eu\/lt\/wp-json\/wp\/v2\/product_tag?post=38870"}],"curies":[{"name":"wp","href":"https:\/\/api.w.org\/{rel}","templated":true}]}}