{"id":38866,"date":"2023-12-22T22:20:14","date_gmt":"2023-12-22T22:20:14","guid":{"rendered":"https:\/\/e.kosmolat.eu\/product\/quack-quack-putojoss-vannas-piens-0-250-ml\/"},"modified":"2025-02-13T06:06:51","modified_gmt":"2025-02-13T06:06:51","slug":"quack-quack-putojoss-vannas-piens-0-250-ml","status":"publish","type":"product","link":"https:\/\/e.kosmolat.eu\/lt\/produktas\/quack-quack-putojoss-vannas-piens-0-250-ml\/","title":{"rendered":"MELLOR &#038; RUSSELL QUACK QUACK Baby Putojantis vonios pienelis , 250 ml"},"content":{"rendered":"<p>Putojantis vonios pienelis. Migdol\u0173 aliejus &ndash; saugo od\u0105 nuo i\u0161saus\u0117jimo.<br \/>\nKokos\u0173 aliejus &ndash; giliai dr\u0117kina od\u0105. Dermatologi\u0161kai patikrinta ir hipoalergin\u0117 formul\u0117. &Scaron;velniai valo k\u016bdikio od\u0105. Tinka kasdieniam naudojimui.<\/p>\n<p>Naudojimas: PRIE&Scaron; NAUDOJANT GERAI SUKRATYTI. Supilkite nedidel\u012f kiek\u012f put\u0173 \u012f deln\u0105 ir \u0161velniai masa\u017euokite ant dr\u0117gnos k\u016bdikio odos. Kruop\u0161\u010diai nuplaukite vandeniu. Tik i\u0161oriniam naudojimui. Vengti patekimo \u012f akis.<br \/>\n&nbsp;<\/p>\n","protected":false},"excerpt":{"rendered":"<p>Putojantis vonios pienelis. Migdol\u0173 aliejus &ndash; saugo od\u0105 nuo i\u0161saus\u0117jimo. Kokos\u0173 aliejus &ndash; giliai dr\u0117kina od\u0105. Dermatologi\u0161kai patikrinta ir hipoalergin\u0117 formul\u0117. &Scaron;velniai valo k\u016bdikio od\u0105. Tinka kasdieniam naudojimui. Naudojimas: PRIE&Scaron; NAUDOJANT GERAI SUKRATYTI. Supilkite nedidel\u012f kiek\u012f put\u0173 \u012f deln\u0105 ir \u0161velniai masa\u017euokite ant dr\u0117gnos k\u016bdikio odos. Kruop\u0161\u010diai nuplaukite vandeniu. Tik i\u0161oriniam naudojimui. Vengti patekimo \u012f [&#8230;]\n","protected":false},"featured_media":27345,"template":"","meta":[],"product_cat":[1799],"product_tag":[],"class_list":{"0":"post-38866","1":"product","2":"type-product","3":"status-publish","4":"has-post-thumbnail","6":"product_brand-rubella-inopharm-dental-deba-mistergroomer-topten-quackquack-lt","7":"product_cat-duso-geliai-muilas-vonios-putos","9":"first","10":"outofstock","11":"taxable","12":"shipping-taxable","13":"product-type-simple"},"_links":{"self":[{"href":"https:\/\/e.kosmolat.eu\/lt\/wp-json\/wp\/v2\/product\/38866","targetHints":{"allow":["GET"]}}],"collection":[{"href":"https:\/\/e.kosmolat.eu\/lt\/wp-json\/wp\/v2\/product"}],"about":[{"href":"https:\/\/e.kosmolat.eu\/lt\/wp-json\/wp\/v2\/types\/product"}],"wp:featuredmedia":[{"embeddable":true,"href":"https:\/\/e.kosmolat.eu\/lt\/wp-json\/wp\/v2\/media\/27345"}],"wp:attachment":[{"href":"https:\/\/e.kosmolat.eu\/lt\/wp-json\/wp\/v2\/media?parent=38866"}],"wp:term":[{"taxonomy":"product_cat","embeddable":true,"href":"https:\/\/e.kosmolat.eu\/lt\/wp-json\/wp\/v2\/product_cat?post=38866"},{"taxonomy":"product_tag","embeddable":true,"href":"https:\/\/e.kosmolat.eu\/lt\/wp-json\/wp\/v2\/product_tag?post=38866"}],"curies":[{"name":"wp","href":"https:\/\/api.w.org\/{rel}","templated":true}]}}