{"id":38859,"date":"2023-12-22T22:19:46","date_gmt":"2023-12-22T22:19:46","guid":{"rendered":"https:\/\/e.kosmolat.eu\/product\/mg-sampuns-matiem-bardai-un-usam-200-ml\/"},"modified":"2026-04-23T09:41:06","modified_gmt":"2026-04-23T09:41:06","slug":"mg-sampuns-matiem-bardai-un-usam-200-ml","status":"publish","type":"product","link":"https:\/\/e.kosmolat.eu\/lt\/produktas\/mg-sampuns-matiem-bardai-un-usam-200-ml\/","title":{"rendered":"MISTER GROOMER \u0160amp\u016bnas galvos plaukams, barzdai ir \u016bsams, 200 ml"},"content":{"rendered":"<p>&Scaron;amp\u016bnas galvos plaukams, barzdai ir \u016bsams. Tinka plauti galv\u0105, daro barzd\u0105 ir \u016bsus mink\u0161tus ir dr\u0117kina. Inovatyvi formul\u0117 su aktyvintos anglies kompleksu, m\u0117t\u0173 ir citrin\u0173 ekstraktu. Formul\u0117je n\u0117ra silikon\u0173. Tinka veganams. Tinka vis\u0173 tip\u0173 plaukams. Kasdieniniam naudojimui. Aktyvuota anglis pa\u0161alina ne\u0161varumus, sugeria riebal\u0173 pertekli\u0173. M\u0117t\u0173 ekstraktas &ndash; gaivina ir v\u0117sina. Citrin\u0173 ekstraktas &ndash; suteikia gaivumo ir grynumo poj\u016bt\u012f.<\/p>\n<p><strong>Naudojimas: <\/strong>Tepkite ant dr\u0117gn\u0173 plauk\u0173, barzdos ir \u016bs\u0173, masa\u017euokite ir kruop\u0161\u010diai i\u0161skalaukite vandeniu. Nor\u0117dami gauti optimal\u0173 rezultat\u0105, naudokite MISTER GROOMER barzdos ir \u016bs\u0173 aliej\u0173.<br \/>\n&nbsp;<\/p>\n","protected":false},"excerpt":{"rendered":"<p>&Scaron;amp\u016bnas galvos plaukams, barzdai ir \u016bsams. Tinka plauti galv\u0105, daro barzd\u0105 ir \u016bsus mink\u0161tus ir dr\u0117kina. Inovatyvi formul\u0117 su aktyvintos anglies kompleksu, m\u0117t\u0173 ir citrin\u0173 ekstraktu. Formul\u0117je n\u0117ra silikon\u0173. Tinka veganams. Tinka vis\u0173 tip\u0173 plaukams. Kasdieniniam naudojimui. Aktyvuota anglis pa\u0161alina ne\u0161varumus, sugeria riebal\u0173 pertekli\u0173. M\u0117t\u0173 ekstraktas &ndash; gaivina ir v\u0117sina. Citrin\u0173 ekstraktas &ndash; suteikia gaivumo [&#8230;]\n","protected":false},"featured_media":102773,"template":"","meta":[],"product_cat":[1251],"product_tag":[],"class_list":{"0":"post-38859","1":"product","2":"type-product","3":"status-publish","4":"has-post-thumbnail","6":"product_brand-rubella-bg-lt","7":"product_cat-sampunai","9":"first","10":"instock","11":"taxable","12":"shipping-taxable","13":"product-type-simple"},"_links":{"self":[{"href":"https:\/\/e.kosmolat.eu\/lt\/wp-json\/wp\/v2\/product\/38859","targetHints":{"allow":["GET"]}}],"collection":[{"href":"https:\/\/e.kosmolat.eu\/lt\/wp-json\/wp\/v2\/product"}],"about":[{"href":"https:\/\/e.kosmolat.eu\/lt\/wp-json\/wp\/v2\/types\/product"}],"wp:featuredmedia":[{"embeddable":true,"href":"https:\/\/e.kosmolat.eu\/lt\/wp-json\/wp\/v2\/media\/102773"}],"wp:attachment":[{"href":"https:\/\/e.kosmolat.eu\/lt\/wp-json\/wp\/v2\/media?parent=38859"}],"wp:term":[{"taxonomy":"product_cat","embeddable":true,"href":"https:\/\/e.kosmolat.eu\/lt\/wp-json\/wp\/v2\/product_cat?post=38859"},{"taxonomy":"product_tag","embeddable":true,"href":"https:\/\/e.kosmolat.eu\/lt\/wp-json\/wp\/v2\/product_tag?post=38859"}],"curies":[{"name":"wp","href":"https:\/\/api.w.org\/{rel}","templated":true}]}}