{"id":38778,"date":"2023-12-22T22:11:43","date_gmt":"2023-12-22T22:11:43","guid":{"rendered":"https:\/\/e.kosmolat.eu\/product\/pfc-kremkrasa-tumsi-gaisi-bruns-7-31-50-50-30-ml\/"},"modified":"2026-04-08T14:47:31","modified_gmt":"2026-04-08T14:47:31","slug":"pfc-kremkrasa-tumsi-gaisi-bruns-7-31-50-50-30-ml","status":"publish","type":"product","link":"https:\/\/e.kosmolat.eu\/lt\/produktas\/pfc-kremkrasa-tumsi-gaisi-bruns-7-31-50-50-30-ml\/","title":{"rendered":"RUBELLA PREMIUM FASHION Ilgalaikiai plauk\u0173 da\u017eai-kremas Tamsiai blond 7.31, 50\/50\/30 ml"},"content":{"rendered":"<p>Ilgalaikiai plauk\u0173 da\u017eai-kremas su naujovi\u0161ka Bond Re-Plex technologija. Da\u017euose yra Q10, oleino r\u016bg\u0161ties ir vitamino C derinys, kuris l\u0117tina plauk\u0173 sen\u0117jim\u0105 ir daro juos tvirtus bei gyvybingus.<br \/>\nPrid\u0117tas Bond Re-Plex aminor\u016bg\u0161\u010di\u0173 kompleksas, pana\u0161us \u012f esan\u010dias plauk\u0173 strukt\u016broje, suteikia papildom\u0105 apsaug\u0105. Suma\u017eina plauk\u0173 l\u016b\u017ein\u0117jim\u0105 ir atkuria j\u0173 gyvybingum\u0105 bei stiprum\u0105. Rezultatas &ndash; \u017evilgantys ir laimingi plaukai su ry\u0161kia spalva!<\/p>\n<p><strong>Saugumo reguliavimai:<\/strong><br \/>\nPlauk\u0173 da\u017eai gali sukelti sunkias alergines reakcijas.<br \/>\nPerskaitykite ir vykdykite instrukcija<br \/>\nMai\u0161ymo santykis yra 1:1.<br \/>\n&Scaron;is gaminys n\u0117ra skirtas naudoti jaunesniems nei 16 met\u0173 asmenims.<br \/>\nLaikinos &bdquo;juodosios chna&ldquo; tatuiruot\u0117s gali padidinti alergijos rizik\u0105.<br \/>\nNeda\u017eykite plauk\u0173, jei: I\u0161b\u0117r\u0117 veid\u0105 arba yra jautri, sudirgusi ar pa\u017eeista galvos oda. Ar kada nors patyr\u0117te koki\u0105 nors reakcij\u0105 po plauk\u0173 da\u017eymo? Anks\u010diau j\u016bs tur\u0117jote reakcij\u0105 \u012f laikinas juodos chna tatuiruotes.<br \/>\n48 VALANDAS PRIE&Scaron; NAUDOJANT &Scaron;\u012e PRODUKT\u0104 ATLIKITE ODOS ALERGIJOS TYRIM\u0104 (perskaitykite ir vykdykite pridedamame lapelyje pateiktas instrukcijas), net jei naudojote plauk\u0173 da\u017eus ir netur\u0117jote reakcijos \u012f juos.<br \/>\nSud\u0117tyje yra fenilendiamin\u0173, fenilendiamin\u0173 (toluendiamin\u0173), rezorcinolio, vandenilio peroksido, amoniako. Nenaudoti blakstienoms ar antakiams da\u017eyti. M\u016bv\u0117kite tinkamas pir\u0161tines. Po naudojimo gerai i\u0161skalaukite plaukus. Vengti patekimo \u012f akis. Nedelsiant praplauti akis, jei produktas pateko ant j\u0173. Laikyti vaikams nepasiekiamoje, tamsioje, sausoje ir v\u0117sioje vietoje, 5&deg;C &ndash; 25&deg;C temperat\u016broje.<br \/>\nNr. 1,0, 3,0, 5,0, 7,53, 7,1, 10,0, 4,2, 5,5, 8,0, 9,0, 7,31, 5,3: vandenilio peroksidas; Nr. 1,0, 3,0, 7,53, 7,1, 4,2, 5,5, 9,0, 7,31, 5,3, 10,0: p-FENILENDIAMINAS; Ne Ne. 1,0, 3,0, 5,0, 7,53, 7,1, 4,2, 5,5, 8,0, 7,31, 5,3, 10,0: rezorcinolis; Nr. 04, 05, 4.2, 0.33, 7.57, 6.6, 7.5: fenilendiaminai(toluendiaminai): 5,0, 4,2; Nr.5.0, 4.2; 3.0, 5.0, 7.53, 7.1, 10.0, 4.2, 5.5, 8.0, 9.0, 7.31, 5.3.: amoniakas.<\/p>\n<p>Pakuot\u0117je yra:<br \/>\n1. T\u016bbel\u0117 su kreminiais da\u017eais 50 ml<br \/>\n2. Buteliukas su 50 ml oksidatoriaus<br \/>\n3. Paket\u0117lis su Bond Re-Plex balzamu 30 ml<br \/>\n4. Apsaugin\u0117s pir\u0161tin\u0117s<br \/>\n5. Naudojimo instrukcija<br \/>\n&nbsp;<\/p>\n","protected":false},"excerpt":{"rendered":"<p>Ilgalaikiai plauk\u0173 da\u017eai-kremas su naujovi\u0161ka Bond Re-Plex technologija. Da\u017euose yra Q10, oleino r\u016bg\u0161ties ir vitamino C derinys, kuris l\u0117tina plauk\u0173 sen\u0117jim\u0105 ir daro juos tvirtus bei gyvybingus. Prid\u0117tas Bond Re-Plex aminor\u016bg\u0161\u010di\u0173 kompleksas, pana\u0161us \u012f esan\u010dias plauk\u0173 strukt\u016broje, suteikia papildom\u0105 apsaug\u0105. Suma\u017eina plauk\u0173 l\u016b\u017ein\u0117jim\u0105 ir atkuria j\u0173 gyvybingum\u0105 bei stiprum\u0105. Rezultatas &ndash; \u017evilgantys ir laimingi plaukai [&#8230;]\n","protected":false},"featured_media":102427,"template":"","meta":[],"product_cat":[1442],"product_tag":[],"class_list":{"0":"post-38778","1":"product","2":"type-product","3":"status-publish","4":"has-post-thumbnail","6":"product_brand-rubella-bg-lt","7":"product_cat-plauku-dazai-plauku-dazai","9":"first","10":"instock","11":"taxable","12":"shipping-taxable","13":"product-type-simple"},"_links":{"self":[{"href":"https:\/\/e.kosmolat.eu\/lt\/wp-json\/wp\/v2\/product\/38778","targetHints":{"allow":["GET"]}}],"collection":[{"href":"https:\/\/e.kosmolat.eu\/lt\/wp-json\/wp\/v2\/product"}],"about":[{"href":"https:\/\/e.kosmolat.eu\/lt\/wp-json\/wp\/v2\/types\/product"}],"wp:featuredmedia":[{"embeddable":true,"href":"https:\/\/e.kosmolat.eu\/lt\/wp-json\/wp\/v2\/media\/102427"}],"wp:attachment":[{"href":"https:\/\/e.kosmolat.eu\/lt\/wp-json\/wp\/v2\/media?parent=38778"}],"wp:term":[{"taxonomy":"product_cat","embeddable":true,"href":"https:\/\/e.kosmolat.eu\/lt\/wp-json\/wp\/v2\/product_cat?post=38778"},{"taxonomy":"product_tag","embeddable":true,"href":"https:\/\/e.kosmolat.eu\/lt\/wp-json\/wp\/v2\/product_tag?post=38778"}],"curies":[{"name":"wp","href":"https:\/\/api.w.org\/{rel}","templated":true}]}}