{"id":38762,"date":"2023-12-22T22:09:54","date_gmt":"2023-12-22T22:09:54","guid":{"rendered":"https:\/\/e.kosmolat.eu\/product\/top-ten-active-skusanas-putas-250-ml\/"},"modified":"2026-04-21T14:07:33","modified_gmt":"2026-04-21T14:07:33","slug":"top-ten-active-skusanas-putas-250-ml","status":"publish","type":"product","link":"https:\/\/e.kosmolat.eu\/lt\/produktas\/top-ten-active-skusanas-putas-250-ml\/","title":{"rendered":"TOP TEN Active Skutimosi putos, 250 ml"},"content":{"rendered":"<p>TOP TEN Aktive skutimosi putos &ndash; profesionali normalios odos prie\u017ei\u016bra. U\u017etikrina mink\u0161t\u0105 ir patog\u0173 a\u0161men\u0173 slydim\u0105.<\/p>\n<p><strong>Naudojimas:<\/strong> prie\u0161 naudojim\u0105 gerai suplakti.<br \/>\nLaikykite vertikaliai.<br \/>\nTepkite tiesiai ant dr\u0117gno veido.<br \/>\nPo skutimosi nuplaukite vandeniu.<\/p>\n<p><strong>Pastaba: <\/strong>Sl\u0117ginis indas.<br \/>\nDegi! Kaitinamas balionas gali sprogti. Vengti patekimo \u012f akis. Patekus \u012f akis, kruop\u0161\u010diai nuplaukite vandeniu. Laikyti atokiai nuo \u0161ilumos \u0161altini\u0173, kar\u0161t\u0173 pavir\u0161i\u0173, kibirk\u0161\u010di\u0173, atvir\u0173 u\u017edegimo \u0161altini\u0173. Ner\u016bkyti. Nepradurkite ir nedeginkite skardin\u0117s, net ir panaudoj\u0119. Saugoti nuo tiesiogini\u0173 saul\u0117s spinduli\u0173. Nelaikykite auk\u0161tesn\u0117je nei 50&deg;C\/122&deg;F temperat\u016broje. Nepurk\u0161kite \u0161alia atviros liepsnos ar kit\u0173 atvir\u0173 u\u017edegimo \u0161altini\u0173. Laikyti kambario temperat\u016broje<br \/>\n&nbsp;<\/p>\n","protected":false},"excerpt":{"rendered":"<p>TOP TEN Aktive skutimosi putos &ndash; profesionali normalios odos prie\u017ei\u016bra. U\u017etikrina mink\u0161t\u0105 ir patog\u0173 a\u0161men\u0173 slydim\u0105. Naudojimas: prie\u0161 naudojim\u0105 gerai suplakti. Laikykite vertikaliai. Tepkite tiesiai ant dr\u0117gno veido. Po skutimosi nuplaukite vandeniu. Pastaba: Sl\u0117ginis indas. Degi! Kaitinamas balionas gali sprogti. Vengti patekimo \u012f akis. Patekus \u012f akis, kruop\u0161\u010diai nuplaukite vandeniu. Laikyti atokiai nuo \u0161ilumos \u0161altini\u0173, [&#8230;]\n","protected":false},"featured_media":100412,"template":"","meta":[],"product_cat":[2181],"product_tag":[],"class_list":{"0":"post-38762","1":"product","2":"type-product","3":"status-publish","4":"has-post-thumbnail","6":"product_brand-rubella-bg-lt","7":"product_cat-bez-kategorijas-lt","9":"first","10":"instock","11":"taxable","12":"shipping-taxable","13":"product-type-simple"},"_links":{"self":[{"href":"https:\/\/e.kosmolat.eu\/lt\/wp-json\/wp\/v2\/product\/38762","targetHints":{"allow":["GET"]}}],"collection":[{"href":"https:\/\/e.kosmolat.eu\/lt\/wp-json\/wp\/v2\/product"}],"about":[{"href":"https:\/\/e.kosmolat.eu\/lt\/wp-json\/wp\/v2\/types\/product"}],"wp:featuredmedia":[{"embeddable":true,"href":"https:\/\/e.kosmolat.eu\/lt\/wp-json\/wp\/v2\/media\/100412"}],"wp:attachment":[{"href":"https:\/\/e.kosmolat.eu\/lt\/wp-json\/wp\/v2\/media?parent=38762"}],"wp:term":[{"taxonomy":"product_cat","embeddable":true,"href":"https:\/\/e.kosmolat.eu\/lt\/wp-json\/wp\/v2\/product_cat?post=38762"},{"taxonomy":"product_tag","embeddable":true,"href":"https:\/\/e.kosmolat.eu\/lt\/wp-json\/wp\/v2\/product_tag?post=38762"}],"curies":[{"name":"wp","href":"https:\/\/api.w.org\/{rel}","templated":true}]}}