{"id":38758,"date":"2023-12-22T22:09:22","date_gmt":"2023-12-22T22:09:22","guid":{"rendered":"https:\/\/e.kosmolat.eu\/product\/top-ten-for-men-new-depilacijas-krems-viriesiem-150-ml\/"},"modified":"2025-04-01T20:37:55","modified_gmt":"2025-04-01T20:37:55","slug":"top-ten-for-men-new-depilacijas-krems-viriesiem-150-ml","status":"publish","type":"product","link":"https:\/\/e.kosmolat.eu\/lt\/produktas\/top-ten-for-men-new-depilacijas-krems-viriesiem-150-ml\/","title":{"rendered":"TOP TEN Depiliacinis kremas vyrams, 150 ml"},"content":{"rendered":"<p>Depiliacinis kremas &bdquo;Top Ten&ldquo; \u0161iuolaikiniam vyrui suteikia specifin\u012f ir veiksming\u0105 sprendim\u0105 atsikratyti nepageidaujam\u0173 k\u016bno plauk\u0173. Per 5 minutes po kremo u\u017etepimo plaukeliai be dideli\u0173 pastang\u0173 i\u0161nyksta net nuo pa\u010di\u0173 jautriausi\u0173 k\u016bno viet\u0173. Taukmed\u017ei\u0173 sviestas saugo od\u0105 plauk\u0173 \u0161alinimo proced\u016bros metu, palikdamas j\u0105 \u0161velni\u0105 ir lygi\u0105.<\/p>\n<p>D\u0117mesio! Prie\u0161 naudodami gamin\u012f perskaitykite instrukcijas!<br \/>\nAtlikite standartin\u012f jautrumo test\u0105 &ndash; u\u017etepkite nedidel\u012f kiek\u012f kremo nedideliame plote alk\u016bn\u0117s linkyje. Po 10 minu\u010di\u0173 nuplaukite \u0161iltu vandeniu. Jei po 24 valand\u0173 n\u0117ra padid\u0117jusio odos jautrumo &#8212; nie\u017eulys ar paraudimas, galite naudoti depiliacin\u012f krem\u0105.<\/p>\n<p>Atsargumo priemon\u0117s:<br \/>\nSud\u0117tyje yra tioglikolato.<br \/>\nVisada laikykit\u0117s atsargumo priemoni\u0173 ir naudojimo instrukcij\u0173.<br \/>\nNetepti ant su\u017eeistos, sudirgusios ir u\u017edegimin\u0117s odos, paraudusios nuo saul\u0117s nudegimo, ant k\u016bno atsiradusi\u0173 d\u0117mi\u0173 ir strazdan\u0173.<br \/>\nJei naudodamiesi depiliatoriumi pajutote nudegim\u0105, nie\u017e\u0117jim\u0105 ar kitok\u012f diskomfort\u0105, nedelsdami nuplaukite dideliu kiekiu vandens. Jei alergin\u0117 reakcija i\u0161lieka, nedelsdami kreipkit\u0117s \u012f gydytoj\u0105.<br \/>\nPra\u0117jus 24 valandoms po depiliacijos, ant apdorot\u0173 viet\u0173 nenaudokite produkt\u0173, kuri\u0173 sud\u0117tyje yra alkoholio (kvepal\u0173, dezodorant\u0173, tualetinio vandens ir ir tt). Kelias valandas prie\u0161 ir po depiliacijos nepatartina b\u016bti saul\u0117tose vietose.<br \/>\nNenaudoti da\u017eniau nei kas 72 valandas.<br \/>\nJei produktas prarytas, nedelsiant kreipkit\u0117s medicinin\u0117s pagalbos.<br \/>\nVengti patekimo \u012f akis.<br \/>\nPatekus \u012f akis, nedelsiant praplauti dideliu kiekiu vandens ir kreiptis specializuotos medicinos pagalbos.<br \/>\nSaugoti nuo vaik\u0173!<\/p>\n<p>Naudojimo instrukcijos:<br \/>\n1. Mentele u\u017etepkite tiesiai ant odos &nbsp;tolygiu sluoksniu, visi\u0161kai padengdami. 2. Palikite krem\u0105 veikti 5 minutes. 3. Mentele nuimkite krem\u0105. 4. Jei reikia, galite palikti krem\u0105 veikti ne ilgiau kaip 6-7 minutes nuo jo panaudojimo. 5. Nusi\u0117m\u0119 krem\u0105 nuplaukite od\u0105 dideliu kiekiu vandens ir nusausinkite.<br \/>\n&nbsp;<\/p>\n","protected":false},"excerpt":{"rendered":"<p>Depiliacinis kremas &bdquo;Top Ten&ldquo; \u0161iuolaikiniam vyrui suteikia specifin\u012f ir veiksming\u0105 sprendim\u0105 atsikratyti nepageidaujam\u0173 k\u016bno plauk\u0173. Per 5 minutes po kremo u\u017etepimo plaukeliai be dideli\u0173 pastang\u0173 i\u0161nyksta net nuo pa\u010di\u0173 jautriausi\u0173 k\u016bno viet\u0173. Taukmed\u017ei\u0173 sviestas saugo od\u0105 plauk\u0173 \u0161alinimo proced\u016bros metu, palikdamas j\u0105 \u0161velni\u0105 ir lygi\u0105. D\u0117mesio! Prie\u0161 naudodami gamin\u012f perskaitykite instrukcijas! Atlikite standartin\u012f jautrumo test\u0105 [&#8230;]\n","protected":false},"featured_media":15465,"template":"","meta":[],"product_cat":[1624],"product_tag":[],"class_list":{"0":"post-38758","1":"product","2":"type-product","3":"status-publish","4":"has-post-thumbnail","6":"product_brand-rubella-bg-lt","7":"product_cat-depiliacijos-priemones","9":"first","10":"outofstock","11":"taxable","12":"shipping-taxable","13":"product-type-simple"},"_links":{"self":[{"href":"https:\/\/e.kosmolat.eu\/lt\/wp-json\/wp\/v2\/product\/38758","targetHints":{"allow":["GET"]}}],"collection":[{"href":"https:\/\/e.kosmolat.eu\/lt\/wp-json\/wp\/v2\/product"}],"about":[{"href":"https:\/\/e.kosmolat.eu\/lt\/wp-json\/wp\/v2\/types\/product"}],"wp:featuredmedia":[{"embeddable":true,"href":"https:\/\/e.kosmolat.eu\/lt\/wp-json\/wp\/v2\/media\/15465"}],"wp:attachment":[{"href":"https:\/\/e.kosmolat.eu\/lt\/wp-json\/wp\/v2\/media?parent=38758"}],"wp:term":[{"taxonomy":"product_cat","embeddable":true,"href":"https:\/\/e.kosmolat.eu\/lt\/wp-json\/wp\/v2\/product_cat?post=38758"},{"taxonomy":"product_tag","embeddable":true,"href":"https:\/\/e.kosmolat.eu\/lt\/wp-json\/wp\/v2\/product_tag?post=38758"}],"curies":[{"name":"wp","href":"https:\/\/api.w.org\/{rel}","templated":true}]}}