{"id":38754,"date":"2023-12-22T22:08:55","date_gmt":"2023-12-22T22:08:55","guid":{"rendered":"https:\/\/e.kosmolat.eu\/product\/mg-ella-bardai-un-usam-30-ml\/"},"modified":"2026-04-08T14:50:47","modified_gmt":"2026-04-08T14:50:47","slug":"mg-ella-bardai-un-usam-30-ml","status":"publish","type":"product","link":"https:\/\/e.kosmolat.eu\/lt\/produktas\/mg-ella-bardai-un-usam-30-ml\/","title":{"rendered":"MISTER GROOMER Aliejus barzdai ir \u016bsams, 30 ml"},"content":{"rendered":"<p>Aliejus barzdai ir \u016bsams.<br \/>\nNat\u016brali\u0173 aliej\u0173 derinys, mink\u0161tinantis barzd\u0105. Visiems odos tipams kasdieniniam naudojimui. Abrikos\u0173 aliejus &ndash; pasi\u017eymi stipriomis maitinan\u010diomis ir regeneruojan\u010diomis savyb\u0117mis. Turtingas vitamino A ir mineral\u0173.<br \/>\nPipirm\u0117\u010di\u0173 aliejus &ndash; suteikia odai v\u0117sinant\u012f poveik\u012f. Suteikia blizgesio ir \u0161velnumo.<br \/>\nVitaminas E &ndash; ma\u017eina dirginim\u0105, stiprina nat\u016brali\u0105 odos apsaug\u0105, ma\u017eina dr\u0117gm\u0117s praradim\u0105.<\/p>\n<p><strong>Naudojimas:<\/strong> u\u017ela\u0161inkite kelis la\u0161us ant rank\u0173, masa\u017euokite barzd\u0105 ar \u016bsus. Tada su\u0161ukuokite \u0161ukomis arba \u0161epe\u010diu, kad &nbsp;tolygiai pasiskirstyt\u0173.<br \/>\n&nbsp;<\/p>\n","protected":false},"excerpt":{"rendered":"<p>Aliejus barzdai ir \u016bsams. Nat\u016brali\u0173 aliej\u0173 derinys, mink\u0161tinantis barzd\u0105. Visiems odos tipams kasdieniniam naudojimui. Abrikos\u0173 aliejus &ndash; pasi\u017eymi stipriomis maitinan\u010diomis ir regeneruojan\u010diomis savyb\u0117mis. Turtingas vitamino A ir mineral\u0173. Pipirm\u0117\u010di\u0173 aliejus &ndash; suteikia odai v\u0117sinant\u012f poveik\u012f. Suteikia blizgesio ir \u0161velnumo. Vitaminas E &ndash; ma\u017eina dirginim\u0105, stiprina nat\u016brali\u0105 odos apsaug\u0105, ma\u017eina dr\u0117gm\u0117s praradim\u0105. Naudojimas: u\u017ela\u0161inkite kelis la\u0161us [&#8230;]\n","protected":false},"featured_media":102935,"template":"","meta":[],"product_cat":[1688],"product_tag":[],"class_list":{"0":"post-38754","1":"product","2":"type-product","3":"status-publish","4":"has-post-thumbnail","6":"product_brand-rubella-bg-lt","7":"product_cat-plauku-prieziura-vyrams-2","9":"first","10":"instock","11":"taxable","12":"shipping-taxable","13":"product-type-simple"},"_links":{"self":[{"href":"https:\/\/e.kosmolat.eu\/lt\/wp-json\/wp\/v2\/product\/38754","targetHints":{"allow":["GET"]}}],"collection":[{"href":"https:\/\/e.kosmolat.eu\/lt\/wp-json\/wp\/v2\/product"}],"about":[{"href":"https:\/\/e.kosmolat.eu\/lt\/wp-json\/wp\/v2\/types\/product"}],"wp:featuredmedia":[{"embeddable":true,"href":"https:\/\/e.kosmolat.eu\/lt\/wp-json\/wp\/v2\/media\/102935"}],"wp:attachment":[{"href":"https:\/\/e.kosmolat.eu\/lt\/wp-json\/wp\/v2\/media?parent=38754"}],"wp:term":[{"taxonomy":"product_cat","embeddable":true,"href":"https:\/\/e.kosmolat.eu\/lt\/wp-json\/wp\/v2\/product_cat?post=38754"},{"taxonomy":"product_tag","embeddable":true,"href":"https:\/\/e.kosmolat.eu\/lt\/wp-json\/wp\/v2\/product_tag?post=38754"}],"curies":[{"name":"wp","href":"https:\/\/api.w.org\/{rel}","templated":true}]}}