{"id":38750,"date":"2023-12-22T22:08:22","date_gmt":"2023-12-22T22:08:22","guid":{"rendered":"https:\/\/e.kosmolat.eu\/product\/pfc-matu-balinatajs-100-50-90-30-ml\/"},"modified":"2025-09-02T12:41:43","modified_gmt":"2025-09-02T12:41:43","slug":"pfc-matu-balinatajs-100-50-90-30-ml","status":"publish","type":"product","link":"https:\/\/e.kosmolat.eu\/lt\/produktas\/pfc-matu-balinatajs-100-50-90-30-ml\/","title":{"rendered":"RUBELLA PREMIUM FASHION Plauk\u0173 \u0161viesinimo priemon\u0117 100, 50\/90\/30 ml"},"content":{"rendered":"","protected":false},"excerpt":{"rendered":"","protected":false},"featured_media":0,"template":"","meta":[],"product_cat":[1663],"product_tag":[],"class_list":{"0":"post-38750","1":"product","2":"type-product","3":"status-publish","5":"product_brand-rubella-bg-lt","6":"product_cat-priemones-plaukams-sviesinti","8":"first","9":"outofstock","10":"taxable","11":"shipping-taxable","12":"product-type-simple"},"_links":{"self":[{"href":"https:\/\/e.kosmolat.eu\/lt\/wp-json\/wp\/v2\/product\/38750","targetHints":{"allow":["GET"]}}],"collection":[{"href":"https:\/\/e.kosmolat.eu\/lt\/wp-json\/wp\/v2\/product"}],"about":[{"href":"https:\/\/e.kosmolat.eu\/lt\/wp-json\/wp\/v2\/types\/product"}],"wp:attachment":[{"href":"https:\/\/e.kosmolat.eu\/lt\/wp-json\/wp\/v2\/media?parent=38750"}],"wp:term":[{"taxonomy":"product_cat","embeddable":true,"href":"https:\/\/e.kosmolat.eu\/lt\/wp-json\/wp\/v2\/product_cat?post=38750"},{"taxonomy":"product_tag","embeddable":true,"href":"https:\/\/e.kosmolat.eu\/lt\/wp-json\/wp\/v2\/product_tag?post=38750"}],"curies":[{"name":"wp","href":"https:\/\/api.w.org\/{rel}","templated":true}]}}