{"id":38742,"date":"2023-12-22T22:07:54","date_gmt":"2023-12-22T22:07:54","guid":{"rendered":"https:\/\/e.kosmolat.eu\/product\/mt-matu-kremkr-metala-grafita-mg-50-50-15-ml\/"},"modified":"2026-04-09T16:09:04","modified_gmt":"2026-04-09T16:09:04","slug":"mt-matu-kremkr-metala-grafita-mg-50-50-15-ml","status":"publish","type":"product","link":"https:\/\/e.kosmolat.eu\/lt\/produktas\/mt-matu-kremkr-metala-grafita-mg-50-50-15-ml\/","title":{"rendered":"RUBELIA METALLIC TOUCH Ilgalaikiai kreminiai da\u017eai plaukams Grafitinis metalas (MG), 50\/50\/15 ml"},"content":{"rendered":"<p>Rubelia Metallic Touch Ilgalaikiai plauk\u0173 da\u017eai su metaliniu efektu originaliai i\u0161vaizdai. Nauja formul\u0117 su prid\u0117tu ry\u017ei\u0173 baltymais geresnei plauk\u0173 prie\u017ei\u016brai ir apsaugai. Balzamas praturtintas keratinu, vitaminu PP ir D-pantenoliu &ndash; sveikiems ir elastingiems plaukams, \u012fsp\u016bdingas blizgesys ir nuostab\u016bs niuansai.<br \/>\nATSARGUMO PRIEMON\u0116S:<br \/>\nPlauk\u0173 da\u017eai gali sukelti sunkias alergines reakcijas.<br \/>\nPerskaitykite ir vykdykite instrukcijas. &Scaron;is gaminys n\u0117ra skirtas naudoti jaunesniems nei 16 met\u0173 asmenims.<br \/>\nLaikinos &bdquo;juodosios chna&ldquo; tatuiruot\u0117s gali padidinti alergijos rizik\u0105.&nbsp;<br \/>\nNeda\u017eykite plauk\u0173, jei: I\u0161b\u0117r\u0117 veid\u0105 arba yra jautri, sudirgusi ar pa\u017eeista galvos oda. Ar kada nors patyr\u0117te koki\u0105 nors reakcij\u0105 po plauk\u0173 da\u017eymo? Anks\u010diau j\u016bs tur\u0117jote reakcij\u0105 \u012f laikinas juodos chna tatuiruotes.<br \/>\n48 VALANDAS PRIE&Scaron; NAUDOJANT &Scaron;\u012e PRODUKT\u0104 ATLIKITE ODOS ALERGIJOS TYRIM\u0104 (perskaitykite ir vykdykite instrukcijas, pateiktas pridedamame lapelyje), net jei naudojote plauk\u0173 da\u017eus ir netur\u0117jote reakcijos \u012f juos.<br \/>\nKremini\u0173 da\u017e\u0173 ir oksidatoriaus mai\u0161ymo santykis: 1:1.Oksidatoriaus sud\u0117tyje yra vandenilio peroksido.<br \/>\nKreminiuose da\u017euose yra amoniako, rezorcinolio, fenilendiamin\u0173 (tolilendiamin\u0173).<br \/>\nVisos sudedamosios dalys nurodytos pakuot\u0117s dugno. Nenaudoti blakstienoms ar antakiams da\u017eyti.<br \/>\nNaudokite pir\u0161tines i\u0161 pakuot\u0117s.<br \/>\nPo naudojimo gerai i\u0161skalaukite plaukus. Vengti patekimo \u012f akis.<br \/>\nNedelsiant praplauti akis, jei produktas pateko ant j\u0173.<br \/>\nJei naudojote chemin\u012f su\u0161ukavim\u0105, palaukite bent dvi savaites prie\u0161 naudodami plauk\u0173 da\u017eus.<br \/>\nNenaudokite, jei plaukai jau buvo da\u017eyti chna arba progresyvia spalva (\u0161vino acetatu).<br \/>\nLaikyti vaikams nepasiekiamoje, tamsioje, sausoje ir v\u0117sioje vietoje. LAIKYKITES PAKUOT\u0116JE ESAN\u010cIOMIS &nbsp;INSTRUKCIJOMIS.<br \/>\nPakuot\u0117je yra:<br \/>\n1. Buteliukas su oksidantu 50 ml<br \/>\n2. M\u0117gintuv\u0117lis su kreminiais da\u017eais 50 ml<br \/>\n3. Fiksuojamojo balzamo mai\u0161elis 15 ml<br \/>\n4. Naudojimo instrukcija<br \/>\n5. Apsaugin\u0117s pir\u0161tin\u0117s<br \/>\nGamintojas Rubella Beauty AD, g. Osvobozdenija 3, 4960 Rudozem, Bulgarija, tel: 02\/9627464, www.rubella.eu<br \/>\nGaliojimo laikas: \u017er. t\u016bbel\u0119.<br \/>\nPartijos numeris: \u017ei\u016br\u0117ti ant pakuot\u0117s.<br \/>\nPagaminta ES<br \/>\n&nbsp;<\/p>\n","protected":false},"excerpt":{"rendered":"<p>Rubelia Metallic Touch Ilgalaikiai plauk\u0173 da\u017eai su metaliniu efektu originaliai i\u0161vaizdai. Nauja formul\u0117 su prid\u0117tu ry\u017ei\u0173 baltymais geresnei plauk\u0173 prie\u017ei\u016brai ir apsaugai. Balzamas praturtintas keratinu, vitaminu PP ir D-pantenoliu &ndash; sveikiems ir elastingiems plaukams, \u012fsp\u016bdingas blizgesys ir nuostab\u016bs niuansai. ATSARGUMO PRIEMON\u0116S: Plauk\u0173 da\u017eai gali sukelti sunkias alergines reakcijas. Perskaitykite ir vykdykite instrukcijas. &Scaron;is gaminys n\u0117ra [&#8230;]\n","protected":false},"featured_media":105336,"template":"","meta":[],"product_cat":[1442],"product_tag":[],"class_list":{"0":"post-38742","1":"product","2":"type-product","3":"status-publish","4":"has-post-thumbnail","6":"product_brand-rubella-bg-lt","7":"product_cat-plauku-dazai-plauku-dazai","9":"first","10":"instock","11":"taxable","12":"shipping-taxable","13":"product-type-simple"},"_links":{"self":[{"href":"https:\/\/e.kosmolat.eu\/lt\/wp-json\/wp\/v2\/product\/38742","targetHints":{"allow":["GET"]}}],"collection":[{"href":"https:\/\/e.kosmolat.eu\/lt\/wp-json\/wp\/v2\/product"}],"about":[{"href":"https:\/\/e.kosmolat.eu\/lt\/wp-json\/wp\/v2\/types\/product"}],"wp:featuredmedia":[{"embeddable":true,"href":"https:\/\/e.kosmolat.eu\/lt\/wp-json\/wp\/v2\/media\/105336"}],"wp:attachment":[{"href":"https:\/\/e.kosmolat.eu\/lt\/wp-json\/wp\/v2\/media?parent=38742"}],"wp:term":[{"taxonomy":"product_cat","embeddable":true,"href":"https:\/\/e.kosmolat.eu\/lt\/wp-json\/wp\/v2\/product_cat?post=38742"},{"taxonomy":"product_tag","embeddable":true,"href":"https:\/\/e.kosmolat.eu\/lt\/wp-json\/wp\/v2\/product_tag?post=38742"}],"curies":[{"name":"wp","href":"https:\/\/api.w.org\/{rel}","templated":true}]}}