{"id":38726,"date":"2023-12-22T22:06:14","date_gmt":"2023-12-22T22:06:14","guid":{"rendered":"https:\/\/e.kosmolat.eu\/product\/top-ten-matu-veidosanas-zeleja-ar-d-pantenolu-ekstra-250-ml\/"},"modified":"2026-04-09T16:08:44","modified_gmt":"2026-04-09T16:08:44","slug":"top-ten-matu-veidosanas-zeleja-ar-d-pantenolu-ekstra-250-ml","status":"publish","type":"product","link":"https:\/\/e.kosmolat.eu\/lt\/produktas\/top-ten-matu-veidosanas-zeleja-ar-d-pantenolu-ekstra-250-ml\/","title":{"rendered":"TOP TEN Formuojantis plauk\u0173 gelis su D-pantenoliu, ypa\u010d stipriu fiksavimu, 250 ml"},"content":{"rendered":"<p>Formuojantis plauk\u0173 gelis su ypa\u010d stipriu fiksavimu D-pantenoliu. Kasdieniniam naudojimui, vis\u0173 tip\u0173 plaukams. Tinka veganams.<br \/>\nNeapsunkina plauk\u0173.<br \/>\nItin atspari \u0161ukuosena visai dienai.<br \/>\nLengvai nusiplauna, nepalieka liku\u010di\u0173.<\/p>\n<p><strong>Naudojimo b\u016bdas: <\/strong>Tepkite ant saus\u0173 arba dr\u0117gn\u0173 plauk\u0173. &Scaron;ukomis, \u0161epe\u010diu ar pir\u0161tais suformuokite plaukus norima forma ir palikite i\u0161d\u017ei\u016bti.<br \/>\n&nbsp;<\/p>\n","protected":false},"excerpt":{"rendered":"<p>Formuojantis plauk\u0173 gelis su ypa\u010d stipriu fiksavimu D-pantenoliu. Kasdieniniam naudojimui, vis\u0173 tip\u0173 plaukams. Tinka veganams. Neapsunkina plauk\u0173. Itin atspari \u0161ukuosena visai dienai. Lengvai nusiplauna, nepalieka liku\u010di\u0173. Naudojimo b\u016bdas: Tepkite ant saus\u0173 arba dr\u0117gn\u0173 plauk\u0173. &Scaron;ukomis, \u0161epe\u010diu ar pir\u0161tais suformuokite plaukus norima forma ir palikite i\u0161d\u017ei\u016bti. &nbsp;<\/p>\n","protected":false},"featured_media":105332,"template":"","meta":[],"product_cat":[1688],"product_tag":[],"class_list":{"0":"post-38726","1":"product","2":"type-product","3":"status-publish","4":"has-post-thumbnail","6":"product_brand-rubella-bg-lt","7":"product_cat-plauku-prieziura-vyrams-2","9":"first","10":"instock","11":"taxable","12":"shipping-taxable","13":"product-type-simple"},"_links":{"self":[{"href":"https:\/\/e.kosmolat.eu\/lt\/wp-json\/wp\/v2\/product\/38726","targetHints":{"allow":["GET"]}}],"collection":[{"href":"https:\/\/e.kosmolat.eu\/lt\/wp-json\/wp\/v2\/product"}],"about":[{"href":"https:\/\/e.kosmolat.eu\/lt\/wp-json\/wp\/v2\/types\/product"}],"wp:featuredmedia":[{"embeddable":true,"href":"https:\/\/e.kosmolat.eu\/lt\/wp-json\/wp\/v2\/media\/105332"}],"wp:attachment":[{"href":"https:\/\/e.kosmolat.eu\/lt\/wp-json\/wp\/v2\/media?parent=38726"}],"wp:term":[{"taxonomy":"product_cat","embeddable":true,"href":"https:\/\/e.kosmolat.eu\/lt\/wp-json\/wp\/v2\/product_cat?post=38726"},{"taxonomy":"product_tag","embeddable":true,"href":"https:\/\/e.kosmolat.eu\/lt\/wp-json\/wp\/v2\/product_tag?post=38726"}],"curies":[{"name":"wp","href":"https:\/\/api.w.org\/{rel}","templated":true}]}}