{"id":38718,"date":"2023-12-22T22:05:25","date_gmt":"2023-12-22T22:05:25","guid":{"rendered":"https:\/\/e.kosmolat.eu\/product\/dental-super-fluor-protection-zobu-pasta-250-ml\/"},"modified":"2026-04-23T07:47:03","modified_gmt":"2026-04-23T07:47:03","slug":"dental-super-fluor-protection-zobu-pasta-250-ml","status":"publish","type":"product","link":"https:\/\/e.kosmolat.eu\/lt\/produktas\/dental-super-fluor-protection-zobu-pasta-250-ml\/","title":{"rendered":"DENTAL Super fluor protection dant\u0173 pasta 250 ml"},"content":{"rendered":"<p>RUBELLA DENTAL Super fluor protection dant\u0173 pasta 250 ml<br \/>\nStiprina dant\u0173 emal\u012f ir padeda i\u0161laikyti sveikus dantis bei dantenas. Reguliarus pastos naudojimas sukuria barjer\u0105 nuo karieso \u017eidini\u0173 atsiradimo. Gamintojas rekomenduoja: nor\u0117dami tur\u0117ti nat\u016braliai sveikus dantis ir dantenas, dant\u0173 past\u0105 naudokite reguliariai, bent du kartus per dien\u0105, 2-3 minutes valydami dantis tinkamu dant\u0173 \u0161epet\u0117liu.<\/p>\n<p>Sud\u0117tyje yra 0,145% natrio fluorido (fluoro pavidalu). Tik suaugusiems.<br \/>\n&nbsp;<\/p>\n","protected":false},"excerpt":{"rendered":"<p>RUBELLA DENTAL Super fluor protection dant\u0173 pasta 250 ml Stiprina dant\u0173 emal\u012f ir padeda i\u0161laikyti sveikus dantis bei dantenas. Reguliarus pastos naudojimas sukuria barjer\u0105 nuo karieso \u017eidini\u0173 atsiradimo. Gamintojas rekomenduoja: nor\u0117dami tur\u0117ti nat\u016braliai sveikus dantis ir dantenas, dant\u0173 past\u0105 naudokite reguliariai, bent du kartus per dien\u0105, 2-3 minutes valydami dantis tinkamu dant\u0173 \u0161epet\u0117liu. Sud\u0117tyje yra [&#8230;]\n","protected":false},"featured_media":101102,"template":"","meta":[],"product_cat":[1308],"product_tag":[],"class_list":{"0":"post-38718","1":"product","2":"type-product","3":"status-publish","4":"has-post-thumbnail","6":"product_brand-rubella-bg-lt","7":"product_cat-dantu-pastos-ir-geliai","9":"first","10":"instock","11":"taxable","12":"shipping-taxable","13":"product-type-simple"},"_links":{"self":[{"href":"https:\/\/e.kosmolat.eu\/lt\/wp-json\/wp\/v2\/product\/38718","targetHints":{"allow":["GET"]}}],"collection":[{"href":"https:\/\/e.kosmolat.eu\/lt\/wp-json\/wp\/v2\/product"}],"about":[{"href":"https:\/\/e.kosmolat.eu\/lt\/wp-json\/wp\/v2\/types\/product"}],"wp:featuredmedia":[{"embeddable":true,"href":"https:\/\/e.kosmolat.eu\/lt\/wp-json\/wp\/v2\/media\/101102"}],"wp:attachment":[{"href":"https:\/\/e.kosmolat.eu\/lt\/wp-json\/wp\/v2\/media?parent=38718"}],"wp:term":[{"taxonomy":"product_cat","embeddable":true,"href":"https:\/\/e.kosmolat.eu\/lt\/wp-json\/wp\/v2\/product_cat?post=38718"},{"taxonomy":"product_tag","embeddable":true,"href":"https:\/\/e.kosmolat.eu\/lt\/wp-json\/wp\/v2\/product_tag?post=38718"}],"curies":[{"name":"wp","href":"https:\/\/api.w.org\/{rel}","templated":true}]}}