{"id":38714,"date":"2023-12-22T22:05:01","date_gmt":"2023-12-22T22:05:01","guid":{"rendered":"https:\/\/e.kosmolat.eu\/product\/dental-triple-effect-zobu-pasta-250-ml\/"},"modified":"2026-04-09T06:14:38","modified_gmt":"2026-04-09T06:14:38","slug":"dental-triple-effect-zobu-pasta-250-ml","status":"publish","type":"product","link":"https:\/\/e.kosmolat.eu\/lt\/produktas\/dental-triple-effect-zobu-pasta-250-ml\/","title":{"rendered":"DENTAL Triple Effect dant\u0173 pasta 250 ml"},"content":{"rendered":"<p>\nDant\u0173 pasta u\u017etikrina visi\u0161k\u0105 dant\u0173 ir danten\u0173 apsaug\u0105 ir patikim\u0105 profilaktik\u0105, padeda atkurti ir i\u0161laikyti nat\u016bral\u0173 baltum\u0105. Gamintojas rekomenduoja: sveikiems dantims ir dantenoms naudoti 2 kartus per dien\u0105. Valykite dantis tinkamu dant\u0173 \u0161epet\u0117liu 2-3 minutes.<\/p>\n<p>Sud\u0117tyje yra 0,145% natrio fluorido (fluoro pavidalu). Tik suaugusiems.<br \/>\n&nbsp;<\/p>\n","protected":false},"excerpt":{"rendered":"<p>Dant\u0173 pasta u\u017etikrina visi\u0161k\u0105 dant\u0173 ir danten\u0173 apsaug\u0105 ir patikim\u0105 profilaktik\u0105, padeda atkurti ir i\u0161laikyti nat\u016bral\u0173 baltum\u0105. Gamintojas rekomenduoja: sveikiems dantims ir dantenoms naudoti 2 kartus per dien\u0105. Valykite dantis tinkamu dant\u0173 \u0161epet\u0117liu 2-3 minutes. Sud\u0117tyje yra 0,145% natrio fluorido (fluoro pavidalu). Tik suaugusiems. &nbsp;<\/p>\n","protected":false},"featured_media":100776,"template":"","meta":[],"product_cat":[1308],"product_tag":[],"class_list":{"0":"post-38714","1":"product","2":"type-product","3":"status-publish","4":"has-post-thumbnail","6":"product_brand-rubella-bg-lt","7":"product_cat-dantu-pastos-ir-geliai","9":"first","10":"instock","11":"taxable","12":"shipping-taxable","13":"product-type-simple"},"_links":{"self":[{"href":"https:\/\/e.kosmolat.eu\/lt\/wp-json\/wp\/v2\/product\/38714","targetHints":{"allow":["GET"]}}],"collection":[{"href":"https:\/\/e.kosmolat.eu\/lt\/wp-json\/wp\/v2\/product"}],"about":[{"href":"https:\/\/e.kosmolat.eu\/lt\/wp-json\/wp\/v2\/types\/product"}],"wp:featuredmedia":[{"embeddable":true,"href":"https:\/\/e.kosmolat.eu\/lt\/wp-json\/wp\/v2\/media\/100776"}],"wp:attachment":[{"href":"https:\/\/e.kosmolat.eu\/lt\/wp-json\/wp\/v2\/media?parent=38714"}],"wp:term":[{"taxonomy":"product_cat","embeddable":true,"href":"https:\/\/e.kosmolat.eu\/lt\/wp-json\/wp\/v2\/product_cat?post=38714"},{"taxonomy":"product_tag","embeddable":true,"href":"https:\/\/e.kosmolat.eu\/lt\/wp-json\/wp\/v2\/product_tag?post=38714"}],"curies":[{"name":"wp","href":"https:\/\/api.w.org\/{rel}","templated":true}]}}