{"id":38710,"date":"2023-12-22T22:04:41","date_gmt":"2023-12-22T22:04:41","guid":{"rendered":"https:\/\/e.kosmolat.eu\/product\/dental-pro-anti-parodontit-formula-zobu-pasta-75-ml\/"},"modified":"2025-10-28T13:15:49","modified_gmt":"2025-10-28T13:15:49","slug":"dental-pro-anti-parodontit-formula-zobu-pasta-75-ml","status":"publish","type":"product","link":"https:\/\/e.kosmolat.eu\/lt\/produktas\/dental-pro-anti-parodontit-formula-zobu-pasta-75-ml\/","title":{"rendered":"DENTAL PRO Anti-Parodontit Formula dant\u0173 pasta 75 ml"},"content":{"rendered":"<p>RUBELLA DENTAL PRO Anti-Parodontit Formula dant\u0173 pasta 75 ml<br \/>\nGingivitas ir periodontitas yra vienos da\u017eniausi\u0173 dant\u0173 problem\u0173. Pagrindin\u0117 j\u0173 atsiradimo prie\u017eastis yra apna\u0161\u0173 kaupimasis. Nereguliariai \u0161alinant apna\u0161as, pa\u017eeid\u017eiamas danten\u0173 audinys, kuris tolsta nuo dant\u0173, juos atidengia ir jie tampa jautr\u016bs. Dant\u0173 pasta puikiai nuvalo apna\u0161as ir l\u0117tina j\u0173 pakartotin\u012f kaupim\u0105si. Pastos formul\u0117je yra veikli\u0173j\u0173 med\u017eiag\u0173 kompleksas, padedantis sustiprinti dantenas ir suma\u017einti j\u0173 kraujavim\u0105 sergant gingivitu. Aliuminio laktatas pasi\u017eymi sutraukian\u010diu poveikiu, chlorheksidinas ir aliuminio hidroksidas ma\u017eina danten\u0173 u\u017edegim\u0105 ir patinim\u0105, o esantis bisabololis padeda atkurti danten\u0173 audinius ir nuraminti u\u017edegim\u0105. Reguliarus pastos naudojimas neleid\u017eia vystytis gingivitui ir periodontitui. Gamintojas rekomenduoja: sveikiems dantims ir dantenoms naudokite RUBELLA DENTAL PRO Anti-Parodontit Formula reguliariai, bent du kartus per dien\u0105, valydami dantis 2-3 minutes tinkamu dant\u0173 \u0161epet\u0117liu.<\/p>\n<p>Sud\u0117tyje yra 0,1% natrio fluorido (fluoro pavidalu). Tik suaugusiems.<br \/>\n&nbsp;<\/p>\n","protected":false},"excerpt":{"rendered":"<p>RUBELLA DENTAL PRO Anti-Parodontit Formula dant\u0173 pasta 75 ml Gingivitas ir periodontitas yra vienos da\u017eniausi\u0173 dant\u0173 problem\u0173. Pagrindin\u0117 j\u0173 atsiradimo prie\u017eastis yra apna\u0161\u0173 kaupimasis. Nereguliariai \u0161alinant apna\u0161as, pa\u017eeid\u017eiamas danten\u0173 audinys, kuris tolsta nuo dant\u0173, juos atidengia ir jie tampa jautr\u016bs. Dant\u0173 pasta puikiai nuvalo apna\u0161as ir l\u0117tina j\u0173 pakartotin\u012f kaupim\u0105si. Pastos formul\u0117je yra veikli\u0173j\u0173 med\u017eiag\u0173 [&#8230;]\n","protected":false},"featured_media":98373,"template":"","meta":[],"product_cat":[1308],"product_tag":[],"class_list":{"0":"post-38710","1":"product","2":"type-product","3":"status-publish","4":"has-post-thumbnail","6":"product_brand-rubella-bg-lt","7":"product_cat-dantu-pastos-ir-geliai","9":"first","10":"outofstock","11":"taxable","12":"shipping-taxable","13":"product-type-simple"},"_links":{"self":[{"href":"https:\/\/e.kosmolat.eu\/lt\/wp-json\/wp\/v2\/product\/38710","targetHints":{"allow":["GET"]}}],"collection":[{"href":"https:\/\/e.kosmolat.eu\/lt\/wp-json\/wp\/v2\/product"}],"about":[{"href":"https:\/\/e.kosmolat.eu\/lt\/wp-json\/wp\/v2\/types\/product"}],"wp:featuredmedia":[{"embeddable":true,"href":"https:\/\/e.kosmolat.eu\/lt\/wp-json\/wp\/v2\/media\/98373"}],"wp:attachment":[{"href":"https:\/\/e.kosmolat.eu\/lt\/wp-json\/wp\/v2\/media?parent=38710"}],"wp:term":[{"taxonomy":"product_cat","embeddable":true,"href":"https:\/\/e.kosmolat.eu\/lt\/wp-json\/wp\/v2\/product_cat?post=38710"},{"taxonomy":"product_tag","embeddable":true,"href":"https:\/\/e.kosmolat.eu\/lt\/wp-json\/wp\/v2\/product_tag?post=38710"}],"curies":[{"name":"wp","href":"https:\/\/api.w.org\/{rel}","templated":true}]}}