{"id":38706,"date":"2023-12-22T22:04:11","date_gmt":"2023-12-22T22:04:11","guid":{"rendered":"https:\/\/e.kosmolat.eu\/product\/dental-pro-sensitive-care-zobu-pasta-75-ml\/"},"modified":"2026-04-22T13:59:25","modified_gmt":"2026-04-22T13:59:25","slug":"dental-pro-sensitive-care-zobu-pasta-75-ml","status":"publish","type":"product","link":"https:\/\/e.kosmolat.eu\/lt\/produktas\/dental-pro-sensitive-care-zobu-pasta-75-ml\/","title":{"rendered":"DENTAL PRO Sensitive Care Dant\u0173 pasta, 75 ml"},"content":{"rendered":"<p>D\u0117l daugelio kenksming\u0173 burnos ertm\u0117s veiksni\u0173 &nbsp;dant\u0173 emalyje susidaro \u012ftr\u016bkimai. Per juos bet koks i&scaron;orinis dirginimas pasiekia po juo esant\u012f dentin\u0105 ir palie\u010dia danties nervines gal\u016bnes, tod\u0117l padid\u0117ja jautrumas. DENTAL PRO Sensitive care dant\u0173 pasta tinka \u017emon\u0117ms, turintiems toki\u0173 problem\u0173. Reguliarus naudojimas mal&scaron;ina skausm\u0105 valgant ir geriant bei sukuria komforto jausm\u0105. Specialios formul\u0117s dant\u0173 pastos formul\u0117je yra kalio chlorido, kuris apsaugo dentininius nervus, ma\u017eina j\u0173 aktyvum\u0105 ir mal&scaron;ina padid\u0117jusio jautrumo skausm\u0105. Pasta praturtinta fluoru, kuris padidina nat\u016bralaus kalcio poveik\u012f burnoje esant silpniems ta&scaron;kams. M\u0117tos aromatas suteikia &scaron;vie\u017eumo ir gaivumo jausm\u0105.<\/p>\n<p>Gamintojas rekomenduoja: nor\u0117dami tur\u0117ti sveikus dantis ir dantenas, reguliariai bent du kartus per dien\u0105 naudokite DENTAL PRO Sensitive care Natural protection dant\u0173 past\u0105, valydami dantis 2-3 minutes tinkamu dant\u0173 &scaron;epet\u0117liu. Pakuot\u0117 pagaminta i&scaron; perdirbto kartono.<\/p>\n<p>Sud\u0117tyje yra 0,1% natrio fluorido (fluoro pavidalu) Tik suaugusiems.<br \/>\n&nbsp;<\/p>\n","protected":false},"excerpt":{"rendered":"<p>D\u0117l daugelio kenksming\u0173 burnos ertm\u0117s veiksni\u0173 &nbsp;dant\u0173 emalyje susidaro \u012ftr\u016bkimai. Per juos bet koks i&scaron;orinis dirginimas pasiekia po juo esant\u012f dentin\u0105 ir palie\u010dia danties nervines gal\u016bnes, tod\u0117l padid\u0117ja jautrumas. DENTAL PRO Sensitive care dant\u0173 pasta tinka \u017emon\u0117ms, turintiems toki\u0173 problem\u0173. Reguliarus naudojimas mal&scaron;ina skausm\u0105 valgant ir geriant bei sukuria komforto jausm\u0105. Specialios formul\u0117s dant\u0173 pastos [&#8230;]\n","protected":false},"featured_media":103060,"template":"","meta":[],"product_cat":[2181],"product_tag":[],"class_list":{"0":"post-38706","1":"product","2":"type-product","3":"status-publish","4":"has-post-thumbnail","6":"product_brand-rubella-bg-lt","7":"product_cat-bez-kategorijas-lt","9":"first","10":"instock","11":"taxable","12":"shipping-taxable","13":"product-type-simple"},"_links":{"self":[{"href":"https:\/\/e.kosmolat.eu\/lt\/wp-json\/wp\/v2\/product\/38706","targetHints":{"allow":["GET"]}}],"collection":[{"href":"https:\/\/e.kosmolat.eu\/lt\/wp-json\/wp\/v2\/product"}],"about":[{"href":"https:\/\/e.kosmolat.eu\/lt\/wp-json\/wp\/v2\/types\/product"}],"wp:featuredmedia":[{"embeddable":true,"href":"https:\/\/e.kosmolat.eu\/lt\/wp-json\/wp\/v2\/media\/103060"}],"wp:attachment":[{"href":"https:\/\/e.kosmolat.eu\/lt\/wp-json\/wp\/v2\/media?parent=38706"}],"wp:term":[{"taxonomy":"product_cat","embeddable":true,"href":"https:\/\/e.kosmolat.eu\/lt\/wp-json\/wp\/v2\/product_cat?post=38706"},{"taxonomy":"product_tag","embeddable":true,"href":"https:\/\/e.kosmolat.eu\/lt\/wp-json\/wp\/v2\/product_tag?post=38706"}],"curies":[{"name":"wp","href":"https:\/\/api.w.org\/{rel}","templated":true}]}}