{"id":38702,"date":"2023-12-22T22:03:42","date_gmt":"2023-12-22T22:03:42","guid":{"rendered":"https:\/\/e.kosmolat.eu\/product\/dental-pro-3d-whitening-formula-zobu-pasta-75-ml\/"},"modified":"2026-04-20T08:14:04","modified_gmt":"2026-04-20T08:14:04","slug":"dental-pro-3d-whitening-formula-zobu-pasta-75-ml","status":"publish","type":"product","link":"https:\/\/e.kosmolat.eu\/lt\/produktas\/dental-pro-3d-whitening-formula-zobu-pasta-75-ml\/","title":{"rendered":"DENTAL PRO 3D Whitening Formula Dant\u0173 pasta, 75 ml"},"content":{"rendered":"<p>RUBELLA DENTAL PRO 3D Whitening Formula dant\u0173 pasta, 75 ml<br \/>\nNema\u017eai kenksming\u0173 veiksni\u0173, pavyzd\u017eiui, maiste ir g\u0117rimuose esan\u010dios r\u016bg\u0161tys, veikia dantis. Tai veda prie apna\u0161\u0173 kaupimosi, d\u0117mi\u0173 ir dant\u0173 pageltimo. Specialiai sukurta DENTAL PRO 3D Whitening Formula dant\u0173 pastos formul\u0117 \u0161velniai, bet efektyviai valo dantis. Natrio fosfato ir silicio mikrogranuli\u0173 kompleksas efektyviai r\u016bpinasi dant\u0173 baltumo atstatymu. Natrio fosfatas naikina apna\u0161as ir d\u0117mes, o silicio mikrogranul\u0117s d\u0117l savo aktyvaus abrazyvinio veikimo atskiria apna\u0161as, valo ir poliruoja dant\u0173 emal\u012f. Galutinis efektas &ndash; malonus \u0161vari\u0173 ir lygi\u0173 dant\u0173 poj\u016btis.<\/p>\n<p>\nGamintojas rekomenduoja: nor\u0117dami tur\u0117ti sveikus dantis ir dantenas, reguliariai bent du kartus per dien\u0105 naudokite DENTAL PRO 3D Whitening dant\u0173 past\u0105, valydami dantis 2-3 minutes tinkamu dant\u0173 \u0161epet\u0117liu. Pakuot\u0117 pagaminta i\u0161 perdirbto kartono.<\/p>\n<p>Sud\u0117tyje yra 0,15% natrio fluorido (fluoro pavidalu) Tik suaugusiems.<br \/>\n&nbsp;<\/p>\n","protected":false},"excerpt":{"rendered":"<p>RUBELLA DENTAL PRO 3D Whitening Formula dant\u0173 pasta, 75 ml Nema\u017eai kenksming\u0173 veiksni\u0173, pavyzd\u017eiui, maiste ir g\u0117rimuose esan\u010dios r\u016bg\u0161tys, veikia dantis. Tai veda prie apna\u0161\u0173 kaupimosi, d\u0117mi\u0173 ir dant\u0173 pageltimo. Specialiai sukurta DENTAL PRO 3D Whitening Formula dant\u0173 pastos formul\u0117 \u0161velniai, bet efektyviai valo dantis. Natrio fosfato ir silicio mikrogranuli\u0173 kompleksas efektyviai r\u016bpinasi dant\u0173 baltumo [&#8230;]\n","protected":false},"featured_media":101518,"template":"","meta":[],"product_cat":[1308],"product_tag":[],"class_list":{"0":"post-38702","1":"product","2":"type-product","3":"status-publish","4":"has-post-thumbnail","6":"product_brand-rubella-bg-lt","7":"product_cat-dantu-pastos-ir-geliai","9":"first","10":"instock","11":"taxable","12":"shipping-taxable","13":"product-type-simple"},"_links":{"self":[{"href":"https:\/\/e.kosmolat.eu\/lt\/wp-json\/wp\/v2\/product\/38702","targetHints":{"allow":["GET"]}}],"collection":[{"href":"https:\/\/e.kosmolat.eu\/lt\/wp-json\/wp\/v2\/product"}],"about":[{"href":"https:\/\/e.kosmolat.eu\/lt\/wp-json\/wp\/v2\/types\/product"}],"wp:featuredmedia":[{"embeddable":true,"href":"https:\/\/e.kosmolat.eu\/lt\/wp-json\/wp\/v2\/media\/101518"}],"wp:attachment":[{"href":"https:\/\/e.kosmolat.eu\/lt\/wp-json\/wp\/v2\/media?parent=38702"}],"wp:term":[{"taxonomy":"product_cat","embeddable":true,"href":"https:\/\/e.kosmolat.eu\/lt\/wp-json\/wp\/v2\/product_cat?post=38702"},{"taxonomy":"product_tag","embeddable":true,"href":"https:\/\/e.kosmolat.eu\/lt\/wp-json\/wp\/v2\/product_tag?post=38702"}],"curies":[{"name":"wp","href":"https:\/\/api.w.org\/{rel}","templated":true}]}}