{"id":38694,"date":"2023-12-22T22:03:10","date_gmt":"2023-12-22T22:03:10","guid":{"rendered":"https:\/\/e.kosmolat.eu\/product\/dental-pro-repair-protect-zobu-pasta-75-ml\/"},"modified":"2026-04-22T09:10:19","modified_gmt":"2026-04-22T09:10:19","slug":"dental-pro-repair-protect-zobu-pasta-75-ml","status":"publish","type":"product","link":"https:\/\/e.kosmolat.eu\/lt\/produktas\/dental-pro-repair-protect-zobu-pasta-75-ml\/","title":{"rendered":"DENTAL PRO Repair&#038;Protect Dant\u0173 pasta, 75 ml"},"content":{"rendered":"<p>Veikiant daugybei kenksming\u0173 veiksni\u0173, dant\u0173 emalis demineralizuojamas ir jie tampa itin jautr\u016bs. DENTAL PRO Repair&amp;Protect dant\u0173 pastos sud\u0117tyje yra veikliosios med\u017eiagos hidroksiapatito, kurio strukt\u016bra susideda i&scaron; kalcio ir fosfato jon\u0173 ir yra pagrindin\u0117 mineralin\u0117 med\u017eiaga, sudaranti 2 i&scaron;orinius dant\u0173 sluoksnius &ndash; emal\u012f ir dentin\u0105. Siekiant efektyvesnio hidroksiapatito \u012fsisavinimo ir veikimo, dant\u0173 pastos formul\u0117je n\u0117ra vandens. Susilietus su seil\u0117se esan\u010diu vandeniu pastoje esantis hidroksiapatitas aktyvuojamas, o &scaron;ios reakcijos metu i&scaron;siskiriantys kalcio ir fosfato jonai prasiskverbia \u012f susidariusius ply&scaron;ius ir juos u\u017epildo, atstatydami emal\u012f. Taigi dant\u0173 emalis i&scaron;lyginamas, o tai suma\u017eina skausm\u0105 padid\u0117jus dant\u0173 jautrumui. Atkuria mikro\u012ftr\u016bkimus ir \u012fbr\u0117\u017eimus bei atkuria emalio stiprum\u0105.<\/p>\n<p><strong>Naudojimo b\u016bdas:<\/strong>&nbsp;kad dantis ir dantenos b\u016bt\u0173 sveiki, odontologai rekomenduoja valyti dantis ne ma\u017eiau nei 2 kartus per dien\u0105 2-3 minutes.<\/p>\n<p><strong>Saugumo priemon\u0117s:&nbsp;<\/strong>Sud\u0117tyje yra 0,15% natrio fluorido (fluoro at\u017evilgiu). Tik suaugusiems.<\/p>\n","protected":false},"excerpt":{"rendered":"<p>Veikiant daugybei kenksming\u0173 veiksni\u0173, dant\u0173 emalis demineralizuojamas ir jie tampa itin jautr\u016bs. DENTAL PRO Repair&amp;Protect dant\u0173 pastos sud\u0117tyje yra veikliosios med\u017eiagos hidroksiapatito, kurio strukt\u016bra susideda i&scaron; kalcio ir fosfato jon\u0173 ir yra pagrindin\u0117 mineralin\u0117 med\u017eiaga, sudaranti 2 i&scaron;orinius dant\u0173 sluoksnius &ndash; emal\u012f ir dentin\u0105. Siekiant efektyvesnio hidroksiapatito \u012fsisavinimo ir veikimo, dant\u0173 pastos formul\u0117je n\u0117ra vandens. [&#8230;]\n","protected":false},"featured_media":101077,"template":"","meta":[],"product_cat":[2181],"product_tag":[],"class_list":{"0":"post-38694","1":"product","2":"type-product","3":"status-publish","4":"has-post-thumbnail","6":"product_brand-rubella-bg-lt","7":"product_cat-bez-kategorijas-lt","9":"first","10":"instock","11":"taxable","12":"shipping-taxable","13":"product-type-simple"},"_links":{"self":[{"href":"https:\/\/e.kosmolat.eu\/lt\/wp-json\/wp\/v2\/product\/38694","targetHints":{"allow":["GET"]}}],"collection":[{"href":"https:\/\/e.kosmolat.eu\/lt\/wp-json\/wp\/v2\/product"}],"about":[{"href":"https:\/\/e.kosmolat.eu\/lt\/wp-json\/wp\/v2\/types\/product"}],"wp:featuredmedia":[{"embeddable":true,"href":"https:\/\/e.kosmolat.eu\/lt\/wp-json\/wp\/v2\/media\/101077"}],"wp:attachment":[{"href":"https:\/\/e.kosmolat.eu\/lt\/wp-json\/wp\/v2\/media?parent=38694"}],"wp:term":[{"taxonomy":"product_cat","embeddable":true,"href":"https:\/\/e.kosmolat.eu\/lt\/wp-json\/wp\/v2\/product_cat?post=38694"},{"taxonomy":"product_tag","embeddable":true,"href":"https:\/\/e.kosmolat.eu\/lt\/wp-json\/wp\/v2\/product_tag?post=38694"}],"curies":[{"name":"wp","href":"https:\/\/api.w.org\/{rel}","templated":true}]}}