{"id":38690,"date":"2023-12-22T22:02:48","date_gmt":"2023-12-22T22:02:48","guid":{"rendered":"https:\/\/e.kosmolat.eu\/product\/dental-pro-kids-3-6-zobu-pasta-berniem-50-ml\/"},"modified":"2026-04-22T09:09:58","modified_gmt":"2026-04-22T09:09:58","slug":"dental-pro-kids-3-6-zobu-pasta-berniem-50-ml","status":"publish","type":"product","link":"https:\/\/e.kosmolat.eu\/lt\/produktas\/dental-pro-kids-3-6-zobu-pasta-berniem-50-ml\/","title":{"rendered":"DENTAL PRO Kids 3-6 dant\u0173 pasta vaikams 50 ml"},"content":{"rendered":"<p>RUBELLA DENTAL PRO Kids 3-6 dant\u0173 pasta vaikams 50 ml<br \/>\nPastos specialios formul\u0117s gelio formul\u0117 be fluoro ir ma\u017eo abrazyvumo, tinka vaikams, turintiems pienini\u0173 ir nuolatini\u0173 dant\u0173. Sud\u0117tyje n\u0117ra paraben\u0173, alergen\u0173, SLS, da\u017eikli\u0173 ir pasi\u017eymi subtiliu, \u0161velniu poveikiu, u\u017etikrinan\u010diu efektyvi\u0105 vaik\u0173 dant\u0173 apsaug\u0105 ir profilaktik\u0105. Nat\u016bralaus saldiklio ksilitolis suma\u017eina bakterij\u0173, kurios sukelia ertmes, vystym\u0105si. Reguliarus naudojimas padeda apsaugoti jautrias vaik\u0173 dantenas nuo u\u017edegimo. Dant\u0173 pasta yra malonaus bra\u0161ki\u0173 skonio ir skatina gerus higienos \u012fpro\u010dius nuo ankstyvo am\u017eiaus.<br \/>\nNaudojimo instrukcijos ir \u012fsp\u0117jimai: Steb\u0117kite, kaip vaikai valosi dantis. Pad\u0117kite vaikui &nbsp;i\u0161spjauti past\u0105 i\u0161sivalius dantis. Dantis rekomenduojama valyti du kartus per dien\u0105 tinkamu vaiki\u0161ku \u0161epet\u0117liu. Naudoti pri\u017ei\u016brint t\u0117vams.<br \/>\n&nbsp;<\/p>\n","protected":false},"excerpt":{"rendered":"<p>RUBELLA DENTAL PRO Kids 3-6 dant\u0173 pasta vaikams 50 ml Pastos specialios formul\u0117s gelio formul\u0117 be fluoro ir ma\u017eo abrazyvumo, tinka vaikams, turintiems pienini\u0173 ir nuolatini\u0173 dant\u0173. Sud\u0117tyje n\u0117ra paraben\u0173, alergen\u0173, SLS, da\u017eikli\u0173 ir pasi\u017eymi subtiliu, \u0161velniu poveikiu, u\u017etikrinan\u010diu efektyvi\u0105 vaik\u0173 dant\u0173 apsaug\u0105 ir profilaktik\u0105. Nat\u016bralaus saldiklio ksilitolis suma\u017eina bakterij\u0173, kurios sukelia ertmes, vystym\u0105si. Reguliarus [&#8230;]\n","protected":false},"featured_media":100564,"template":"","meta":[],"product_cat":[2181],"product_tag":[],"class_list":{"0":"post-38690","1":"product","2":"type-product","3":"status-publish","4":"has-post-thumbnail","6":"product_brand-rubella-bg-lt","7":"product_cat-bez-kategorijas-lt","9":"first","10":"instock","11":"taxable","12":"shipping-taxable","13":"product-type-simple"},"_links":{"self":[{"href":"https:\/\/e.kosmolat.eu\/lt\/wp-json\/wp\/v2\/product\/38690","targetHints":{"allow":["GET"]}}],"collection":[{"href":"https:\/\/e.kosmolat.eu\/lt\/wp-json\/wp\/v2\/product"}],"about":[{"href":"https:\/\/e.kosmolat.eu\/lt\/wp-json\/wp\/v2\/types\/product"}],"wp:featuredmedia":[{"embeddable":true,"href":"https:\/\/e.kosmolat.eu\/lt\/wp-json\/wp\/v2\/media\/100564"}],"wp:attachment":[{"href":"https:\/\/e.kosmolat.eu\/lt\/wp-json\/wp\/v2\/media?parent=38690"}],"wp:term":[{"taxonomy":"product_cat","embeddable":true,"href":"https:\/\/e.kosmolat.eu\/lt\/wp-json\/wp\/v2\/product_cat?post=38690"},{"taxonomy":"product_tag","embeddable":true,"href":"https:\/\/e.kosmolat.eu\/lt\/wp-json\/wp\/v2\/product_tag?post=38690"}],"curies":[{"name":"wp","href":"https:\/\/api.w.org\/{rel}","templated":true}]}}