{"id":38682,"date":"2023-12-22T22:02:18","date_gmt":"2023-12-22T22:02:18","guid":{"rendered":"https:\/\/e.kosmolat.eu\/product\/dental-pro-kids-6-zobu-pasta-50-ml\/"},"modified":"2026-04-23T08:34:41","modified_gmt":"2026-04-23T08:34:41","slug":"dental-pro-kids-6-zobu-pasta-50-ml","status":"publish","type":"product","link":"https:\/\/e.kosmolat.eu\/lt\/produktas\/dental-pro-kids-6-zobu-pasta-50-ml\/","title":{"rendered":"DENTAL PRO Kids 6+ dant\u0173 pasta 50 ml"},"content":{"rendered":"<p>RUBELLA DENTAL PRO Kids 6+ dant\u0173 pasta 50 ml<br \/>\nDant\u0173 pasta turi specialiai sukurt\u0105 gelio formul\u0119, kurioje n\u0117ra fluoro, paraben\u0173, SLS ir tinka vaikams, turintiems pienini\u0173 ir nuolatini\u0173 dant\u0173. Speciali formul\u0117, pasi\u017eyminti ma\u017eu abrazyvumu, pasi\u017eymi subtiliu ir \u0161velniu veikimu, u\u017etikrina veiksming\u0105 vaik\u0173 dant\u0173 apsaug\u0105 ir profilaktik\u0105. Tausoja emal\u012f, saugo nuo \u0117duonies susidarymo vaik\u0173 dantis. Kalcio glicerofosfatas padeda stiprinti dant\u0173 emal\u012f. Bisabololis papildomai apsaugo gle\u017enas vaik\u0173 dantenas. Pasta obuoli\u0173 skonio, tod\u0117l valytis dantis kasdien vienas malonumas.<br \/>\nNaudojimo instrukcijos ir \u012fsp\u0117jimai: Steb\u0117kite, kaip vaikai valo dantis. Pad\u0117kite vaikui j\u012f i\u0161spjauti i\u0161sival\u0119 dantis. Dantis rekomenduojama valyti du kartus per dien\u0105 tinkamu vaiki\u0161ku \u0161epet\u0117liu. Naudoti pri\u017ei\u016brint t\u0117vams.<br \/>\n&nbsp;<\/p>\n","protected":false},"excerpt":{"rendered":"<p>RUBELLA DENTAL PRO Kids 6+ dant\u0173 pasta 50 ml Dant\u0173 pasta turi specialiai sukurt\u0105 gelio formul\u0119, kurioje n\u0117ra fluoro, paraben\u0173, SLS ir tinka vaikams, turintiems pienini\u0173 ir nuolatini\u0173 dant\u0173. Speciali formul\u0117, pasi\u017eyminti ma\u017eu abrazyvumu, pasi\u017eymi subtiliu ir \u0161velniu veikimu, u\u017etikrina veiksming\u0105 vaik\u0173 dant\u0173 apsaug\u0105 ir profilaktik\u0105. Tausoja emal\u012f, saugo nuo \u0117duonies susidarymo vaik\u0173 dantis. Kalcio [&#8230;]\n","protected":false},"featured_media":101578,"template":"","meta":[],"product_cat":[1337],"product_tag":[],"class_list":{"0":"post-38682","1":"product","2":"type-product","3":"status-publish","4":"has-post-thumbnail","6":"product_brand-rubella-bg-lt","7":"product_cat-burnos-higiena","9":"first","10":"instock","11":"taxable","12":"shipping-taxable","13":"product-type-simple"},"_links":{"self":[{"href":"https:\/\/e.kosmolat.eu\/lt\/wp-json\/wp\/v2\/product\/38682","targetHints":{"allow":["GET"]}}],"collection":[{"href":"https:\/\/e.kosmolat.eu\/lt\/wp-json\/wp\/v2\/product"}],"about":[{"href":"https:\/\/e.kosmolat.eu\/lt\/wp-json\/wp\/v2\/types\/product"}],"wp:featuredmedia":[{"embeddable":true,"href":"https:\/\/e.kosmolat.eu\/lt\/wp-json\/wp\/v2\/media\/101578"}],"wp:attachment":[{"href":"https:\/\/e.kosmolat.eu\/lt\/wp-json\/wp\/v2\/media?parent=38682"}],"wp:term":[{"taxonomy":"product_cat","embeddable":true,"href":"https:\/\/e.kosmolat.eu\/lt\/wp-json\/wp\/v2\/product_cat?post=38682"},{"taxonomy":"product_tag","embeddable":true,"href":"https:\/\/e.kosmolat.eu\/lt\/wp-json\/wp\/v2\/product_tag?post=38682"}],"curies":[{"name":"wp","href":"https:\/\/api.w.org\/{rel}","templated":true}]}}