{"id":38662,"date":"2023-12-22T22:00:16","date_gmt":"2023-12-22T22:00:16","guid":{"rendered":"https:\/\/e.kosmolat.eu\/product\/mg-balzams-pec-skusanas-ar-aktiveto-ogli-100-ml\/"},"modified":"2026-04-10T11:24:04","modified_gmt":"2026-04-10T11:24:04","slug":"mg-balzams-pec-skusanas-ar-aktiveto-ogli-100-ml","status":"publish","type":"product","link":"https:\/\/e.kosmolat.eu\/lt\/produktas\/mg-balzams-pec-skusanas-ar-aktiveto-ogli-100-ml\/","title":{"rendered":"MISTER GROOMER  balzamas po skutimosi su aktyvuota anglimi, 100 ml"},"content":{"rendered":"<p>Balzamas po skutimosi su aktyvuota anglimi. Specialiai sukurta formul\u0117, praturtinta aktyvuota med\u017eio anglimi, D-pantenoliu ir medetk\u0173 ekstraktu. Mink\u0161tina. Aktyvuota anglis &ndash; sugeria tar\u0161\u0105. D-Panthenol &ndash; ma\u017eina paraudim\u0105.<\/p>\n<p><strong>Naudojimas: <\/strong>tepkite vis\u0105 veid\u0105, lengva tekst\u016bra greitai susigeria.<br \/>\nVenkite zonos aplink akis.<br \/>\n&nbsp;<\/p>\n","protected":false},"excerpt":{"rendered":"<p>Balzamas po skutimosi su aktyvuota anglimi. Specialiai sukurta formul\u0117, praturtinta aktyvuota med\u017eio anglimi, D-pantenoliu ir medetk\u0173 ekstraktu. Mink\u0161tina. Aktyvuota anglis &ndash; sugeria tar\u0161\u0105. D-Panthenol &ndash; ma\u017eina paraudim\u0105. Naudojimas: tepkite vis\u0105 veid\u0105, lengva tekst\u016bra greitai susigeria. Venkite zonos aplink akis. &nbsp;<\/p>\n","protected":false},"featured_media":99429,"template":"","meta":[],"product_cat":[1678],"product_tag":[],"class_list":{"0":"post-38662","1":"product","2":"type-product","3":"status-publish","4":"has-post-thumbnail","6":"product_brand-rubella-bg-lt","7":"product_cat-veido-prieziurai","9":"first","10":"instock","11":"taxable","12":"shipping-taxable","13":"product-type-simple"},"_links":{"self":[{"href":"https:\/\/e.kosmolat.eu\/lt\/wp-json\/wp\/v2\/product\/38662","targetHints":{"allow":["GET"]}}],"collection":[{"href":"https:\/\/e.kosmolat.eu\/lt\/wp-json\/wp\/v2\/product"}],"about":[{"href":"https:\/\/e.kosmolat.eu\/lt\/wp-json\/wp\/v2\/types\/product"}],"wp:featuredmedia":[{"embeddable":true,"href":"https:\/\/e.kosmolat.eu\/lt\/wp-json\/wp\/v2\/media\/99429"}],"wp:attachment":[{"href":"https:\/\/e.kosmolat.eu\/lt\/wp-json\/wp\/v2\/media?parent=38662"}],"wp:term":[{"taxonomy":"product_cat","embeddable":true,"href":"https:\/\/e.kosmolat.eu\/lt\/wp-json\/wp\/v2\/product_cat?post=38662"},{"taxonomy":"product_tag","embeddable":true,"href":"https:\/\/e.kosmolat.eu\/lt\/wp-json\/wp\/v2\/product_tag?post=38662"}],"curies":[{"name":"wp","href":"https:\/\/api.w.org\/{rel}","templated":true}]}}