{"id":38634,"date":"2023-12-22T21:57:27","date_gmt":"2023-12-22T21:57:27","guid":{"rendered":"https:\/\/e.kosmolat.eu\/product\/deba-roll-on-deo-vanilla-50ml\/"},"modified":"2026-04-22T09:50:39","modified_gmt":"2026-04-22T09:50:39","slug":"deba-roll-on-vanilas-dezodorants-50-ml","status":"publish","type":"product","link":"https:\/\/e.kosmolat.eu\/lt\/produktas\/deba-roll-on-vanilas-dezodorants-50-ml\/","title":{"rendered":"DeBa Vanil\u0117 Rutulinis dezodorantas, 50 ml"},"content":{"rendered":"<p>Vanil\u0117<br \/>\nRutulinis k\u016bno dezodorantas DeBa.<br \/>\nNaudokite tik pa\u017east\u0173 srityje. Nenaudoti ant pa\u017eeistos ar u\u017edegimin\u0117s odos.<br \/>\n&nbsp;<\/p>\n","protected":false},"excerpt":{"rendered":"<p>Vanil\u0117 Rutulinis k\u016bno dezodorantas DeBa. Naudokite tik pa\u017east\u0173 srityje. Nenaudoti ant pa\u017eeistos ar u\u017edegimin\u0117s odos. &nbsp;<\/p>\n","protected":false},"featured_media":98743,"template":"","meta":[],"product_cat":[2181],"product_tag":[],"class_list":{"0":"post-38634","1":"product","2":"type-product","3":"status-publish","4":"has-post-thumbnail","6":"product_brand-rubella-bg-lt","7":"product_cat-bez-kategorijas-lt","9":"first","10":"instock","11":"taxable","12":"shipping-taxable","13":"product-type-simple"},"_links":{"self":[{"href":"https:\/\/e.kosmolat.eu\/lt\/wp-json\/wp\/v2\/product\/38634","targetHints":{"allow":["GET"]}}],"collection":[{"href":"https:\/\/e.kosmolat.eu\/lt\/wp-json\/wp\/v2\/product"}],"about":[{"href":"https:\/\/e.kosmolat.eu\/lt\/wp-json\/wp\/v2\/types\/product"}],"wp:featuredmedia":[{"embeddable":true,"href":"https:\/\/e.kosmolat.eu\/lt\/wp-json\/wp\/v2\/media\/98743"}],"wp:attachment":[{"href":"https:\/\/e.kosmolat.eu\/lt\/wp-json\/wp\/v2\/media?parent=38634"}],"wp:term":[{"taxonomy":"product_cat","embeddable":true,"href":"https:\/\/e.kosmolat.eu\/lt\/wp-json\/wp\/v2\/product_cat?post=38634"},{"taxonomy":"product_tag","embeddable":true,"href":"https:\/\/e.kosmolat.eu\/lt\/wp-json\/wp\/v2\/product_tag?post=38634"}],"curies":[{"name":"wp","href":"https:\/\/api.w.org\/{rel}","templated":true}]}}