{"id":38614,"date":"2023-12-22T21:55:16","date_gmt":"2023-12-22T21:55:16","guid":{"rendered":"https:\/\/e.kosmolat.eu\/product\/top-ten-roll-on-dezodorants-50-ml\/"},"modified":"2026-03-31T10:09:48","modified_gmt":"2026-03-31T10:09:48","slug":"top-ten-roll-on-dezodorants-50-ml","status":"publish","type":"product","link":"https:\/\/e.kosmolat.eu\/lt\/produktas\/top-ten-roll-on-dezodorants-50-ml\/","title":{"rendered":"TOP TEN Rutulinis dezodorantas, 50 ml"},"content":{"rendered":"<p>Rutilinis dezodorantas normaliai odai.<\/p>\n<p><strong>Naudojimas:<\/strong> Tik pa\u017eastims.<br \/>\n&nbsp;<br \/>\n<strong>Atsargumo priemon\u0117s:<\/strong> Nenaudoti ant pa\u017eeistos ar u\u017edegimin\u0117s odos!<br \/>\n&nbsp;<\/p>\n","protected":false},"excerpt":{"rendered":"<p>Rutilinis dezodorantas normaliai odai. Naudojimas: Tik pa\u017eastims. &nbsp; Atsargumo priemon\u0117s: Nenaudoti ant pa\u017eeistos ar u\u017edegimin\u0117s odos! &nbsp;<\/p>\n","protected":false},"featured_media":98462,"template":"","meta":[],"product_cat":[1694],"product_tag":[],"class_list":{"0":"post-38614","1":"product","2":"type-product","3":"status-publish","4":"has-post-thumbnail","6":"product_brand-rubella-bg-lt","7":"product_cat-dezodorantai-vyrams-2","9":"first","10":"instock","11":"taxable","12":"shipping-taxable","13":"product-type-simple"},"_links":{"self":[{"href":"https:\/\/e.kosmolat.eu\/lt\/wp-json\/wp\/v2\/product\/38614","targetHints":{"allow":["GET"]}}],"collection":[{"href":"https:\/\/e.kosmolat.eu\/lt\/wp-json\/wp\/v2\/product"}],"about":[{"href":"https:\/\/e.kosmolat.eu\/lt\/wp-json\/wp\/v2\/types\/product"}],"wp:featuredmedia":[{"embeddable":true,"href":"https:\/\/e.kosmolat.eu\/lt\/wp-json\/wp\/v2\/media\/98462"}],"wp:attachment":[{"href":"https:\/\/e.kosmolat.eu\/lt\/wp-json\/wp\/v2\/media?parent=38614"}],"wp:term":[{"taxonomy":"product_cat","embeddable":true,"href":"https:\/\/e.kosmolat.eu\/lt\/wp-json\/wp\/v2\/product_cat?post=38614"},{"taxonomy":"product_tag","embeddable":true,"href":"https:\/\/e.kosmolat.eu\/lt\/wp-json\/wp\/v2\/product_tag?post=38614"}],"curies":[{"name":"wp","href":"https:\/\/api.w.org\/{rel}","templated":true}]}}