{"id":38598,"date":"2023-12-22T21:53:14","date_gmt":"2023-12-22T21:53:14","guid":{"rendered":"https:\/\/e.kosmolat.eu\/product\/deba-depilacijas-stremeles-sejai-ar-klingerisu-ekstraktu-20-gab-2\/"},"modified":"2026-04-20T10:19:09","modified_gmt":"2026-04-20T10:19:09","slug":"deba-depilacijas-stremeles-sejai-ar-klingerisu-ekstraktu-20-gab-2","status":"publish","type":"product","link":"https:\/\/e.kosmolat.eu\/lt\/produktas\/deba-depilacijas-stremeles-sejai-ar-klingerisu-ekstraktu-20-gab-2\/","title":{"rendered":"DeBa veido depiliacijos juostel\u0117s su medetk\u0173 ekstraktu. 20 vnt + 1"},"content":{"rendered":"<p>RUBELLA DeBa veido depiliacijos juostel\u0117s su medetk\u0173 ekstraktu yra paprastos ir patogios naudoti bet kuriuo metu. Ilgalaikis veikimas. Medetk\u0173 ekstraktas ramina ir mink&scaron;tina od\u0105 depiliacijos metu. Be cukraus. Rezultatas &ndash; &scaron;velni, &scaron;vari ir lygi oda. Dermatologi&scaron;kai patikrintas.<\/p>\n<p><strong>Naudojimo instrukcija: <\/strong>prie&scaron; naudojim\u0105 rekomenduojame atlikti test\u0105 ant nedidelio odos ploto. Jei po 24 valand\u0173 odos reakcijos nepasirei&scaron;kia, naudokite toliau. Atkreipkite d\u0117mes\u012f, kad po depiliacijos kelias valandas galimas nedidelis odos paraudimas, tai nat\u016brali priimtina reakcija.<\/p>\n<ol>\n<li>Oda turi b\u016bti visi&scaron;kai &scaron;vari ir sausa. Jei oda dr\u0117gna, depiliacijos viet\u0105 lengvai pabarstykite talko milteliais.<\/li>\n<li>Paimkite depiliacin\u0119 juostel\u0119 ir kelet\u0105 minu\u010di\u0173 pa&scaron;ildykite rankomis.<\/li>\n<li>Prad\u0117kite l\u0117tai atskirti dvigub\u0105 juostel\u0119 nuo kamp\u0173. I&scaron;saugokite kit\u0105 pus\u0119 v\u0117lesniam naudojimui.<\/li>\n<li>Pus\u0119 depiliacin\u0117s juostos &scaron;velniai priklijuokite prie odos plaukeli\u0173 augimo kryptimi.<\/li>\n<li>Viena ranka pritraukite od\u0105, o kita ranka greitai ir staigiai patraukite juost\u0105 prie&scaron;inga plauk\u0173 augimo kryptimi.<\/li>\n<li>T\u0105 pa\u010di\u0105 juostel\u0119 galima naudoti kelis kartus. Nor\u0117dami pakartotinai naudoti, sulenkite juostel\u0119 per pus\u0119 ir patrinkite<\/li>\n<li>Po depiliacijos liku\u010dius pa&scaron;alinkite prid\u0117ta servet\u0117le. Tada nuplaukite &scaron;iltu vandeniu, nenaudodami muilo ar alkoholio turin\u010di\u0173 produkt\u0173, kad pa&scaron;alintum\u0117te liku\u010dius.<\/li>\n<\/ol>\n","protected":false},"excerpt":{"rendered":"<p>RUBELLA DeBa veido depiliacijos juostel\u0117s su medetk\u0173 ekstraktu yra paprastos ir patogios naudoti bet kuriuo metu. Ilgalaikis veikimas. Medetk\u0173 ekstraktas ramina ir mink&scaron;tina od\u0105 depiliacijos metu. Be cukraus. Rezultatas &ndash; &scaron;velni, &scaron;vari ir lygi oda. Dermatologi&scaron;kai patikrintas. Naudojimo instrukcija: prie&scaron; naudojim\u0105 rekomenduojame atlikti test\u0105 ant nedidelio odos ploto. Jei po 24 valand\u0173 odos reakcijos nepasirei&scaron;kia, [&#8230;]\n","protected":false},"featured_media":102619,"template":"","meta":[],"product_cat":[1624],"product_tag":[],"class_list":{"0":"post-38598","1":"product","2":"type-product","3":"status-publish","4":"has-post-thumbnail","6":"product_brand-rubella-bg-lt","7":"product_cat-depiliacijos-priemones","9":"first","10":"instock","11":"taxable","12":"shipping-taxable","13":"product-type-simple"},"_links":{"self":[{"href":"https:\/\/e.kosmolat.eu\/lt\/wp-json\/wp\/v2\/product\/38598","targetHints":{"allow":["GET"]}}],"collection":[{"href":"https:\/\/e.kosmolat.eu\/lt\/wp-json\/wp\/v2\/product"}],"about":[{"href":"https:\/\/e.kosmolat.eu\/lt\/wp-json\/wp\/v2\/types\/product"}],"wp:featuredmedia":[{"embeddable":true,"href":"https:\/\/e.kosmolat.eu\/lt\/wp-json\/wp\/v2\/media\/102619"}],"wp:attachment":[{"href":"https:\/\/e.kosmolat.eu\/lt\/wp-json\/wp\/v2\/media?parent=38598"}],"wp:term":[{"taxonomy":"product_cat","embeddable":true,"href":"https:\/\/e.kosmolat.eu\/lt\/wp-json\/wp\/v2\/product_cat?post=38598"},{"taxonomy":"product_tag","embeddable":true,"href":"https:\/\/e.kosmolat.eu\/lt\/wp-json\/wp\/v2\/product_tag?post=38598"}],"curies":[{"name":"wp","href":"https:\/\/api.w.org\/{rel}","templated":true}]}}