{"id":38594,"date":"2023-12-22T21:52:44","date_gmt":"2023-12-22T21:52:44","guid":{"rendered":"https:\/\/e.kosmolat.eu\/product\/deba-kermena-depilacijas-stremeles-ar-klingerisu-ekstraktu-20-gab-2\/"},"modified":"2026-04-20T09:28:02","modified_gmt":"2026-04-20T09:28:02","slug":"deba-kermena-depilacijas-stremeles-ar-klingerisu-ekstraktu-20-gab-2","status":"publish","type":"product","link":"https:\/\/e.kosmolat.eu\/lt\/produktas\/deba-kermena-depilacijas-stremeles-ar-klingerisu-ekstraktu-20-gab-2\/","title":{"rendered":"DeBa Depiliacin\u0117s juostel\u0117s su medetk\u0173 ekstraktu lengva ir patogu naudoti bet kuriuo metu. 20 vnt +"},"content":{"rendered":"<p>Ilgalaikis veikimas. Medetk\u0173 ekstraktas ramina ir mink\u0161tina od\u0105 depiliacijos metu. Be cukraus. Depiliacijos u\u017ebaigimui, rinkinyje yra dvi servet\u0117l\u0117s, kuriomis greitai ir lengvai pa\u0161alinami depiliacijos juosteli\u0173 liku\u010diai. Rezultatas &ndash; \u0161velni, \u0161vari ir lygi oda.&nbsp;<\/p>\n<p>Dermatologi\u0161kai patikrinta.<br \/>\nNaudojimo instrukcija: prie\u0161 naudojim\u0105 rekomenduojame atlikti test\u0105 ant nedidelio odos ploto. Jei po 24 valand\u0173 odos reakcijos nepasirei\u0161kia, naudokite toliau. Atkreipkite d\u0117mes\u012f, kad po depiliacijos kelias valandas galimas nedidelis odos paraudimas<\/p>\n<p>D\u0117mesio! Perskaitykite prie\u0161 naudodami gamin\u012f!<br \/>\nAtlikite standartin\u012f test\u0105<br \/>\njautrumas &ndash; u\u017etepkite nedidel\u012f kiek\u012f kremo ant nedidelio odos ploto alk\u016bn\u0117s srityje. Po 10 minu\u010di\u0173 nuplaukite \u0161iltu vandeniu. Jei po 24 valand\u0173 nepaasirei\u0161k\u0117 &nbsp;odos jautrumas &ndash; nie\u017eulys ar paraudimas, &nbsp;kelias valandas po depiliacijos tai yra normalus rei\u0161kinys.<br \/>\nNaudojimo b\u016bdas:<br \/>\n1. Oda turi b\u016bti visi\u0161kai \u0161vari ir sausa. Jei oda dr\u0117gna, depiliacijos viet\u0105 lengvai pabarstykite talko milteliais. 2. Paimkite depiliacin\u0119 juostel\u0119 ir kelet\u0105 minu\u010di\u0173 pa\u0161ildykite rankomis. 3. Prad\u0117kite l\u0117tai atskirti dvigub\u0105 juostel\u0119 nuo kamp\u0173. I\u0161saugokite kit\u0105 pus\u0119 v\u0117lesniam naudojimui. 4. Pus\u0119 depiliacin\u0117s juostos \u0161velniai priklijuokite prie odos plaukeli\u0173 augimo kryptimi. 5. Viena ranka pritraukite od\u0105, o kita ranka greitai ir staigiai patraukite juost\u0105 prie\u0161inga plauk\u0173 augimo kryptimi. 6. T\u0105 pa\u010di\u0105 juostel\u0119 galima naudoti kelis kartus. Nor\u0117dami pakartotinai naudoti, sulenkite juostel\u0119 per pus\u0119 ir patrinkite7. Po depiliacijos liku\u010dius pa\u0161alinkite prid\u0117ta servet\u0117le. Tada nuplaukite \u0161iltu vandeniu, nenaudodami muilo ar alkoholio turin\u010di\u0173 produkt\u0173, kad pa\u0161alintum\u0117te liku\u010dius.<br \/>\n&nbsp;<\/p>\n","protected":false},"excerpt":{"rendered":"<p>Ilgalaikis veikimas. Medetk\u0173 ekstraktas ramina ir mink\u0161tina od\u0105 depiliacijos metu. Be cukraus. Depiliacijos u\u017ebaigimui, rinkinyje yra dvi servet\u0117l\u0117s, kuriomis greitai ir lengvai pa\u0161alinami depiliacijos juosteli\u0173 liku\u010diai. Rezultatas &ndash; \u0161velni, \u0161vari ir lygi oda.&nbsp; Dermatologi\u0161kai patikrinta. Naudojimo instrukcija: prie\u0161 naudojim\u0105 rekomenduojame atlikti test\u0105 ant nedidelio odos ploto. Jei po 24 valand\u0173 odos reakcijos nepasirei\u0161kia, naudokite toliau. [&#8230;]\n","protected":false},"featured_media":101574,"template":"","meta":[],"product_cat":[1624],"product_tag":[],"class_list":{"0":"post-38594","1":"product","2":"type-product","3":"status-publish","4":"has-post-thumbnail","6":"product_brand-rubella-bg-lt","7":"product_cat-depiliacijos-priemones","9":"first","10":"instock","11":"taxable","12":"shipping-taxable","13":"product-type-simple"},"_links":{"self":[{"href":"https:\/\/e.kosmolat.eu\/lt\/wp-json\/wp\/v2\/product\/38594","targetHints":{"allow":["GET"]}}],"collection":[{"href":"https:\/\/e.kosmolat.eu\/lt\/wp-json\/wp\/v2\/product"}],"about":[{"href":"https:\/\/e.kosmolat.eu\/lt\/wp-json\/wp\/v2\/types\/product"}],"wp:featuredmedia":[{"embeddable":true,"href":"https:\/\/e.kosmolat.eu\/lt\/wp-json\/wp\/v2\/media\/101574"}],"wp:attachment":[{"href":"https:\/\/e.kosmolat.eu\/lt\/wp-json\/wp\/v2\/media?parent=38594"}],"wp:term":[{"taxonomy":"product_cat","embeddable":true,"href":"https:\/\/e.kosmolat.eu\/lt\/wp-json\/wp\/v2\/product_cat?post=38594"},{"taxonomy":"product_tag","embeddable":true,"href":"https:\/\/e.kosmolat.eu\/lt\/wp-json\/wp\/v2\/product_tag?post=38594"}],"curies":[{"name":"wp","href":"https:\/\/api.w.org\/{rel}","templated":true}]}}