{"id":38582,"date":"2023-12-22T21:51:11","date_gmt":"2023-12-22T21:51:11","guid":{"rendered":"https:\/\/e.kosmolat.eu\/product\/deba-depilacijas-krems-5-minutes-normalai-adai-150-ml\/"},"modified":"2025-03-06T14:30:34","modified_gmt":"2025-03-06T14:30:34","slug":"deba-depilacijas-krems-5-minutes-normalai-adai-150-ml","status":"publish","type":"product","link":"https:\/\/e.kosmolat.eu\/lt\/produktas\/deba-depilacijas-krems-5-minutes-normalai-adai-150-ml\/","title":{"rendered":"DeBa Depiliacinis kremas 5 min normaliai odai. 150 ml"},"content":{"rendered":"<p>Greitai ir neskausmingai pa\u0161alina nepageidaujamus plaukelius. Aliej\u0173 derinys dr\u0117kina ir maitina od\u0105, apsaugo nuo sudirginimo ir paraudimo. Vos per 5 minutes j\u016bs\u0173 oda bus \u0161velni ir lygi kelias dienas. Normaliai odai. Tinka veganams.<br \/>\nNat\u016bral\u016bs aliejai, ekstraktai ir j\u0173 paskirtis:<br \/>\n* Migdol\u0173 aliejus &ndash; maitina.<br \/>\n* Taukmed\u017ei\u0173 sviestas &ndash; dr\u0117kina.<br \/>\n* Ramun\u0117li\u0173 ekstraktas &ndash; ramina.<br \/>\nD\u0117mesio! Perskaitykite prie\u0161 naudodami gamin\u012f!<br \/>\nAtlikite standartin\u012f test\u0105<br \/>\njautrumas &ndash; u\u017etepkite nedidel\u012f kiek\u012f kremo ant nedidelio odos ploto alk\u016bn\u0117s srityje. Po 10 minu\u010di\u0173 nuplaukite \u0161iltu vandeniu. Jei po 24 valand\u0173 nepaasirei\u0161k\u0117 &nbsp;odos jautrumas &ndash; nie\u017eulys ar paraudimas, galima naudoti depiliacin\u012f krem\u0105.<br \/>\nAtsargumo priemon\u0117s: visada laikykit\u0117s atsargumo priemoni\u0173 ir naudojimo instrukcij\u0173. Sud\u0117tyje yra kalcio tioglikolato, \u0161armin\u0117s med\u017eiagos. Netepti ant pa\u017eeistos, sudirgusios ir u\u017edegimin\u0117s odos, d\u0117l saul\u0117s nudegimo paraudusios odos, d\u0117mi\u0173 ir apgam\u0173 ant k\u016bno. Jei naudojant priemon\u0119 jau\u010diate deginim\u0105, per\u0161t\u0117jim\u0105 ar kitok\u012f diskomfort\u0105, nedelsdami nuvalykite krem\u0105 nuo odos ir kruop\u0161\u010diai nuplaukite vandeniu.<br \/>\nJei diskomfortas i\u0161lieka, kreipkit\u0117s \u012f gydytoj\u0105. Nenaudokite alkoholio turin\u010di\u0173 produkt\u0173 (kvepal\u0173, dezodorant\u0173, tualetinio vandens ir kt.) ant apdorot\u0173 odos viet\u0173 24 valandas po depiliacijos. Kelias valandas prie\u0161 ir po depiliacijos nelaikykite odos saul\u0117je. Palaukite 72 valandas tarp dviej\u0173 gaminio naudojim\u0173 i\u0161 eil\u0117s. Jei produktas prarytas, nedelsiant kreipkit\u0117s \u012f gydytoj\u0105. Vengti patekimo \u012f akis. Patekus \u012f akis, nedelsiant praplauti dideliu kiekiu vandens ir kreiptis \u012f gydytoj\u0105. Laikyti vaikams nepasiekiamoje vietoje.<br \/>\nNaudojimo b\u016bdas:<br \/>\n1. Mentele tepkite krem\u0105 ant \u0161varios ir sausos odos. Tolygiai paskirstykite, kad kremas visi\u0161kai padengt\u0173 apdorot\u0105 viet\u0105.<br \/>\n2. Palikite krem\u0105 veikti 5 minutes.<br \/>\n3. Mentele nuimkite krem\u0105.<br \/>\n4. Jei nepageidaujamus plaukelius sunku pa\u0161alinti, palikite krem\u0105 veikti ilgiau, bet ne ilgiau kaip 6-7 minutes po u\u017etepimo.<br \/>\n5. Nusi\u0117m\u0119 krem\u0105, od\u0105 kruop\u0161\u010diai nuplaukite ir nusausinkite.<br \/>\nRUBELLA DeBa depiliacinis kremas 5 min normaliai odai.<br \/>\nBe alergen\u0173. Kremas yra greitas sprendimas norint pa\u0161alinti nepageidaujamus plaukelius net ir jautriausiose k\u016bno odos vietose. Per 5 minutes j\u016bs\u0173 oda tampa \u0161velni ir \u0161ilkin\u0117 kelet\u0105 dien\u0173. D\u0117l veikli\u0173j\u0173 alavij\u0173 ir \u017ealiosios arbatos ekstrakt\u0173 med\u017eiag\u0173 kremas dr\u0117kina ir mink\u0161tina od\u0105, kartu saugo j\u0105 nuo u\u017edegim\u0173.<\/p>\n<p>D\u0117mesio! Perskaitykite prie\u0161 naudodami gamin\u012f!<br \/>\nAtlikite standartin\u012f test\u0105<br \/>\njautrumas &ndash; u\u017etepkite nedidel\u012f kiek\u012f kremo ant nedidelio odos ploto alk\u016bn\u0117s srityje. Po 10 minu\u010di\u0173 nuplaukite \u0161iltu vandeniu. Jei po 24 valand\u0173 nepaasirei\u0161k\u0117 &nbsp;odos jautrumas &ndash; nie\u017eulys ar paraudimas, galima naudoti depiliacin\u012f krem\u0105.<br \/>\nAtsargumo priemon\u0117s: visada laikykit\u0117s atsargumo priemoni\u0173 ir naudojimo instrukcij\u0173. Sud\u0117tyje yra kalcio tioglikolato, \u0161armin\u0117s med\u017eiagos. Netepti ant pa\u017eeistos, sudirgusios ir u\u017edegimin\u0117s odos, d\u0117l saul\u0117s nudegimo paraudusios odos, d\u0117mi\u0173 ir apgam\u0173 ant k\u016bno. Jei naudojant priemon\u0119 jau\u010diate deginim\u0105, per\u0161t\u0117jim\u0105 ar kitok\u012f diskomfort\u0105, nedelsdami nuvalykite krem\u0105 nuo odos ir kruop\u0161\u010diai nuplaukite vandeniu.<br \/>\nJei diskomfortas i\u0161lieka, kreipkit\u0117s \u012f gydytoj\u0105. Nenaudokite alkoholio turin\u010di\u0173 produkt\u0173 (kvepal\u0173, dezodorant\u0173, tualetinio vandens ir kt.) ant apdorot\u0173 odos viet\u0173 24 valandas po depiliacijos. Kelias valandas prie\u0161 ir po depiliacijos nelaikykite odos saul\u0117je. Palaukite 72 valandas tarp dviej\u0173 gaminio naudojim\u0173 i\u0161 eil\u0117s. Jei produktas prarytas, nedelsiant kreipkit\u0117s \u012f gydytoj\u0105. Vengti patekimo \u012f akis. Patekus \u012f akis, nedelsiant praplauti dideliu kiekiu vandens ir kreiptis \u012f gydytoj\u0105. Laikyti vaikams nepasiekiamoje vietoje.<br \/>\nNaudojimo b\u016bdas:<br \/>\n1. Mentele tepkite krem\u0105 ant \u0161varios ir sausos odos. Tolygiai paskirstykite, kad kremas visi\u0161kai padengt\u0173 apdorot\u0105 viet\u0105.<br \/>\n2. Palikite krem\u0105 veikti 5 minutes.<br \/>\n3. Mentele nuimkite krem\u0105.<br \/>\n4. Jei nepageidaujamus plaukelius sunku pa\u0161alinti, palikite krem\u0105 veikti ilgiau, bet ne ilgiau kaip 6-7 minutes po u\u017etepimo.<br \/>\n5. Nusi\u0117m\u0119 krem\u0105, od\u0105 kruop\u0161\u010diai nuplaukite ir nusausinkite.<br \/>\n&nbsp;<\/p>\n","protected":false},"excerpt":{"rendered":"<p>Greitai ir neskausmingai pa\u0161alina nepageidaujamus plaukelius. Aliej\u0173 derinys dr\u0117kina ir maitina od\u0105, apsaugo nuo sudirginimo ir paraudimo. Vos per 5 minutes j\u016bs\u0173 oda bus \u0161velni ir lygi kelias dienas. Normaliai odai. Tinka veganams. Nat\u016bral\u016bs aliejai, ekstraktai ir j\u0173 paskirtis: * Migdol\u0173 aliejus &ndash; maitina. * Taukmed\u017ei\u0173 sviestas &ndash; dr\u0117kina. * Ramun\u0117li\u0173 ekstraktas &ndash; ramina. D\u0117mesio! [&#8230;]\n","protected":false},"featured_media":14953,"template":"","meta":[],"product_cat":[1624],"product_tag":[],"class_list":{"0":"post-38582","1":"product","2":"type-product","3":"status-publish","4":"has-post-thumbnail","6":"product_brand-rubella-bg-lt","7":"product_cat-depiliacijos-priemones","9":"first","10":"outofstock","11":"taxable","12":"shipping-taxable","13":"product-type-simple"},"_links":{"self":[{"href":"https:\/\/e.kosmolat.eu\/lt\/wp-json\/wp\/v2\/product\/38582","targetHints":{"allow":["GET"]}}],"collection":[{"href":"https:\/\/e.kosmolat.eu\/lt\/wp-json\/wp\/v2\/product"}],"about":[{"href":"https:\/\/e.kosmolat.eu\/lt\/wp-json\/wp\/v2\/types\/product"}],"wp:featuredmedia":[{"embeddable":true,"href":"https:\/\/e.kosmolat.eu\/lt\/wp-json\/wp\/v2\/media\/14953"}],"wp:attachment":[{"href":"https:\/\/e.kosmolat.eu\/lt\/wp-json\/wp\/v2\/media?parent=38582"}],"wp:term":[{"taxonomy":"product_cat","embeddable":true,"href":"https:\/\/e.kosmolat.eu\/lt\/wp-json\/wp\/v2\/product_cat?post=38582"},{"taxonomy":"product_tag","embeddable":true,"href":"https:\/\/e.kosmolat.eu\/lt\/wp-json\/wp\/v2\/product_tag?post=38582"}],"curies":[{"name":"wp","href":"https:\/\/api.w.org\/{rel}","templated":true}]}}