{"id":38578,"date":"2023-12-22T21:50:50","date_gmt":"2023-12-22T21:50:50","guid":{"rendered":"https:\/\/e.kosmolat.eu\/product\/dental-total-clean-zobu-birste-soft-1-gab\/"},"modified":"2026-04-10T14:06:54","modified_gmt":"2026-04-10T14:06:54","slug":"dental-total-clean-zobu-birste-soft-1-gab","status":"publish","type":"product","link":"https:\/\/e.kosmolat.eu\/lt\/produktas\/dental-total-clean-zobu-birste-soft-1-gab\/","title":{"rendered":"DENTAL Total Clean dant\u0173 \u0161epet\u0117lis (Soft) 1 vnt."},"content":{"rendered":"<p>RUBELLA DENTAL Total Clean dant\u0173 \u0161epet\u0117lis (Soft) 1 vnt.<br \/>\nDant\u0173 \u0161epet\u0117lis u\u017etikrina \u0161velni\u0105 dant\u0173 ir danten\u0173 prie\u017ei\u016br\u0105 bei maksimali\u0105 burnos higien\u0105. Dvigubas efektas &ndash; trumpesni \u0161ereliai nuvalo apna\u0161as ir \u012fsisen\u0117jusias d\u0117mes ant dant\u0173, o ilgesni \u0161ereliai prasiskverbia tarp dant\u0173 ir juos valo. Galas suapvalintas &ndash; suapvalinti \u0161eri\u0173 galiukai apsaugo dantis ir dantenas. Ergonomi\u0161ka rankena &ndash; ergonomi\u0161ka rankena<br \/>\n&nbsp;<\/p>\n","protected":false},"excerpt":{"rendered":"<p>RUBELLA DENTAL Total Clean dant\u0173 \u0161epet\u0117lis (Soft) 1 vnt. Dant\u0173 \u0161epet\u0117lis u\u017etikrina \u0161velni\u0105 dant\u0173 ir danten\u0173 prie\u017ei\u016br\u0105 bei maksimali\u0105 burnos higien\u0105. Dvigubas efektas &ndash; trumpesni \u0161ereliai nuvalo apna\u0161as ir \u012fsisen\u0117jusias d\u0117mes ant dant\u0173, o ilgesni \u0161ereliai prasiskverbia tarp dant\u0173 ir juos valo. Galas suapvalintas &ndash; suapvalinti \u0161eri\u0173 galiukai apsaugo dantis ir dantenas. Ergonomi\u0161ka rankena &ndash; [&#8230;]\n","protected":false},"featured_media":100324,"template":"","meta":[],"product_cat":[1354],"product_tag":[],"class_list":{"0":"post-38578","1":"product","2":"type-product","3":"status-publish","4":"has-post-thumbnail","6":"product_brand-rubella-bg-lt","7":"product_cat-dantu-sepeteliai","9":"first","10":"instock","11":"taxable","12":"shipping-taxable","13":"product-type-simple"},"_links":{"self":[{"href":"https:\/\/e.kosmolat.eu\/lt\/wp-json\/wp\/v2\/product\/38578","targetHints":{"allow":["GET"]}}],"collection":[{"href":"https:\/\/e.kosmolat.eu\/lt\/wp-json\/wp\/v2\/product"}],"about":[{"href":"https:\/\/e.kosmolat.eu\/lt\/wp-json\/wp\/v2\/types\/product"}],"wp:featuredmedia":[{"embeddable":true,"href":"https:\/\/e.kosmolat.eu\/lt\/wp-json\/wp\/v2\/media\/100324"}],"wp:attachment":[{"href":"https:\/\/e.kosmolat.eu\/lt\/wp-json\/wp\/v2\/media?parent=38578"}],"wp:term":[{"taxonomy":"product_cat","embeddable":true,"href":"https:\/\/e.kosmolat.eu\/lt\/wp-json\/wp\/v2\/product_cat?post=38578"},{"taxonomy":"product_tag","embeddable":true,"href":"https:\/\/e.kosmolat.eu\/lt\/wp-json\/wp\/v2\/product_tag?post=38578"}],"curies":[{"name":"wp","href":"https:\/\/api.w.org\/{rel}","templated":true}]}}