{"id":38574,"date":"2023-12-22T21:50:20","date_gmt":"2023-12-22T21:50:20","guid":{"rendered":"https:\/\/e.kosmolat.eu\/product\/dental-multi-effect-zobu-birste-medium-1-gab\/"},"modified":"2026-04-01T13:10:24","modified_gmt":"2026-04-01T13:10:24","slug":"dental-multi-effect-zobu-birste-medium-1-gab","status":"publish","type":"product","link":"https:\/\/e.kosmolat.eu\/lt\/produktas\/dental-multi-effect-zobu-birste-medium-1-gab\/","title":{"rendered":"DENTAL Multi Effect dant\u0173 \u0161epet\u0117lis (Medium) 1 vnt."},"content":{"rendered":"<p>RUBELLA DENTAL Multi Effect dant\u0173 \u0161epet\u0117lis (Medium) 1 vnt.<br \/>\nNaujasis dant\u0173 \u0161epet\u0117lis puikiai sujungia du veiksmus: efektyviai valo dantis ir netraumuoja danten\u0173. Ilgesni \u0161ereliai pasiekia tarpdan\u010dius ir pa\u0161alina apna\u0161as i\u0161 sunkiai pasiekiam\u0173 viet\u0173. &Scaron;ereli\u0173 galiukai specialiai suapvalinti, kad nepa\u017eeist\u0173 dant\u0173 emalio. Stilingai suprojektuota ergonomi\u0161ka rankena u\u017etikrina teising\u0105 \u0161epet\u0117lio \u0161ereli\u0173 krypt\u012f valant.<br \/>\n&nbsp;<\/p>\n","protected":false},"excerpt":{"rendered":"<p>RUBELLA DENTAL Multi Effect dant\u0173 \u0161epet\u0117lis (Medium) 1 vnt. Naujasis dant\u0173 \u0161epet\u0117lis puikiai sujungia du veiksmus: efektyviai valo dantis ir netraumuoja danten\u0173. Ilgesni \u0161ereliai pasiekia tarpdan\u010dius ir pa\u0161alina apna\u0161as i\u0161 sunkiai pasiekiam\u0173 viet\u0173. &Scaron;ereli\u0173 galiukai specialiai suapvalinti, kad nepa\u017eeist\u0173 dant\u0173 emalio. Stilingai suprojektuota ergonomi\u0161ka rankena u\u017etikrina teising\u0105 \u0161epet\u0117lio \u0161ereli\u0173 krypt\u012f valant. &nbsp;<\/p>\n","protected":false},"featured_media":100861,"template":"","meta":[],"product_cat":[1354],"product_tag":[],"class_list":{"0":"post-38574","1":"product","2":"type-product","3":"status-publish","4":"has-post-thumbnail","6":"product_brand-rubella-bg-lt","7":"product_cat-dantu-sepeteliai","9":"first","10":"instock","11":"taxable","12":"shipping-taxable","13":"product-type-simple"},"_links":{"self":[{"href":"https:\/\/e.kosmolat.eu\/lt\/wp-json\/wp\/v2\/product\/38574","targetHints":{"allow":["GET"]}}],"collection":[{"href":"https:\/\/e.kosmolat.eu\/lt\/wp-json\/wp\/v2\/product"}],"about":[{"href":"https:\/\/e.kosmolat.eu\/lt\/wp-json\/wp\/v2\/types\/product"}],"wp:featuredmedia":[{"embeddable":true,"href":"https:\/\/e.kosmolat.eu\/lt\/wp-json\/wp\/v2\/media\/100861"}],"wp:attachment":[{"href":"https:\/\/e.kosmolat.eu\/lt\/wp-json\/wp\/v2\/media?parent=38574"}],"wp:term":[{"taxonomy":"product_cat","embeddable":true,"href":"https:\/\/e.kosmolat.eu\/lt\/wp-json\/wp\/v2\/product_cat?post=38574"},{"taxonomy":"product_tag","embeddable":true,"href":"https:\/\/e.kosmolat.eu\/lt\/wp-json\/wp\/v2\/product_tag?post=38574"}],"curies":[{"name":"wp","href":"https:\/\/api.w.org\/{rel}","templated":true}]}}