{"id":38570,"date":"2023-12-22T21:49:53","date_gmt":"2023-12-22T21:49:53","guid":{"rendered":"https:\/\/e.kosmolat.eu\/product\/elskin-sejas-maska-kokosriekstu-zeleja-10g\/"},"modified":"2025-07-23T08:21:15","modified_gmt":"2025-07-23T08:21:15","slug":"i_elskin-sejas-maska-kokosriekstu-zeleja-10g","status":"publish","type":"product","link":"https:\/\/e.kosmolat.eu\/lt\/produktas\/i_elskin-sejas-maska-kokosriekstu-zeleja-10g\/","title":{"rendered":"I_El&#8217;Skin Jelly Mask &#8220;Coconut&#8221;, 10g"},"content":{"rendered":"<p>.<\/p>\n<p>Masa\u017ein\u0117 \u017eel\u0117 kauk\u0117 &quot;Kokosas&quot; pasi\u017eymi puikiomis maitinan\u010diomis ir mink\u0161tinan\u010diomis savyb\u0117mis, suteikia \u0161vyt\u0117jimo ir gaivumo.<br \/>\nKokos\u0173 aliejus pasi\u017eymi pastebimu regeneruojan\u010diu ir jauninamuoju poveikiu, gerai maitina ir dr\u0117kina od\u0105.<br \/>\nJame yra hialurono ir lauro r\u016bg\u0161\u010di\u0173: pirmoji atsakinga u\u017e odos dr\u0117kinim\u0105; antroji turi galing\u0105 antibakterin\u012f poveik\u012f, pagreitina odos gijim\u0105.<br \/>\nBe to, kokos\u0173 aliejuje gausu vitamin\u0173 A ir E, taip pat galing\u0173 antioksidant\u0173, kurie apsaugo nuo ankstyvo odos sen\u0117jimo ir rauk\u0161li\u0173.<br \/>\n* Kauk\u0117s poveikis pagr\u012fstas atskir\u0173 komponent\u0173 veikimu.<\/p>\n<p>Naudojimo b\u016bdas<br \/>\nAtidarykite pakuot\u0119.<br \/>\nU\u017etepkite kauk\u0119 ant nuvalyto veido, vengdami srities aplink akis ir l\u016bpas.<br \/>\n&Scaron;velniai masa\u017euokite 2-3 minutes. Palikite kauk\u0119 dar 3-5 minutes, nuplaukite v\u0117siu\/\u0161iltu vandeniu.<br \/>\n*Naudoti 2-3 kartus per savait\u0119 arba pagal poreik\u012f.<\/p>\n<p>Atsargumo priemon\u0117s:<br \/>\nVenkite naudoti ant pa\u017eeistos, sudirgusios ar saul\u0117je &nbsp;nudegusios odos.<br \/>\nNenaudokite produkto, jei yra jautrumas vienam i\u0161 komponent\u0173. Jei naudojimo metu oda parausta arba sudirgsta, nutraukite naudojim\u0105 ir kreipkit\u0117s \u012f gydytoj\u0105.<br \/>\nVengti patekimo \u012f akis, patekus \u012f akis, nuplauti vandeniu.<br \/>\nLaikyti vaikams nepasiekiamoje vietoje, nuo 0 iki 25 C temperat\u016broje. Venkite tiesiogini\u0173 saul\u0117s spinduli\u0173.<br \/>\nTik i\u0161oriniam naudojimui. Nenuryti!<br \/>\n&nbsp;<\/p>\n","protected":false},"excerpt":{"rendered":"<p>. Masa\u017ein\u0117 \u017eel\u0117 kauk\u0117 &quot;Kokosas&quot; pasi\u017eymi puikiomis maitinan\u010diomis ir mink\u0161tinan\u010diomis savyb\u0117mis, suteikia \u0161vyt\u0117jimo ir gaivumo. Kokos\u0173 aliejus pasi\u017eymi pastebimu regeneruojan\u010diu ir jauninamuoju poveikiu, gerai maitina ir dr\u0117kina od\u0105. Jame yra hialurono ir lauro r\u016bg\u0161\u010di\u0173: pirmoji atsakinga u\u017e odos dr\u0117kinim\u0105; antroji turi galing\u0105 antibakterin\u012f poveik\u012f, pagreitina odos gijim\u0105. Be to, kokos\u0173 aliejuje gausu vitamin\u0173 A ir [&#8230;]\n","protected":false},"featured_media":14913,"template":"","meta":[],"product_cat":[2181],"product_tag":[],"class_list":{"0":"post-38570","1":"product","2":"type-product","3":"status-publish","4":"has-post-thumbnail","6":"product_brand-skinlite-lt","7":"product_cat-bez-kategorijas-lt","9":"first","10":"outofstock","11":"taxable","12":"shipping-taxable","13":"product-type-simple"},"_links":{"self":[{"href":"https:\/\/e.kosmolat.eu\/lt\/wp-json\/wp\/v2\/product\/38570","targetHints":{"allow":["GET"]}}],"collection":[{"href":"https:\/\/e.kosmolat.eu\/lt\/wp-json\/wp\/v2\/product"}],"about":[{"href":"https:\/\/e.kosmolat.eu\/lt\/wp-json\/wp\/v2\/types\/product"}],"wp:featuredmedia":[{"embeddable":true,"href":"https:\/\/e.kosmolat.eu\/lt\/wp-json\/wp\/v2\/media\/14913"}],"wp:attachment":[{"href":"https:\/\/e.kosmolat.eu\/lt\/wp-json\/wp\/v2\/media?parent=38570"}],"wp:term":[{"taxonomy":"product_cat","embeddable":true,"href":"https:\/\/e.kosmolat.eu\/lt\/wp-json\/wp\/v2\/product_cat?post=38570"},{"taxonomy":"product_tag","embeddable":true,"href":"https:\/\/e.kosmolat.eu\/lt\/wp-json\/wp\/v2\/product_tag?post=38570"}],"curies":[{"name":"wp","href":"https:\/\/api.w.org\/{rel}","templated":true}]}}