{"id":38562,"date":"2023-12-22T21:48:51","date_gmt":"2023-12-22T21:48:51","guid":{"rendered":"https:\/\/e.kosmolat.eu\/product\/elskin-sejas-maska-jogurts-zemene-10g\/"},"modified":"2025-08-25T06:15:36","modified_gmt":"2025-08-25T06:15:36","slug":"i_elskin-sejas-maska-jogurts-zemene-10g","status":"publish","type":"product","link":"https:\/\/e.kosmolat.eu\/lt\/produktas\/i_elskin-sejas-maska-jogurts-zemene-10g\/","title":{"rendered":"I_El&#8217;SKIN Yogurt Mask &#8220;Strawberry&#8221;, 10 g"},"content":{"rendered":"<p>.<\/p>\n<p>EL&rsquo;SKIN SVeido kauk\u0117-jogurtas Bra\u0161k\u0117<br \/>\nMasa\u017ein\u0117 kauk\u0117-jogurtas &bdquo;Bra\u0161k\u0117&ldquo; yra \u0161velnios ir subtilios tekst\u016bros, padeda dr\u0117kinti ir maitinti od\u0105, pasi\u017eymi lengvu \u0161veitimo efektu, suteikia odai \u0161vyt\u0117jimo ir gaivumo.<br \/>\nJogurto ekstraktas prisotina odos l\u0105steles naudingais baltymais, skatina nat\u016bralaus kolageno ir elastino gamyb\u0105, lygina rauk\u0161les, pa\u0161alina rieb\u0173 blizges\u012f. Bra\u0161ki\u0173 ekstraktas puikiai valo od\u0105, kovoja su spuogais, padeda susiaurinti i\u0161sipl\u0117tusias poras, pasi\u017eymi \u0161viesinamuoju poveikiu, i\u0161lygina odos atspalv\u012f ir \u0161alina toksinus. Fitokolagenas (sojos polipeptidas) efektyviai dr\u0117kina ir kovoja su prie\u0161laikiniu sen\u0117jimu.<br \/>\n* Kauk\u0117s poveikis pagr\u012fstas atskir\u0173 komponent\u0173 veikimu.<\/p>\n<p>Naudojimo b\u016bdas<br \/>\nAtidarykite pakuot\u0119.<br \/>\nU\u017etepkite kauk\u0119 ant nuvalyto veido, vengdami srities aplink akis ir l\u016bpas.<br \/>\n&Scaron;velniai masa\u017euokite 2-3 minutes. Palikite kauk\u0119 dar 3-5 minutes, nuplaukite v\u0117siu\/\u0161iltu vandeniu.<br \/>\n*Naudoti 2-3 kartus per savait\u0119 arba pagal poreik\u012f.<\/p>\n<p>\nAtsargumo priemon\u0117s:<br \/>\nVenkite naudoti ant pa\u017eeistos, sudirgusios ar saul\u0117je &nbsp;nudegusios odos.<br \/>\nNenaudokite produkto, jei yra jautrumas vienam i\u0161 komponent\u0173. Jei naudojimo metu oda parausta arba sudirgsta, nutraukite naudojim\u0105 ir kreipkit\u0117s \u012f gydytoj\u0105.<br \/>\nVengti patekimo \u012f akis, patekus \u012f akis, nuplauti vandeniu.<br \/>\nLaikyti vaikams nepasiekiamoje vietoje, nuo 0 iki 25 C temperat\u016broje. Venkite tiesiogini\u0173 saul\u0117s spinduli\u0173.<br \/>\nTik i\u0161oriniam naudojimui. Nenuryti!<br \/>\n&nbsp;<\/p>\n","protected":false},"excerpt":{"rendered":"<p>. EL&rsquo;SKIN SVeido kauk\u0117-jogurtas Bra\u0161k\u0117 Masa\u017ein\u0117 kauk\u0117-jogurtas &bdquo;Bra\u0161k\u0117&ldquo; yra \u0161velnios ir subtilios tekst\u016bros, padeda dr\u0117kinti ir maitinti od\u0105, pasi\u017eymi lengvu \u0161veitimo efektu, suteikia odai \u0161vyt\u0117jimo ir gaivumo. Jogurto ekstraktas prisotina odos l\u0105steles naudingais baltymais, skatina nat\u016bralaus kolageno ir elastino gamyb\u0105, lygina rauk\u0161les, pa\u0161alina rieb\u0173 blizges\u012f. Bra\u0161ki\u0173 ekstraktas puikiai valo od\u0105, kovoja su spuogais, padeda susiaurinti [&#8230;]\n","protected":false},"featured_media":14889,"template":"","meta":[],"product_cat":[1369],"product_tag":[],"class_list":{"0":"post-38562","1":"product","2":"type-product","3":"status-publish","4":"has-post-thumbnail","6":"product_brand-skinlite-lt","7":"product_cat-veido-kaukes","9":"first","10":"outofstock","11":"taxable","12":"shipping-taxable","13":"product-type-simple"},"_links":{"self":[{"href":"https:\/\/e.kosmolat.eu\/lt\/wp-json\/wp\/v2\/product\/38562","targetHints":{"allow":["GET"]}}],"collection":[{"href":"https:\/\/e.kosmolat.eu\/lt\/wp-json\/wp\/v2\/product"}],"about":[{"href":"https:\/\/e.kosmolat.eu\/lt\/wp-json\/wp\/v2\/types\/product"}],"wp:featuredmedia":[{"embeddable":true,"href":"https:\/\/e.kosmolat.eu\/lt\/wp-json\/wp\/v2\/media\/14889"}],"wp:attachment":[{"href":"https:\/\/e.kosmolat.eu\/lt\/wp-json\/wp\/v2\/media?parent=38562"}],"wp:term":[{"taxonomy":"product_cat","embeddable":true,"href":"https:\/\/e.kosmolat.eu\/lt\/wp-json\/wp\/v2\/product_cat?post=38562"},{"taxonomy":"product_tag","embeddable":true,"href":"https:\/\/e.kosmolat.eu\/lt\/wp-json\/wp\/v2\/product_tag?post=38562"}],"curies":[{"name":"wp","href":"https:\/\/api.w.org\/{rel}","templated":true}]}}