{"id":38558,"date":"2023-12-22T21:48:19","date_gmt":"2023-12-22T21:48:19","guid":{"rendered":"https:\/\/e.kosmolat.eu\/product\/elskin-sejas-pilings-aha-pha-citrons-10g\/"},"modified":"2025-08-07T10:03:42","modified_gmt":"2025-08-07T10:03:42","slug":"i_elskin-sejas-pilings-aha-pha-citrons-10g","status":"publish","type":"product","link":"https:\/\/e.kosmolat.eu\/lt\/produktas\/i_elskin-sejas-pilings-aha-pha-citrons-10g\/","title":{"rendered":"I_El&#8217;Skin AHA-PHA Peeling &#8220;Lemon&#8221;, 10g"},"content":{"rendered":"<p>Pilingas AHA-PHA &quot;CITRINA&quot; efektyviai valo ir atnaujina od\u0105, suteikdamas tonus\u0105 ir \u0161vyt\u0117jim\u0105. Vaisi\u0173 r\u016bg\u0161\u010di\u0173 kompleksas \u0161velniai nu\u0161vei\u010dia negyvas odos l\u0105steles, stimuliuoja l\u0105steli\u0173 kv\u0117pavim\u0105, ma\u017eina rieb\u0173 blizges\u012f, sutraukia poras, ma\u017eina spuogus, i\u0161lygina odos spalv\u0105 ir tekst\u016br\u0105, jaunina j\u0105 skatindamas elastino ir kolageno gamyb\u0105 bei giliai dr\u0117kina od\u0105. oda tampa lygi ir spindinti. Po pilingo padid\u0117ja tolesni\u0173 proced\u016br\u0173 efektyvumas.<\/p>\n<p>* Kauk\u0117s poveikis pagr\u012fstas atskir\u0173 komponent\u0173 veikimu.<\/p>\n<p>Naudojimo b\u016bdas<br \/>\nAtidarykite pakuot\u0119.<br \/>\nU\u017etepkite kauk\u0119 ant nuvalyto veido, vengdami srities aplink akis ir l\u016bpas.<br \/>\npalikite 1-2 minutes, masa\u017euokite, kol susidarys granul\u0117s. Kruop\u0161\u010diai nuplaukite \u0161altu\/\u0161iltu vandeniu.<br \/>\n*Naudoti 2-3 kartus per savait\u0119. Po \u0161veitimo venkite saul\u0117s spinduli\u0173 arba naudokite produkt\u0105 su SPF apsauga.<br \/>\nAtsargumo priemon\u0117s:<br \/>\nVenkite naudoti ant pa\u017eeistos, sudirgusios ar saul\u0117je &nbsp;nudegusios odos.<br \/>\nNenaudokite produkto, jei yra jautrumas vienam i\u0161 komponent\u0173. Jei naudojimo metu oda parausta arba sudirgsta, nutraukite naudojim\u0105 ir kreipkit\u0117s \u012f gydytoj\u0105.<br \/>\nVengti patekimo \u012f akis, patekus \u012f akis, nuplauti vandeniu.<br \/>\nLaikyti vaikams nepasiekiamoje vietoje, nuo 0 iki 25 C temperat\u016broje. Venkite tiesiogini\u0173 saul\u0117s spinduli\u0173.<br \/>\nTik i\u0161oriniam naudojimui. Nenuryti!<br \/>\n&nbsp;<\/p>\n<p>.<\/p>\n","protected":false},"excerpt":{"rendered":"<p>Pilingas AHA-PHA &quot;CITRINA&quot; efektyviai valo ir atnaujina od\u0105, suteikdamas tonus\u0105 ir \u0161vyt\u0117jim\u0105. Vaisi\u0173 r\u016bg\u0161\u010di\u0173 kompleksas \u0161velniai nu\u0161vei\u010dia negyvas odos l\u0105steles, stimuliuoja l\u0105steli\u0173 kv\u0117pavim\u0105, ma\u017eina rieb\u0173 blizges\u012f, sutraukia poras, ma\u017eina spuogus, i\u0161lygina odos spalv\u0105 ir tekst\u016br\u0105, jaunina j\u0105 skatindamas elastino ir kolageno gamyb\u0105 bei giliai dr\u0117kina od\u0105. oda tampa lygi ir spindinti. Po pilingo padid\u0117ja tolesni\u0173 [&#8230;]\n","protected":false},"featured_media":14881,"template":"","meta":[],"product_cat":[1396],"product_tag":[],"class_list":{"0":"post-38558","1":"product","2":"type-product","3":"status-publish","4":"has-post-thumbnail","6":"product_brand-skinlite-lt","7":"product_cat-veido-sveitikliai-ir-pilingai","9":"first","10":"outofstock","11":"taxable","12":"shipping-taxable","13":"product-type-simple"},"_links":{"self":[{"href":"https:\/\/e.kosmolat.eu\/lt\/wp-json\/wp\/v2\/product\/38558","targetHints":{"allow":["GET"]}}],"collection":[{"href":"https:\/\/e.kosmolat.eu\/lt\/wp-json\/wp\/v2\/product"}],"about":[{"href":"https:\/\/e.kosmolat.eu\/lt\/wp-json\/wp\/v2\/types\/product"}],"wp:featuredmedia":[{"embeddable":true,"href":"https:\/\/e.kosmolat.eu\/lt\/wp-json\/wp\/v2\/media\/14881"}],"wp:attachment":[{"href":"https:\/\/e.kosmolat.eu\/lt\/wp-json\/wp\/v2\/media?parent=38558"}],"wp:term":[{"taxonomy":"product_cat","embeddable":true,"href":"https:\/\/e.kosmolat.eu\/lt\/wp-json\/wp\/v2\/product_cat?post=38558"},{"taxonomy":"product_tag","embeddable":true,"href":"https:\/\/e.kosmolat.eu\/lt\/wp-json\/wp\/v2\/product_tag?post=38558"}],"curies":[{"name":"wp","href":"https:\/\/api.w.org\/{rel}","templated":true}]}}