{"id":38554,"date":"2023-12-22T21:47:56","date_gmt":"2023-12-22T21:47:56","guid":{"rendered":"https:\/\/e.kosmolat.eu\/product\/elskin-sejas-skrubis-cukura-gurkis-10g\/"},"modified":"2025-06-30T12:01:05","modified_gmt":"2025-06-30T12:01:05","slug":"i_elskin-sejas-skrubis-cukura-gurkis-10g","status":"publish","type":"product","link":"https:\/\/e.kosmolat.eu\/lt\/produktas\/i_elskin-sejas-skrubis-cukura-gurkis-10g\/","title":{"rendered":"I_El&#8217;Skin Sugar Scrub &#8220;Cucumber&#8221;, 10g"},"content":{"rendered":"<p>.<\/p>\n<p>Cukraus \u0161veitiklis efektyviai valo ir atnaujina od\u0105, \u0161viesina juodas d\u0117mes, suteikia tonuso ir spindesio. Agurk\u0173 ekstraktas gaivina ir mink\u0161tina od\u0105, i\u0161lygina jos tonus\u0105, ma\u017eina po spuog\u0173 atsiradimo p\u0117dsakus, ma\u017eina paburkim\u0105, pasi\u017eymi stipriomis antioksidacin\u0117mis savyb\u0117mis. Camellia sinensis ekstraktai ir bambuko hidrolatas ramina ir dr\u0117kina, pa\u0161alina u\u017edegimus ir dirginim\u0105, palieka od\u0105 gaivi\u0105 ir matin\u0119.<br \/>\n* Kauk\u0117s poveikis pagr\u012fstas atskir\u0173 komponent\u0173 veikimu.<br \/>\nNaudojimo b\u016bdas<br \/>\nAtidarykite pakuot\u0119.<br \/>\n&Scaron;veitikl\u012f tepkite ant dr\u0117gnos odos, vengdami aki\u0173 srities.<br \/>\nMasa\u017euokite lengvais sukamaisiais judesiais 1-2 minutes ir nuplaukite.<br \/>\n*Naudoti 1-2 kartus per savait\u0119 arba pagal poreik\u012f.<\/p>\n<p>Atsargumo priemon\u0117s:<br \/>\nVenkite naudoti ant pa\u017eeistos, sudirgusios ar saul\u0117je &nbsp;nudegusios odos.<br \/>\nNenaudokite produkto, jei yra jautrumas vienam i\u0161 komponent\u0173. Jei naudojimo metu oda parausta arba sudirgsta, nutraukite naudojim\u0105 ir kreipkit\u0117s \u012f gydytoj\u0105.<br \/>\nVengti patekimo \u012f akis, patekus \u012f akis, nuplauti vandeniu.<br \/>\nLaikyti vaikams nepasiekiamoje vietoje, nuo 0 iki 25 C temperat\u016broje. Venkite tiesiogini\u0173 saul\u0117s spinduli\u0173.<br \/>\nTik i\u0161oriniam naudojimui. Nenuryti!<br \/>\n&nbsp;<\/p>\n","protected":false},"excerpt":{"rendered":"<p>. Cukraus \u0161veitiklis efektyviai valo ir atnaujina od\u0105, \u0161viesina juodas d\u0117mes, suteikia tonuso ir spindesio. Agurk\u0173 ekstraktas gaivina ir mink\u0161tina od\u0105, i\u0161lygina jos tonus\u0105, ma\u017eina po spuog\u0173 atsiradimo p\u0117dsakus, ma\u017eina paburkim\u0105, pasi\u017eymi stipriomis antioksidacin\u0117mis savyb\u0117mis. Camellia sinensis ekstraktai ir bambuko hidrolatas ramina ir dr\u0117kina, pa\u0161alina u\u017edegimus ir dirginim\u0105, palieka od\u0105 gaivi\u0105 ir matin\u0119. * Kauk\u0117s [&#8230;]\n","protected":false},"featured_media":14873,"template":"","meta":[],"product_cat":[2181],"product_tag":[],"class_list":{"0":"post-38554","1":"product","2":"type-product","3":"status-publish","4":"has-post-thumbnail","6":"product_brand-skinlite-lt","7":"product_cat-bez-kategorijas-lt","9":"first","10":"outofstock","11":"taxable","12":"shipping-taxable","13":"product-type-simple"},"_links":{"self":[{"href":"https:\/\/e.kosmolat.eu\/lt\/wp-json\/wp\/v2\/product\/38554","targetHints":{"allow":["GET"]}}],"collection":[{"href":"https:\/\/e.kosmolat.eu\/lt\/wp-json\/wp\/v2\/product"}],"about":[{"href":"https:\/\/e.kosmolat.eu\/lt\/wp-json\/wp\/v2\/types\/product"}],"wp:featuredmedia":[{"embeddable":true,"href":"https:\/\/e.kosmolat.eu\/lt\/wp-json\/wp\/v2\/media\/14873"}],"wp:attachment":[{"href":"https:\/\/e.kosmolat.eu\/lt\/wp-json\/wp\/v2\/media?parent=38554"}],"wp:term":[{"taxonomy":"product_cat","embeddable":true,"href":"https:\/\/e.kosmolat.eu\/lt\/wp-json\/wp\/v2\/product_cat?post=38554"},{"taxonomy":"product_tag","embeddable":true,"href":"https:\/\/e.kosmolat.eu\/lt\/wp-json\/wp\/v2\/product_tag?post=38554"}],"curies":[{"name":"wp","href":"https:\/\/api.w.org\/{rel}","templated":true}]}}