{"id":38538,"date":"2023-12-22T21:46:33","date_gmt":"2023-12-22T21:46:33","guid":{"rendered":"https:\/\/e.kosmolat.eu\/product\/bio-naturell-sampuns-visiem-matu-tipiem-avokado-ella-un-biotins-946-ml\/"},"modified":"2026-04-23T11:55:20","modified_gmt":"2026-04-23T11:55:20","slug":"bio-naturell-sampuns-visiem-matu-tipiem-avokado-ella-un-biotins-946-ml","status":"publish","type":"product","link":"https:\/\/e.kosmolat.eu\/lt\/produktas\/bio-naturell-sampuns-visiem-matu-tipiem-avokado-ella-un-biotins-946-ml\/","title":{"rendered":"BIO NATURELL \u0160amp\u016bnas vis\u0173 tip\u0173 plaukams Avocado Oil &#038; Biotin, 946 ml"},"content":{"rendered":"<p>&Scaron;amp\u016bnas vis\u0173 tip\u0173 plaukams.<\/p>\n<p><strong>Naudojimas: <\/strong>tepkite ant dr\u0117gn\u0173 plauk\u0173, suputokite, nuplaukite vandeniu.<\/p>\n<p><strong>Atsargumo priemon\u0117s:<\/strong> Patekus \u012f akis, praplauti vandeniu. Galimas padid\u0117j\u0119s individualus jautrumas atskiriems komponentams.<br \/>\n&nbsp;<\/p>\n","protected":false},"excerpt":{"rendered":"<p>&Scaron;amp\u016bnas vis\u0173 tip\u0173 plaukams. Naudojimas: tepkite ant dr\u0117gn\u0173 plauk\u0173, suputokite, nuplaukite vandeniu. Atsargumo priemon\u0117s: Patekus \u012f akis, praplauti vandeniu. Galimas padid\u0117j\u0119s individualus jautrumas atskiriems komponentams. &nbsp;<\/p>\n","protected":false},"featured_media":96436,"template":"","meta":[],"product_cat":[1251],"product_tag":[],"class_list":{"0":"post-38538","1":"product","2":"type-product","3":"status-publish","4":"has-post-thumbnail","6":"product_brand-elfa_ua-lt","7":"product_cat-sampunai","9":"first","10":"instock","11":"taxable","12":"shipping-taxable","13":"product-type-simple"},"_links":{"self":[{"href":"https:\/\/e.kosmolat.eu\/lt\/wp-json\/wp\/v2\/product\/38538","targetHints":{"allow":["GET"]}}],"collection":[{"href":"https:\/\/e.kosmolat.eu\/lt\/wp-json\/wp\/v2\/product"}],"about":[{"href":"https:\/\/e.kosmolat.eu\/lt\/wp-json\/wp\/v2\/types\/product"}],"wp:featuredmedia":[{"embeddable":true,"href":"https:\/\/e.kosmolat.eu\/lt\/wp-json\/wp\/v2\/media\/96436"}],"wp:attachment":[{"href":"https:\/\/e.kosmolat.eu\/lt\/wp-json\/wp\/v2\/media?parent=38538"}],"wp:term":[{"taxonomy":"product_cat","embeddable":true,"href":"https:\/\/e.kosmolat.eu\/lt\/wp-json\/wp\/v2\/product_cat?post=38538"},{"taxonomy":"product_tag","embeddable":true,"href":"https:\/\/e.kosmolat.eu\/lt\/wp-json\/wp\/v2\/product_tag?post=38538"}],"curies":[{"name":"wp","href":"https:\/\/api.w.org\/{rel}","templated":true}]}}