{"id":38526,"date":"2023-12-22T21:41:55","date_gmt":"2023-12-22T21:41:55","guid":{"rendered":"https:\/\/e.kosmolat.eu\/product\/effect-utro-losjons-113-ml\/"},"modified":"2025-07-08T15:25:23","modified_gmt":"2025-07-08T15:25:23","slug":"i_effect-utro-losjons-113-ml","status":"publish","type":"product","link":"https:\/\/e.kosmolat.eu\/lt\/produktas\/i_effect-utro-losjons-113-ml\/","title":{"rendered":"I_EFFECT UTRO Losjonas, 113 ml"},"content":{"rendered":"<p>Kosmetikos gaminys odos prie\u017ei\u016brai.<\/p>\n<p>Naudoti odos valymui.<br \/>\nVengti patekimo \u012f akis.<\/p>\n<p>Etilo alkoholio t\u016brin\u0117 dalis yra 37,5 t\u016brio proc. &plusmn; 1.<br \/>\nLaikymo temperat\u016bra nuo +5&deg;\u0421 iki +25&deg;\u0421.<br \/>\nPagaminimo data\/partijos numeris\/galiojimo data: ant buteliuko.<\/p>\n","protected":false},"excerpt":{"rendered":"<p>Kosmetikos gaminys odos prie\u017ei\u016brai. Naudoti odos valymui. Vengti patekimo \u012f akis. Etilo alkoholio t\u016brin\u0117 dalis yra 37,5 t\u016brio proc. &plusmn; 1. Laikymo temperat\u016bra nuo +5&deg;\u0421 iki +25&deg;\u0421. Pagaminimo data\/partijos numeris\/galiojimo data: ant buteliuko.<\/p>\n","protected":false},"featured_media":15757,"template":"","meta":[],"product_cat":[1317],"product_tag":[],"class_list":{"0":"post-38526","1":"product","2":"type-product","3":"status-publish","4":"has-post-thumbnail","6":"product_brand-effekt_ua-lt","7":"product_cat-odekolonai-ir-losjonai","9":"first","10":"outofstock","11":"taxable","12":"shipping-taxable","13":"product-type-simple"},"_links":{"self":[{"href":"https:\/\/e.kosmolat.eu\/lt\/wp-json\/wp\/v2\/product\/38526","targetHints":{"allow":["GET"]}}],"collection":[{"href":"https:\/\/e.kosmolat.eu\/lt\/wp-json\/wp\/v2\/product"}],"about":[{"href":"https:\/\/e.kosmolat.eu\/lt\/wp-json\/wp\/v2\/types\/product"}],"wp:featuredmedia":[{"embeddable":true,"href":"https:\/\/e.kosmolat.eu\/lt\/wp-json\/wp\/v2\/media\/15757"}],"wp:attachment":[{"href":"https:\/\/e.kosmolat.eu\/lt\/wp-json\/wp\/v2\/media?parent=38526"}],"wp:term":[{"taxonomy":"product_cat","embeddable":true,"href":"https:\/\/e.kosmolat.eu\/lt\/wp-json\/wp\/v2\/product_cat?post=38526"},{"taxonomy":"product_tag","embeddable":true,"href":"https:\/\/e.kosmolat.eu\/lt\/wp-json\/wp\/v2\/product_tag?post=38526"}],"curies":[{"name":"wp","href":"https:\/\/api.w.org\/{rel}","templated":true}]}}