{"id":38518,"date":"2023-12-22T21:41:10","date_gmt":"2023-12-22T21:41:10","guid":{"rendered":"https:\/\/e.kosmolat.eu\/product\/vc-skidras-kremziepes-si-sviests-300-ml\/"},"modified":"2025-07-08T13:36:33","modified_gmt":"2025-07-08T13:36:33","slug":"i_vc-skidras-kremziepes-si-sviests-300-ml","status":"publish","type":"product","link":"https:\/\/e.kosmolat.eu\/lt\/produktas\/i_vc-skidras-kremziepes-si-sviests-300-ml\/","title":{"rendered":"I_VITAL CHARM Skystas muilas Shea, 300 ml"},"content":{"rendered":"<p>VITAL CHARM Skystas muilas Shea.&nbsp;<br \/>\nJ\u016bs\u0173 tobulumo paslaptis!<br \/>\n&Scaron;velnios prie\u017ei\u016bros formul\u0117<br \/>\n3 viename: mink\u0161tinimas, maitinimas, odos apsauga<br \/>\nSkystas kreminis muilas Shea (Shea) su subtiliu rie\u0161ut\u0173 aromatu d\u0117l savo \u0161velnios formul\u0117s \u0161velniai valo ir r\u016bpinasi rank\u0173 oda.<br \/>\nSud\u0117tyje yra taukmed\u017ei\u0173 sviesto, kuris yra idealus gro\u017eio ingredientas, skirtas intensyviai maitinti ir apsaugoti od\u0105 nuo nepalanki\u0173 klimato s\u0105lyg\u0173.<\/p>\n<p>\n<strong>Naudojimas:<\/strong> paspauskite dozatori\u0173, i\u0161spauskite kelis la\u0161us muilo ant i\u0161 anksto vandeniu sudr\u0117kintos odos, suputokite, tada nuplaukite vandeniu.<br \/>\n<strong>Galiojimo laikas:<\/strong> 36 m\u0117nesiai nuo pagaminimo datos.<br \/>\nLaikyti nuo +5 C iki +25 C temperat\u016broje<br \/>\nPartijos numeris sutampa su pagaminimo data.<br \/>\nAtsargumo priemon\u0117s: Naudokite kaip nurodyta. Saugoti nuo vaik\u0173.<\/p>\n","protected":false},"excerpt":{"rendered":"<p>VITAL CHARM Skystas muilas Shea.&nbsp; J\u016bs\u0173 tobulumo paslaptis! &Scaron;velnios prie\u017ei\u016bros formul\u0117 3 viename: mink\u0161tinimas, maitinimas, odos apsauga Skystas kreminis muilas Shea (Shea) su subtiliu rie\u0161ut\u0173 aromatu d\u0117l savo \u0161velnios formul\u0117s \u0161velniai valo ir r\u016bpinasi rank\u0173 oda. Sud\u0117tyje yra taukmed\u017ei\u0173 sviesto, kuris yra idealus gro\u017eio ingredientas, skirtas intensyviai maitinti ir apsaugoti od\u0105 nuo nepalanki\u0173 klimato s\u0105lyg\u0173. [&#8230;]\n","protected":false},"featured_media":1468,"template":"","meta":[],"product_cat":[1748],"product_tag":[],"class_list":{"0":"post-38518","1":"product","2":"type-product","3":"status-publish","4":"has-post-thumbnail","6":"product_brand-aqua-cosmetics_ua-lt","7":"product_cat-skystas-muilas","9":"first","10":"outofstock","11":"taxable","12":"shipping-taxable","13":"product-type-simple"},"_links":{"self":[{"href":"https:\/\/e.kosmolat.eu\/lt\/wp-json\/wp\/v2\/product\/38518","targetHints":{"allow":["GET"]}}],"collection":[{"href":"https:\/\/e.kosmolat.eu\/lt\/wp-json\/wp\/v2\/product"}],"about":[{"href":"https:\/\/e.kosmolat.eu\/lt\/wp-json\/wp\/v2\/types\/product"}],"wp:featuredmedia":[{"embeddable":true,"href":"https:\/\/e.kosmolat.eu\/lt\/wp-json\/wp\/v2\/media\/1468"}],"wp:attachment":[{"href":"https:\/\/e.kosmolat.eu\/lt\/wp-json\/wp\/v2\/media?parent=38518"}],"wp:term":[{"taxonomy":"product_cat","embeddable":true,"href":"https:\/\/e.kosmolat.eu\/lt\/wp-json\/wp\/v2\/product_cat?post=38518"},{"taxonomy":"product_tag","embeddable":true,"href":"https:\/\/e.kosmolat.eu\/lt\/wp-json\/wp\/v2\/product_tag?post=38518"}],"curies":[{"name":"wp","href":"https:\/\/api.w.org\/{rel}","templated":true}]}}