{"id":38506,"date":"2023-12-22T21:40:15","date_gmt":"2023-12-22T21:40:15","guid":{"rendered":"https:\/\/e.kosmolat.eu\/product\/i_effect-havana-tualetes-udens-viriesiem-90-ml\/"},"modified":"2025-07-28T05:32:36","modified_gmt":"2025-07-28T05:32:36","slug":"i_effect-havana-tualetes-udens-viriesiem-90-ml","status":"publish","type":"product","link":"https:\/\/e.kosmolat.eu\/lt\/produktas\/i_effect-havana-tualetes-udens-viriesiem-90-ml\/","title":{"rendered":"I_EFFECT Havana Tualetinis vanduo vyrams, 90 ml"},"content":{"rendered":"<p>Higienin\u0117 ir kvapioji priemon\u0117.<br \/>\nEtilo alkoholio t\u016brin\u0117 dalis yra 83 t\u016brio proc.&plusmn;1.<\/p>\n<p>\nNenaudoti \u0161alia ugnies.<br \/>\nVengti patekimo \u012f akis.<br \/>\nLaikymo temperat\u016bra nuo +5&deg;\u0421 iki +25&deg;\u0421.<br \/>\nTinkamumo laikas 36 m\u0117n.<br \/>\n&nbsp;<\/p>\n","protected":false},"excerpt":{"rendered":"<p>Higienin\u0117 ir kvapioji priemon\u0117. Etilo alkoholio t\u016brin\u0117 dalis yra 83 t\u016brio proc.&plusmn;1. Nenaudoti \u0161alia ugnies. Vengti patekimo \u012f akis. Laikymo temperat\u016bra nuo +5&deg;\u0421 iki +25&deg;\u0421. Tinkamumo laikas 36 m\u0117n. &nbsp;<\/p>\n","protected":false},"featured_media":15733,"template":"","meta":[],"product_cat":[1438],"product_tag":[],"class_list":{"0":"post-38506","1":"product","2":"type-product","3":"status-publish","4":"has-post-thumbnail","6":"product_brand-effekt_ua-lt","7":"product_cat-kvepalai-ir-tualetinis-vanduo-vyrams","9":"first","10":"outofstock","11":"taxable","12":"shipping-taxable","13":"product-type-simple"},"_links":{"self":[{"href":"https:\/\/e.kosmolat.eu\/lt\/wp-json\/wp\/v2\/product\/38506","targetHints":{"allow":["GET"]}}],"collection":[{"href":"https:\/\/e.kosmolat.eu\/lt\/wp-json\/wp\/v2\/product"}],"about":[{"href":"https:\/\/e.kosmolat.eu\/lt\/wp-json\/wp\/v2\/types\/product"}],"wp:featuredmedia":[{"embeddable":true,"href":"https:\/\/e.kosmolat.eu\/lt\/wp-json\/wp\/v2\/media\/15733"}],"wp:attachment":[{"href":"https:\/\/e.kosmolat.eu\/lt\/wp-json\/wp\/v2\/media?parent=38506"}],"wp:term":[{"taxonomy":"product_cat","embeddable":true,"href":"https:\/\/e.kosmolat.eu\/lt\/wp-json\/wp\/v2\/product_cat?post=38506"},{"taxonomy":"product_tag","embeddable":true,"href":"https:\/\/e.kosmolat.eu\/lt\/wp-json\/wp\/v2\/product_tag?post=38506"}],"curies":[{"name":"wp","href":"https:\/\/api.w.org\/{rel}","templated":true}]}}