{"id":38502,"date":"2023-12-22T21:39:54","date_gmt":"2023-12-22T21:39:54","guid":{"rendered":"https:\/\/e.kosmolat.eu\/product\/i_effect-zemcuznaja-ulibka-zobu-eliksirs-113-ml\/"},"modified":"2025-07-08T15:52:15","modified_gmt":"2025-07-08T15:52:15","slug":"i_effect-zemcuznaja-ulibka-zobu-eliksirs-113-ml","status":"publish","type":"product","link":"https:\/\/e.kosmolat.eu\/lt\/produktas\/i_effect-zemcuznaja-ulibka-zobu-eliksirs-113-ml\/","title":{"rendered":"I_EFFECT \u017dem\u010diu\u017enaja ulibka Dant\u0173 eliksyras, 113 ml"},"content":{"rendered":"<p>Priemon\u0117s burnos &nbsp;higienai.<\/p>\n<p>Naudojimas: pus\u0119 dangtelio eliksyro praskieskite pus\u0117je stiklin\u0117s kambario temperat\u016bros vandens ir praskalaukite burn\u0105.<br \/>\nVengti patekimo \u012f akis.<br \/>\nNenaudoti \u0161alia ugnies.<\/p>\n<p>Etilo alkoholio t\u016brin\u0117 dalis yra 50,0 t\u016brio proc. &plusmn; 1.<br \/>\nLaikymo temperat\u016bra nuo +5&deg;\u0421 iki +25&deg;\u0421.<br \/>\nPagaminimo data \/ Partijos numeris \/ Galiojimo laikas: ant buteliuko.<br \/>\n&nbsp;<\/p>\n","protected":false},"excerpt":{"rendered":"<p>Priemon\u0117s burnos &nbsp;higienai. Naudojimas: pus\u0119 dangtelio eliksyro praskieskite pus\u0117je stiklin\u0117s kambario temperat\u016bros vandens ir praskalaukite burn\u0105. Vengti patekimo \u012f akis. Nenaudoti \u0161alia ugnies. Etilo alkoholio t\u016brin\u0117 dalis yra 50,0 t\u016brio proc. &plusmn; 1. Laikymo temperat\u016bra nuo +5&deg;\u0421 iki +25&deg;\u0421. Pagaminimo data \/ Partijos numeris \/ Galiojimo laikas: ant buteliuko. &nbsp;<\/p>\n","protected":false},"featured_media":15761,"template":"","meta":[],"product_cat":[1313],"product_tag":[],"class_list":{"0":"post-38502","1":"product","2":"type-product","3":"status-publish","4":"has-post-thumbnail","6":"product_brand-effekt_ua-lt","7":"product_cat-burnos-skalavimo-priemones","9":"first","10":"outofstock","11":"taxable","12":"shipping-taxable","13":"product-type-simple"},"_links":{"self":[{"href":"https:\/\/e.kosmolat.eu\/lt\/wp-json\/wp\/v2\/product\/38502","targetHints":{"allow":["GET"]}}],"collection":[{"href":"https:\/\/e.kosmolat.eu\/lt\/wp-json\/wp\/v2\/product"}],"about":[{"href":"https:\/\/e.kosmolat.eu\/lt\/wp-json\/wp\/v2\/types\/product"}],"wp:featuredmedia":[{"embeddable":true,"href":"https:\/\/e.kosmolat.eu\/lt\/wp-json\/wp\/v2\/media\/15761"}],"wp:attachment":[{"href":"https:\/\/e.kosmolat.eu\/lt\/wp-json\/wp\/v2\/media?parent=38502"}],"wp:term":[{"taxonomy":"product_cat","embeddable":true,"href":"https:\/\/e.kosmolat.eu\/lt\/wp-json\/wp\/v2\/product_cat?post=38502"},{"taxonomy":"product_tag","embeddable":true,"href":"https:\/\/e.kosmolat.eu\/lt\/wp-json\/wp\/v2\/product_tag?post=38502"}],"curies":[{"name":"wp","href":"https:\/\/api.w.org\/{rel}","templated":true}]}}