{"id":38490,"date":"2023-12-22T21:38:46","date_gmt":"2023-12-22T21:38:46","guid":{"rendered":"https:\/\/e.kosmolat.eu\/product\/sportstar-styling-clay-videjas-noturibas-matu-veidosanas-lidzeklis-50-ml\/"},"modified":"2025-06-17T09:13:30","modified_gmt":"2025-06-17T09:13:30","slug":"i_sportstar-styling-clay-videjas-noturibas-matu-veidosanas-lidzeklis-50-ml","status":"publish","type":"product","link":"https:\/\/e.kosmolat.eu\/lt\/produktas\/i_sportstar-styling-clay-videjas-noturibas-matu-veidosanas-lidzeklis-50-ml\/","title":{"rendered":"I_SPORTSTAR Styling Clay Vidutin\u0117s fiksacijos plauk\u0173 formavimo priemon\u0117, 50 ml"},"content":{"rendered":"<p>Vidutinio fiksavimo plauk\u0173 formavimo priemon\u0117 nat\u016braliam &nbsp;matiniam efektui sukurti.<\/p>\n<p>Naudojimas: Tepkite ant saus\u0173 arba \u0161iek tiek dr\u0117gn\u0173 plauk\u0173. Paskirstykite nedidel\u012f kiek\u012f tarp pir\u0161t\u0173 ir pir\u0161t\u0173 galiuk\u0173 ir paskirstykite ant plauk\u0173. Formuokite plaukus taip, kaip norite.<\/p>\n<p>Atsargiai: Venkite patekimo \u012f akis. Patekus, nuplaukite \u0161variu \u0161iltu vandeniu. Naudokite tik taip, kaip nurodyta. Tik i\u0161oriniam naudojimui. Laikyti vaikams nepasiekiamoje vietoje. Laikyti v\u0117sioje vietoje.<br \/>\n&nbsp;<\/p>\n","protected":false},"excerpt":{"rendered":"<p>Vidutinio fiksavimo plauk\u0173 formavimo priemon\u0117 nat\u016braliam &nbsp;matiniam efektui sukurti. Naudojimas: Tepkite ant saus\u0173 arba \u0161iek tiek dr\u0117gn\u0173 plauk\u0173. Paskirstykite nedidel\u012f kiek\u012f tarp pir\u0161t\u0173 ir pir\u0161t\u0173 galiuk\u0173 ir paskirstykite ant plauk\u0173. Formuokite plaukus taip, kaip norite. Atsargiai: Venkite patekimo \u012f akis. Patekus, nuplaukite \u0161variu \u0161iltu vandeniu. Naudokite tik taip, kaip nurodyta. Tik i\u0161oriniam naudojimui. Laikyti vaikams [&#8230;]\n","protected":false},"featured_media":4150,"template":"","meta":[],"product_cat":[1688],"product_tag":[],"class_list":{"0":"post-38490","1":"product","2":"type-product","3":"status-publish","4":"has-post-thumbnail","6":"product_brand-statestrong_gb-lt","7":"product_cat-plauku-prieziura-vyrams-2","9":"first","10":"outofstock","11":"taxable","12":"shipping-taxable","13":"product-type-simple"},"_links":{"self":[{"href":"https:\/\/e.kosmolat.eu\/lt\/wp-json\/wp\/v2\/product\/38490","targetHints":{"allow":["GET"]}}],"collection":[{"href":"https:\/\/e.kosmolat.eu\/lt\/wp-json\/wp\/v2\/product"}],"about":[{"href":"https:\/\/e.kosmolat.eu\/lt\/wp-json\/wp\/v2\/types\/product"}],"wp:featuredmedia":[{"embeddable":true,"href":"https:\/\/e.kosmolat.eu\/lt\/wp-json\/wp\/v2\/media\/4150"}],"wp:attachment":[{"href":"https:\/\/e.kosmolat.eu\/lt\/wp-json\/wp\/v2\/media?parent=38490"}],"wp:term":[{"taxonomy":"product_cat","embeddable":true,"href":"https:\/\/e.kosmolat.eu\/lt\/wp-json\/wp\/v2\/product_cat?post=38490"},{"taxonomy":"product_tag","embeddable":true,"href":"https:\/\/e.kosmolat.eu\/lt\/wp-json\/wp\/v2\/product_tag?post=38490"}],"curies":[{"name":"wp","href":"https:\/\/api.w.org\/{rel}","templated":true}]}}