{"id":38486,"date":"2023-12-22T21:38:27","date_gmt":"2023-12-22T21:38:27","guid":{"rendered":"https:\/\/e.kosmolat.eu\/product\/sportstar-ice-blue-atvesinosa-dusas-zeleja-300-ml\/"},"modified":"2025-06-17T09:13:01","modified_gmt":"2025-06-17T09:13:01","slug":"i_sportstar-ice-blue-atvesinosa-dusas-zeleja-300-ml","status":"publish","type":"product","link":"https:\/\/e.kosmolat.eu\/lt\/produktas\/i_sportstar-ice-blue-atvesinosa-dusas-zeleja-300-ml\/","title":{"rendered":"I_SPORTSTAR Ice Blue V\u0117sinantis du\u0161o gelis, 300 ml"},"content":{"rendered":"<p>V\u0117sinantis du\u0161o gelis.<\/p>\n<p><strong>Naudojimas:<\/strong> nedidel\u012f kiek\u012f Sportstar du\u0161o gelio u\u017etepkite ant dr\u0117gnos odos, suputokite ir kruop\u0161\u010diai nuplaukite.<\/p>\n","protected":false},"excerpt":{"rendered":"<p>V\u0117sinantis du\u0161o gelis. Naudojimas: nedidel\u012f kiek\u012f Sportstar du\u0161o gelio u\u017etepkite ant dr\u0117gnos odos, suputokite ir kruop\u0161\u010diai nuplaukite.<\/p>\n","protected":false},"featured_media":15789,"template":"","meta":[],"product_cat":[1691],"product_tag":[],"class_list":{"0":"post-38486","1":"product","2":"type-product","3":"status-publish","4":"has-post-thumbnail","6":"product_brand-statestrong_gb-lt","7":"product_cat-duso-geliai","9":"first","10":"outofstock","11":"taxable","12":"shipping-taxable","13":"product-type-simple"},"_links":{"self":[{"href":"https:\/\/e.kosmolat.eu\/lt\/wp-json\/wp\/v2\/product\/38486","targetHints":{"allow":["GET"]}}],"collection":[{"href":"https:\/\/e.kosmolat.eu\/lt\/wp-json\/wp\/v2\/product"}],"about":[{"href":"https:\/\/e.kosmolat.eu\/lt\/wp-json\/wp\/v2\/types\/product"}],"wp:featuredmedia":[{"embeddable":true,"href":"https:\/\/e.kosmolat.eu\/lt\/wp-json\/wp\/v2\/media\/15789"}],"wp:attachment":[{"href":"https:\/\/e.kosmolat.eu\/lt\/wp-json\/wp\/v2\/media?parent=38486"}],"wp:term":[{"taxonomy":"product_cat","embeddable":true,"href":"https:\/\/e.kosmolat.eu\/lt\/wp-json\/wp\/v2\/product_cat?post=38486"},{"taxonomy":"product_tag","embeddable":true,"href":"https:\/\/e.kosmolat.eu\/lt\/wp-json\/wp\/v2\/product_tag?post=38486"}],"curies":[{"name":"wp","href":"https:\/\/api.w.org\/{rel}","templated":true}]}}