{"id":38478,"date":"2023-12-22T21:37:53","date_gmt":"2023-12-22T21:37:53","guid":{"rendered":"https:\/\/e.kosmolat.eu\/product\/sportstar-ultra-atsvaidzinosa-dusas-zeleja-300-ml\/"},"modified":"2025-06-17T09:11:13","modified_gmt":"2025-06-17T09:11:13","slug":"i_sportstar-ultra-atsvaidzinosa-dusas-zeleja-300-ml","status":"publish","type":"product","link":"https:\/\/e.kosmolat.eu\/lt\/produktas\/i_sportstar-ultra-atsvaidzinosa-dusas-zeleja-300-ml\/","title":{"rendered":"I_SPORTSTAR Ultra Gaivinantis du\u0161o gelis, 300 ml"},"content":{"rendered":"<p>Gaivinantis &nbsp;du\u0161o gelis.<\/p>\n<p><strong>Naudojimas:<\/strong> nedidel\u012f kiek\u012f Sportstar du\u0161o gelio u\u017etepkite ant dr\u0117gnos odos, suputokite ir kruop\u0161\u010diai nuplaukite.<\/p>\n","protected":false},"excerpt":{"rendered":"<p>Gaivinantis &nbsp;du\u0161o gelis. Naudojimas: nedidel\u012f kiek\u012f Sportstar du\u0161o gelio u\u017etepkite ant dr\u0117gnos odos, suputokite ir kruop\u0161\u010diai nuplaukite.<\/p>\n","protected":false},"featured_media":1436,"template":"","meta":[],"product_cat":[1691],"product_tag":[],"class_list":{"0":"post-38478","1":"product","2":"type-product","3":"status-publish","4":"has-post-thumbnail","6":"product_brand-statestrong_gb-lt","7":"product_cat-duso-geliai","9":"first","10":"outofstock","11":"taxable","12":"shipping-taxable","13":"product-type-simple"},"_links":{"self":[{"href":"https:\/\/e.kosmolat.eu\/lt\/wp-json\/wp\/v2\/product\/38478","targetHints":{"allow":["GET"]}}],"collection":[{"href":"https:\/\/e.kosmolat.eu\/lt\/wp-json\/wp\/v2\/product"}],"about":[{"href":"https:\/\/e.kosmolat.eu\/lt\/wp-json\/wp\/v2\/types\/product"}],"wp:featuredmedia":[{"embeddable":true,"href":"https:\/\/e.kosmolat.eu\/lt\/wp-json\/wp\/v2\/media\/1436"}],"wp:attachment":[{"href":"https:\/\/e.kosmolat.eu\/lt\/wp-json\/wp\/v2\/media?parent=38478"}],"wp:term":[{"taxonomy":"product_cat","embeddable":true,"href":"https:\/\/e.kosmolat.eu\/lt\/wp-json\/wp\/v2\/product_cat?post=38478"},{"taxonomy":"product_tag","embeddable":true,"href":"https:\/\/e.kosmolat.eu\/lt\/wp-json\/wp\/v2\/product_tag?post=38478"}],"curies":[{"name":"wp","href":"https:\/\/api.w.org\/{rel}","templated":true}]}}