{"id":38470,"date":"2023-12-22T21:37:07","date_gmt":"2023-12-22T21:37:07","guid":{"rendered":"https:\/\/e.kosmolat.eu\/product\/i_kingsley-house-skincare-aqueous-cream-krems-kermenim-500-ml\/"},"modified":"2025-07-07T05:50:42","modified_gmt":"2025-07-07T05:50:42","slug":"i_kingsley-house-skincare-aqueous-cream-krems-kermenim-500-ml","status":"publish","type":"product","link":"https:\/\/e.kosmolat.eu\/lt\/produktas\/i_kingsley-house-skincare-aqueous-cream-krems-kermenim-500-ml\/","title":{"rendered":"I_KINGSLEY HOUSE SKINCARE Aqueous Cream Kremas k\u016bnui, 500 ml"},"content":{"rendered":"<p>Kingsley house Aqueous Cream k\u016bno kremas gali b\u016bti naudojamas kaip mink\u0161tiklis odai sumink\u0161tinti, nuraminti ir dr\u0117kinti. Galima naudoti tiek suaugusiems, tiek vaikams.<\/p>\n<p>Naudojimas: da\u017enai tepkite ant odos ir gerai masa\u017euokite. Pakartokite &nbsp;tiek kart\u0173, kiek reikia. Kremas taip pat tinkamas naudoti kaip odos valiklis.<br \/>\nKaip naudoti kaip odos valikl\u012f:<br \/>\nTepkite ant sausos odos, \u012ftrinkite ir kruop\u0161\u010diai nuplaukite \u0161variu \u0161iltu vandeniu. &Scaron;io produkto sud\u0117tyje yra emulsinio tepalo.<br \/>\nD\u0117mesio: prie\u0161 naudodami krem\u0105 \u012fsitikinkite, kad nesate alergi\u0161kas n\u0117 vienam i\u0161 toliau i\u0161vardyt\u0173 komponent\u0173. Ma\u017eai tik\u0117tinos nepageidaujamos reakcijos atveju nedelsiant nutraukite vartojim\u0105. Laikyti vaikams nepasiekiamoje vietoje.<br \/>\nTik i\u0161oriniam naudojimui: nety\u010dia prarijus, nedelsiant kreiptis \u012f gydytoj\u0105. Laikyti v\u0117sioje, sausoje vietoje \u017eemesn\u0117je kaip 25&deg;C temperat\u016broje<br \/>\n&nbsp;<\/p>\n","protected":false},"excerpt":{"rendered":"<p>Kingsley house Aqueous Cream k\u016bno kremas gali b\u016bti naudojamas kaip mink\u0161tiklis odai sumink\u0161tinti, nuraminti ir dr\u0117kinti. Galima naudoti tiek suaugusiems, tiek vaikams. Naudojimas: da\u017enai tepkite ant odos ir gerai masa\u017euokite. Pakartokite &nbsp;tiek kart\u0173, kiek reikia. Kremas taip pat tinkamas naudoti kaip odos valiklis. Kaip naudoti kaip odos valikl\u012f: Tepkite ant sausos odos, \u012ftrinkite ir kruop\u0161\u010diai [&#8230;]\n","protected":false},"featured_media":1420,"template":"","meta":[],"product_cat":[2181],"product_tag":[],"class_list":{"0":"post-38470","1":"product","2":"type-product","3":"status-publish","4":"has-post-thumbnail","6":"product_brand-statestrong_gb-lt","7":"product_cat-bez-kategorijas-lt","9":"first","10":"outofstock","11":"taxable","12":"shipping-taxable","13":"product-type-simple"},"_links":{"self":[{"href":"https:\/\/e.kosmolat.eu\/lt\/wp-json\/wp\/v2\/product\/38470","targetHints":{"allow":["GET"]}}],"collection":[{"href":"https:\/\/e.kosmolat.eu\/lt\/wp-json\/wp\/v2\/product"}],"about":[{"href":"https:\/\/e.kosmolat.eu\/lt\/wp-json\/wp\/v2\/types\/product"}],"wp:featuredmedia":[{"embeddable":true,"href":"https:\/\/e.kosmolat.eu\/lt\/wp-json\/wp\/v2\/media\/1420"}],"wp:attachment":[{"href":"https:\/\/e.kosmolat.eu\/lt\/wp-json\/wp\/v2\/media?parent=38470"}],"wp:term":[{"taxonomy":"product_cat","embeddable":true,"href":"https:\/\/e.kosmolat.eu\/lt\/wp-json\/wp\/v2\/product_cat?post=38470"},{"taxonomy":"product_tag","embeddable":true,"href":"https:\/\/e.kosmolat.eu\/lt\/wp-json\/wp\/v2\/product_tag?post=38470"}],"curies":[{"name":"wp","href":"https:\/\/api.w.org\/{rel}","templated":true}]}}