{"id":38434,"date":"2023-12-22T21:33:11","date_gmt":"2023-12-22T21:33:11","guid":{"rendered":"https:\/\/e.kosmolat.eu\/product\/jc-ipas-mitrinoss-pedu-krems-100-ml\/"},"modified":"2026-04-17T13:39:26","modified_gmt":"2026-04-17T13:39:26","slug":"jc-ipas-mitrinoss-pedu-krems-100-ml","status":"publish","type":"product","link":"https:\/\/e.kosmolat.eu\/lt\/produktas\/jc-ipas-mitrinoss-pedu-krems-100-ml\/","title":{"rendered":"JEE COSMETICS Ekstra dr\u0117kinamasis koj\u0173 kremas, 100 ml"},"content":{"rendered":"<p>Su persik\u0173 kauliuk\u0173 aliejumi ir karbamidu &nbsp;10%. Pa&scaron;alina sausum\u0105 ir apsaugo nuo \u012ftr\u016bkim\u0173.<\/p>\n<p><strong>Naudojimas: <\/strong>kasdien tepti ant sausos, &scaron;varios odos.<\/p>\n<p><strong>Atsargumo priemon\u0117s:<\/strong> patekus \u012f akis, praplauti &scaron;iltu vandeniu.<\/p>\n<p>Laikyti nuo 0&deg;C iki +25&deg;C temperat\u016broje.<br \/>\n&nbsp;<\/p>\n<p>&nbsp;<\/p>\n","protected":false},"excerpt":{"rendered":"<p>Su persik\u0173 kauliuk\u0173 aliejumi ir karbamidu &nbsp;10%. Pa&scaron;alina sausum\u0105 ir apsaugo nuo \u012ftr\u016bkim\u0173. Naudojimas: kasdien tepti ant sausos, &scaron;varios odos. Atsargumo priemon\u0117s: patekus \u012f akis, praplauti &scaron;iltu vandeniu. Laikyti nuo 0&deg;C iki +25&deg;C temperat\u016broje. &nbsp; &nbsp;<\/p>\n","protected":false},"featured_media":98163,"template":"","meta":[],"product_cat":[1763],"product_tag":[],"class_list":{"0":"post-38434","1":"product","2":"type-product","3":"status-publish","4":"has-post-thumbnail","6":"product_brand-kombi_ua-lt","7":"product_cat-koju-prieziuros-kosmetika","9":"first","10":"instock","11":"taxable","12":"shipping-taxable","13":"product-type-simple"},"_links":{"self":[{"href":"https:\/\/e.kosmolat.eu\/lt\/wp-json\/wp\/v2\/product\/38434","targetHints":{"allow":["GET"]}}],"collection":[{"href":"https:\/\/e.kosmolat.eu\/lt\/wp-json\/wp\/v2\/product"}],"about":[{"href":"https:\/\/e.kosmolat.eu\/lt\/wp-json\/wp\/v2\/types\/product"}],"wp:featuredmedia":[{"embeddable":true,"href":"https:\/\/e.kosmolat.eu\/lt\/wp-json\/wp\/v2\/media\/98163"}],"wp:attachment":[{"href":"https:\/\/e.kosmolat.eu\/lt\/wp-json\/wp\/v2\/media?parent=38434"}],"wp:term":[{"taxonomy":"product_cat","embeddable":true,"href":"https:\/\/e.kosmolat.eu\/lt\/wp-json\/wp\/v2\/product_cat?post=38434"},{"taxonomy":"product_tag","embeddable":true,"href":"https:\/\/e.kosmolat.eu\/lt\/wp-json\/wp\/v2\/product_tag?post=38434"}],"curies":[{"name":"wp","href":"https:\/\/api.w.org\/{rel}","templated":true}]}}