{"id":38410,"date":"2023-12-22T21:31:21","date_gmt":"2023-12-22T21:31:21","guid":{"rendered":"https:\/\/e.kosmolat.eu\/product\/jc-mitrinoss-sejas-krems-75-ml\/"},"modified":"2024-12-19T14:12:48","modified_gmt":"2024-12-19T14:12:48","slug":"i_jc-mitrinoss-sejas-krems-75-ml","status":"publish","type":"product","link":"https:\/\/e.kosmolat.eu\/lt\/produktas\/i_jc-mitrinoss-sejas-krems-75-ml\/","title":{"rendered":"I_JEE KOSMETICS Dr\u0117kinamasis veido kremas, 75 ml"},"content":{"rendered":"<p>JEE KOSMETICS Dr\u0117kinamasis veido kremas<br \/>\nSu bij\u016bn\u0173 ekstraktu ir hialurono r\u016bg\u0161timi<br \/>\nVis\u0173 tip\u0173 odai<br \/>\nB5, E &ndash; vitamin\u0173 kompleksas.<br \/>\nNaudojimas: kasdien tepkite ant sausos, \u0161varios odos.<br \/>\n&nbsp;<\/p>\n","protected":false},"excerpt":{"rendered":"<p>JEE KOSMETICS Dr\u0117kinamasis veido kremas Su bij\u016bn\u0173 ekstraktu ir hialurono r\u016bg\u0161timi Vis\u0173 tip\u0173 odai B5, E &ndash; vitamin\u0173 kompleksas. Naudojimas: kasdien tepkite ant sausos, \u0161varios odos. &nbsp;<\/p>\n","protected":false},"featured_media":15669,"template":"","meta":[],"product_cat":[1322],"product_tag":[],"class_list":{"0":"post-38410","1":"product","2":"type-product","3":"status-publish","4":"has-post-thumbnail","6":"product_brand-kombi_ua-lt","7":"product_cat-veido-kremai","9":"first","10":"outofstock","11":"taxable","12":"shipping-taxable","13":"product-type-simple"},"_links":{"self":[{"href":"https:\/\/e.kosmolat.eu\/lt\/wp-json\/wp\/v2\/product\/38410","targetHints":{"allow":["GET"]}}],"collection":[{"href":"https:\/\/e.kosmolat.eu\/lt\/wp-json\/wp\/v2\/product"}],"about":[{"href":"https:\/\/e.kosmolat.eu\/lt\/wp-json\/wp\/v2\/types\/product"}],"wp:featuredmedia":[{"embeddable":true,"href":"https:\/\/e.kosmolat.eu\/lt\/wp-json\/wp\/v2\/media\/15669"}],"wp:attachment":[{"href":"https:\/\/e.kosmolat.eu\/lt\/wp-json\/wp\/v2\/media?parent=38410"}],"wp:term":[{"taxonomy":"product_cat","embeddable":true,"href":"https:\/\/e.kosmolat.eu\/lt\/wp-json\/wp\/v2\/product_cat?post=38410"},{"taxonomy":"product_tag","embeddable":true,"href":"https:\/\/e.kosmolat.eu\/lt\/wp-json\/wp\/v2\/product_tag?post=38410"}],"curies":[{"name":"wp","href":"https:\/\/api.w.org\/{rel}","templated":true}]}}