{"id":38394,"date":"2023-12-22T21:30:00","date_gmt":"2023-12-22T21:30:00","guid":{"rendered":"https:\/\/e.kosmolat.eu\/product\/i_jc-zobu-pasta-berniem-transports-50-ml\/"},"modified":"2026-04-18T06:22:44","modified_gmt":"2026-04-18T06:22:44","slug":"i_jc-zobu-pasta-berniem-transports-50-ml","status":"publish","type":"product","link":"https:\/\/e.kosmolat.eu\/lt\/produktas\/i_jc-zobu-pasta-berniem-transports-50-ml\/","title":{"rendered":"I_JEE COSMETICS Vaiki\u0161ka dant\u0173 pasta Transportas, 50 ml"},"content":{"rendered":"<p>Vaiki\u0161ka dant\u0173 pasta Transportas<br \/>\nNat\u016bralus pagrindas<br \/>\nBioaktyvus kalcis<br \/>\nAvie\u010di\u0173 skonio<br \/>\n&Scaron;velnus valymas<br \/>\nNaudojimas: kasdieniniam naudojimui 2-3 kartus per dien\u0105. Vaikai iki 7 met\u0173 tur\u0117t\u0173 valytis dantis pri\u017ei\u016brimi suaugusi\u0173j\u0173. Nenuryti. Sud\u0117tyje yra natrio monofluorofosfato. Fluoro mas\u0117s dalis 0,05 %<br \/>\nGaliojimo laikas: 36 m\u0117n. Laikyti t nuo 5 C iki 25 C.<br \/>\n&nbsp;<\/p>\n","protected":false},"excerpt":{"rendered":"<p>Vaiki\u0161ka dant\u0173 pasta Transportas Nat\u016bralus pagrindas Bioaktyvus kalcis Avie\u010di\u0173 skonio &Scaron;velnus valymas Naudojimas: kasdieniniam naudojimui 2-3 kartus per dien\u0105. Vaikai iki 7 met\u0173 tur\u0117t\u0173 valytis dantis pri\u017ei\u016brimi suaugusi\u0173j\u0173. Nenuryti. Sud\u0117tyje yra natrio monofluorofosfato. Fluoro mas\u0117s dalis 0,05 % Galiojimo laikas: 36 m\u0117n. Laikyti t nuo 5 C iki 25 C. &nbsp;<\/p>\n","protected":false},"featured_media":98159,"template":"","meta":[],"product_cat":[1337],"product_tag":[],"class_list":{"0":"post-38394","1":"product","2":"type-product","3":"status-publish","4":"has-post-thumbnail","6":"product_brand-kombi_ua-lt","7":"product_cat-burnos-higiena","9":"first","10":"instock","11":"taxable","12":"shipping-taxable","13":"product-type-simple"},"_links":{"self":[{"href":"https:\/\/e.kosmolat.eu\/lt\/wp-json\/wp\/v2\/product\/38394","targetHints":{"allow":["GET"]}}],"collection":[{"href":"https:\/\/e.kosmolat.eu\/lt\/wp-json\/wp\/v2\/product"}],"about":[{"href":"https:\/\/e.kosmolat.eu\/lt\/wp-json\/wp\/v2\/types\/product"}],"wp:featuredmedia":[{"embeddable":true,"href":"https:\/\/e.kosmolat.eu\/lt\/wp-json\/wp\/v2\/media\/98159"}],"wp:attachment":[{"href":"https:\/\/e.kosmolat.eu\/lt\/wp-json\/wp\/v2\/media?parent=38394"}],"wp:term":[{"taxonomy":"product_cat","embeddable":true,"href":"https:\/\/e.kosmolat.eu\/lt\/wp-json\/wp\/v2\/product_cat?post=38394"},{"taxonomy":"product_tag","embeddable":true,"href":"https:\/\/e.kosmolat.eu\/lt\/wp-json\/wp\/v2\/product_tag?post=38394"}],"curies":[{"name":"wp","href":"https:\/\/api.w.org\/{rel}","templated":true}]}}