{"id":38378,"date":"2023-12-22T21:28:38","date_gmt":"2023-12-22T21:28:38","guid":{"rendered":"https:\/\/e.kosmolat.eu\/product\/i_jc-profilakt-zobu-pasta-meza-taigas-zalu-novarijums-75-ml\/"},"modified":"2026-04-24T05:57:10","modified_gmt":"2026-04-24T05:57:10","slug":"jc-profilakt-zobu-pasta-meza-taigas-zalu-novarijums-75-ml","status":"publish","type":"product","link":"https:\/\/e.kosmolat.eu\/lt\/produktas\/jc-profilakt-zobu-pasta-meza-taigas-zalu-novarijums-75-ml\/","title":{"rendered":"JEE COSMETICS Profilaktin\u0117 dant\u0173 pasta Mi\u0161kas Taigos \u017eoleli\u0173 rinkinys, 75 ml"},"content":{"rendered":"<p>Nat\u016bralus sud\u0117ties pagrindas: egl\u0117s, jona\u017eol\u0117s, kedrai.<br \/>\nDanten\u0173 stiprinimas.<\/p>\n<p>Skirta suaugusiems.<br \/>\nKasdieniniam naudojimui, 2-3 kartus per dien\u0105. Negalima nuryti, i\u0161spjauti.<\/p>\n<p><strong>Atsargumo priemon\u0117s: <\/strong>Sud\u0117tyje yra natrio monofluorofosfato. Fluoro mas\u0117s dalis 0,125% (1250 ppm F-).<\/p>\n<p><strong>Tinkamumo laikas:<\/strong> 36 m\u0117n.<\/p>\n<p>Laikyti nuo +5&deg;C iki +25&deg;C temperat\u016broje.<br \/>\n&nbsp;<\/p>\n","protected":false},"excerpt":{"rendered":"<p>Nat\u016bralus sud\u0117ties pagrindas: egl\u0117s, jona\u017eol\u0117s, kedrai. Danten\u0173 stiprinimas. Skirta suaugusiems. Kasdieniniam naudojimui, 2-3 kartus per dien\u0105. Negalima nuryti, i\u0161spjauti. Atsargumo priemon\u0117s: Sud\u0117tyje yra natrio monofluorofosfato. Fluoro mas\u0117s dalis 0,125% (1250 ppm F-). Tinkamumo laikas: 36 m\u0117n. Laikyti nuo +5&deg;C iki +25&deg;C temperat\u016broje. &nbsp;<\/p>\n","protected":false},"featured_media":98195,"template":"","meta":[],"product_cat":[1308],"product_tag":[],"class_list":{"0":"post-38378","1":"product","2":"type-product","3":"status-publish","4":"has-post-thumbnail","6":"product_brand-kombi_ua-lt","7":"product_cat-dantu-pastos-ir-geliai","9":"first","10":"instock","11":"taxable","12":"shipping-taxable","13":"product-type-simple"},"_links":{"self":[{"href":"https:\/\/e.kosmolat.eu\/lt\/wp-json\/wp\/v2\/product\/38378","targetHints":{"allow":["GET"]}}],"collection":[{"href":"https:\/\/e.kosmolat.eu\/lt\/wp-json\/wp\/v2\/product"}],"about":[{"href":"https:\/\/e.kosmolat.eu\/lt\/wp-json\/wp\/v2\/types\/product"}],"wp:featuredmedia":[{"embeddable":true,"href":"https:\/\/e.kosmolat.eu\/lt\/wp-json\/wp\/v2\/media\/98195"}],"wp:attachment":[{"href":"https:\/\/e.kosmolat.eu\/lt\/wp-json\/wp\/v2\/media?parent=38378"}],"wp:term":[{"taxonomy":"product_cat","embeddable":true,"href":"https:\/\/e.kosmolat.eu\/lt\/wp-json\/wp\/v2\/product_cat?post=38378"},{"taxonomy":"product_tag","embeddable":true,"href":"https:\/\/e.kosmolat.eu\/lt\/wp-json\/wp\/v2\/product_tag?post=38378"}],"curies":[{"name":"wp","href":"https:\/\/api.w.org\/{rel}","templated":true}]}}