{"id":38322,"date":"2023-12-22T21:23:52","date_gmt":"2023-12-22T21:23:52","guid":{"rendered":"https:\/\/e.kosmolat.eu\/product\/i_jc-profilakt-zobu-pasta-meza-zalu-maisiums-nr-5-100-ml\/"},"modified":"2026-04-18T06:22:33","modified_gmt":"2026-04-18T06:22:33","slug":"jc-profilakt-zobu-pasta-meza-zalu-maisiums-nr-5-100-ml","status":"publish","type":"product","link":"https:\/\/e.kosmolat.eu\/lt\/produktas\/jc-profilakt-zobu-pasta-meza-zalu-maisiums-nr-5-100-ml\/","title":{"rendered":"Profilaktin\u0117 dant\u0173 pasta Mi\u0161kas \u017doleli\u0173 rinkinys \u01605, 100 ml"},"content":{"rendered":"<p>Kraujuojan\u010dioms ir u\u017edegimin\u0117ms dantenoms. Gerina med\u017eiag\u0173 apykaitos procesus periodonto audiniuose ir burnos gleivin\u0117je. Danten\u0173 vitamininis maitinimas (C, B1, B2, PP), apsauga nuo apna\u0161\u0173, gingivito, periodontito, stomatito, SARS profilaktika. Pu\u0161\u0173 aliejus &ndash; turi regeneruojan\u010di\u0173 ir prie\u0161u\u017edegimini\u0173 savybi\u0173. Gvazdik\u0117li\u0173 aliejus &ndash; turi antibakterin\u012f ir antivirusin\u012f poveik\u012f. Er\u0161k\u0117tuogi\u0173 aliejus &ndash; turi vitamino C, neleid\u017eia vystytis periodonto ligoms. Bra\u0161ki\u0173 ekstraktas &ndash; turi prie\u0161u\u017edegimin\u012f ir antiseptin\u012f poveik\u012f.<\/p>\n<p>Skirta suaugusiems.<br \/>\nKasdieniniam naudojimui, 2-3 kartus per dien\u0105. Negalima nuryti, i\u0161spjauti.<\/p>\n<p><strong>Atsargumo priemon\u0117s:<\/strong> Sud\u0117tyje yra natrio monofluorofosfato. Fluoro mas\u0117s dalis 0,120% (1200 ppm F-).<\/p>\n<p><strong>Tinkamumo laikas: <\/strong>36 m\u0117n.<\/p>\n<p>Laikyti nuo +5&deg;C iki +25&deg;C temperat\u016broje.<br \/>\n&nbsp;<\/p>\n","protected":false},"excerpt":{"rendered":"<p>Kraujuojan\u010dioms ir u\u017edegimin\u0117ms dantenoms. Gerina med\u017eiag\u0173 apykaitos procesus periodonto audiniuose ir burnos gleivin\u0117je. Danten\u0173 vitamininis maitinimas (C, B1, B2, PP), apsauga nuo apna\u0161\u0173, gingivito, periodontito, stomatito, SARS profilaktika. Pu\u0161\u0173 aliejus &ndash; turi regeneruojan\u010di\u0173 ir prie\u0161u\u017edegimini\u0173 savybi\u0173. Gvazdik\u0117li\u0173 aliejus &ndash; turi antibakterin\u012f ir antivirusin\u012f poveik\u012f. Er\u0161k\u0117tuogi\u0173 aliejus &ndash; turi vitamino C, neleid\u017eia vystytis periodonto ligoms. Bra\u0161ki\u0173 [&#8230;]\n","protected":false},"featured_media":98155,"template":"","meta":[],"product_cat":[1308],"product_tag":[],"class_list":{"0":"post-38322","1":"product","2":"type-product","3":"status-publish","4":"has-post-thumbnail","6":"product_brand-kombi_ua-lt","7":"product_cat-dantu-pastos-ir-geliai","9":"first","10":"instock","11":"taxable","12":"shipping-taxable","13":"product-type-simple"},"_links":{"self":[{"href":"https:\/\/e.kosmolat.eu\/lt\/wp-json\/wp\/v2\/product\/38322","targetHints":{"allow":["GET"]}}],"collection":[{"href":"https:\/\/e.kosmolat.eu\/lt\/wp-json\/wp\/v2\/product"}],"about":[{"href":"https:\/\/e.kosmolat.eu\/lt\/wp-json\/wp\/v2\/types\/product"}],"wp:featuredmedia":[{"embeddable":true,"href":"https:\/\/e.kosmolat.eu\/lt\/wp-json\/wp\/v2\/media\/98155"}],"wp:attachment":[{"href":"https:\/\/e.kosmolat.eu\/lt\/wp-json\/wp\/v2\/media?parent=38322"}],"wp:term":[{"taxonomy":"product_cat","embeddable":true,"href":"https:\/\/e.kosmolat.eu\/lt\/wp-json\/wp\/v2\/product_cat?post=38322"},{"taxonomy":"product_tag","embeddable":true,"href":"https:\/\/e.kosmolat.eu\/lt\/wp-json\/wp\/v2\/product_tag?post=38322"}],"curies":[{"name":"wp","href":"https:\/\/api.w.org\/{rel}","templated":true}]}}